{"id":996,"date":"2022-08-04T03:00:00","date_gmt":"2022-08-04T03:00:00","guid":{"rendered":"https:\/\/packdesites.com\/produto\/bem-estar-site-de-saude-e-medicina\/"},"modified":"2025-04-03T00:37:59","modified_gmt":"2025-04-03T00:37:59","slug":"sitio-web-de-bienestar-salud-y-medicina","status":"publish","type":"product","link":"https:\/\/packdesites.com\/es\/product\/sitio-web-de-bienestar-salud-y-medicina\/","title":{"rendered":"Bienestar \u2013 Sitio web de salud y medicina"},"content":{"rendered":"<p>El Kit de Plantillas de Bienestar contiene una colecci\u00f3n de m\u00e1s de 25 dise\u00f1os visuales compatibles con el creador de p\u00e1ginas Elementor. El kit presenta una paleta de colores azul y blanco con fotos frescas y luminosas. Cada plantilla predise\u00f1ada es totalmente personalizable en el editor. Puedes cambiar las fotos y la fuente para personalizarla. Esta plantilla de color claro es ideal para cualquier sitio web de salud, bienestar, yoga, meditaci\u00f3n, salud mental o belleza.<\/p>\n\n\n\n<ul class=\"wp-block-list\">\n<li>Dise\u00f1o de la p\u00e1gina de inicio<\/li>\n<li>Dise\u00f1o de encabezado<\/li>\n<li>Proyecto H\u00e9roe<\/li>\n<li>Compatible con el tema &#039;Estilo&#039;<\/li>\n<li>Acerca de la p\u00e1gina<\/li>\n<li>P\u00e1gina de contacto<\/li>\n<li>Cuadros de llamada a la acci\u00f3n<\/li>\n<li>Dise\u00f1os para maquetaci\u00f3n de texto<\/li>\n<li>Se utilizaron fuentes de Google<\/li>\n<li>Adem\u00e1s, mucho m\u00e1s<\/li>\n<\/ul>","protected":false},"excerpt":{"rendered":"<p>El Kit de Plantillas de Bienestar contiene una colecci\u00f3n de m\u00e1s de 25 dise\u00f1os visuales compatibles con el creador de p\u00e1ginas Elementor. El Kit presenta una paleta de colores azul y blanco con fotos frescas y luminosas. Cada plantilla predise\u00f1ada es totalmente personalizable en el editor. Puedes personalizar las fotos y la fuente a tu gusto.<\/p>","protected":false},"featured_media":997,"comment_status":"closed","ping_status":"open","template":"","meta":{"_jf_limit_responses":"","iawp_total_views":4},"product_brand":[],"product_cat":[29,23,24],"product_tag":[19],"class_list":{"0":"post-996","1":"product","2":"type-product","3":"status-publish","4":"has-post-thumbnail","6":"product_cat-saude-e-bem-estar","7":"product_cat-templates-elementor-e-envato","8":"product_cat-templates-envato","9":"product_tag-vitalicio","11":"first","12":"instock","13":"downloadable","14":"virtual","15":"purchasable","16":"product-type-simple"},"_links":{"self":[{"href":"https:\/\/packdesites.com\/es\/wp-json\/wp\/v2\/product\/996","targetHints":{"allow":["GET"]}}],"collection":[{"href":"https:\/\/packdesites.com\/es\/wp-json\/wp\/v2\/product"}],"about":[{"href":"https:\/\/packdesites.com\/es\/wp-json\/wp\/v2\/types\/product"}],"replies":[{"embeddable":true,"href":"https:\/\/packdesites.com\/es\/wp-json\/wp\/v2\/comments?post=996"}],"version-history":[{"count":0,"href":"https:\/\/packdesites.com\/es\/wp-json\/wp\/v2\/product\/996\/revisions"}],"wp:featuredmedia":[{"embeddable":true,"href":"https:\/\/packdesites.com\/es\/wp-json\/wp\/v2\/media\/997"}],"wp:attachment":[{"href":"https:\/\/packdesites.com\/es\/wp-json\/wp\/v2\/media?parent=996"}],"wp:term":[{"taxonomy":"product_brand","embeddable":true,"href":"https:\/\/packdesites.com\/es\/wp-json\/wp\/v2\/product_brand?post=996"},{"taxonomy":"product_cat","embeddable":true,"href":"https:\/\/packdesites.com\/es\/wp-json\/wp\/v2\/product_cat?post=996"},{"taxonomy":"product_tag","embeddable":true,"href":"https:\/\/packdesites.com\/es\/wp-json\/wp\/v2\/product_tag?post=996"}],"curies":[{"name":"wp","href":"https:\/\/api.w.org\/{rel}","templated":true}]}}