{"id":992,"date":"2022-07-30T03:00:00","date_gmt":"2022-07-30T03:00:00","guid":{"rendered":"https:\/\/packdesites.com\/produto\/disho-site-de-compras-e-comercio-eletronico\/"},"modified":"2025-04-03T00:37:56","modified_gmt":"2025-04-03T00:37:56","slug":"sitio-web-de-compras-y-comercio-electronico-de-disho","status":"publish","type":"product","link":"https:\/\/packdesites.com\/es\/product\/sitio-web-de-compras-y-comercio-electronico-de-disho\/","title":{"rendered":"Disho \u2013 Sitio web de compras y comercio electr\u00f3nico"},"content":{"rendered":"<p><strong>Disho<\/strong>&nbsp;Disho es una plantilla de WordPress colorida y moderna para supermercados, compatible con Elementor Builder. Es ideal para mercados de alimentos en l\u00ednea, tiendas de comestibles, tiendas de l\u00e1cteos o quesos, bodegas, productos ecol\u00f3gicos, nutrici\u00f3n deportiva y m\u00e1s. Adem\u00e1s, estas p\u00e1ginas son vers\u00e1tiles para cualquier sitio web de tienda. La plantilla Disho incluye 3 p\u00e1ginas geniales, 3 p\u00e1ginas de tienda, varias fichas de producto, un carrito de compras, una p\u00e1gina &quot;Acerca de&quot;, una p\u00e1gina de contacto y un blog. La plantilla incluye varios banners publicitarios brillantes y bloques de llamada a la acci\u00f3n para captar la atenci\u00f3n del cliente. Disho est\u00e1 dise\u00f1ada con estilo y ofrece una experiencia de compra completa y pr\u00e1ctica.<\/p>\n\n\n\n<p>Disho fue cuidadosamente dise\u00f1ado por un dise\u00f1ador experimentado con gran atenci\u00f3n al detalle, flexibilidad y rendimiento, espec\u00edficamente para desarrollar sitios web \u00fanicos basados en WordPress. Esta plantilla se cre\u00f3 con Elementor y Elementor Pro, es f\u00e1cilmente editable en Elementor y compatible con la mayor\u00eda de los temas. Importar algunos elementos y funciones requiere la actualizaci\u00f3n a Elementor Pro.<\/p>\n\n\n\n<p><strong>P\u00e1ginas y dise\u00f1os<\/strong><\/p>\n\n\n\n<ul class=\"wp-block-list\"><li>Casa 1<\/li><li>Casa 2<\/li><li>Casa 3<\/li><li>En<\/li><li>Tienda Disho 1<\/li><li>Tienda Disho 2<\/li><li>Tienda Disho 3<\/li><li>Producto \u00fanico<\/li><li>Blog de Disho<\/li><li>Publicaci\u00f3n \u00fanica de Disho<\/li><li>Error 404 Disho<\/li><li>Preguntas frecuentes<\/li><li>Cont\u00e1ctanos<\/li><li>Resultados de b\u00fasqueda de Disho<\/li><\/ul>\n\n\n\n<p><strong>Secciones<\/strong><\/p>\n\n\n\n<ul class=\"wp-block-list\"><li>Secci\u00f3n de banner de CTA grande<\/li><li>Archivo del blog de la secci\u00f3n 3 de Col<\/li><li>Secci\u00f3n de categor\u00eda Estilo de barra lateral 1<\/li><li>Categor\u00edas de secciones en la parte superior<\/li><li>Secci\u00f3n Categor\u00edas Estilo 2 Enlaces<\/li><li>Secci\u00f3n Contactos Estilo 1<\/li><li>Contactos de la secci\u00f3n Estilo 2<\/li><li>Banner de secci\u00f3n de CTA<\/li><li>Secci\u00f3n 1 de banners de CTA<\/li><li>Secci\u00f3n de estilo 2 de banners de CTA<\/li><li>Control deslizante de secci\u00f3n de CTA<\/li><li>Cajas de recursos de la secci\u00f3n<\/li><li>La secci\u00f3n muestra bloques de texto de columnas<\/li><li>Cuadros de iconos de funciones de secci\u00f3n<\/li><li>Cuadros de lanzamiento de secci\u00f3n con efecto de desplazamiento<\/li><li>Bloque de encabezado de secci\u00f3n con imagen destacada<\/li><li>Deslizadores de h\u00e9roe del encabezado de secci\u00f3n<\/li><li>Encabezado de secci\u00f3n de h\u00e9roe con animaci\u00f3n Lottie<\/li><li>Secci\u00f3n de columnas de Hero Sliders 2<\/li><li>Secci\u00f3n de galer\u00eda de Instagram sin espacio<\/li><li>Secci\u00f3n de galer\u00eda de Instagram con espacio<\/li><li>Secci\u00f3n 1 Elementos de estilo<\/li><li>Secci\u00f3n 2 Elementos de estilo<\/li><li>Elementos de la secci\u00f3n Estilo 3<\/li><li>Elementos de la secci\u00f3n Estilo 4<\/li><li>Carrusel de logotipos de secciones<\/li><li>T\u00edtulo de la p\u00e1gina de la secci\u00f3n con migas de pan<\/li><li>Secci\u00f3n de columnas de productos Im\u00e1genes con descripci\u00f3n<\/li><li>Banner de secci\u00f3n con descuentos<\/li><li>Productos de la secci\u00f3n de propuestas especiales<\/li><li>Secci\u00f3n Barra lateral Blog<\/li><li>Banner del formulario de registro de secci\u00f3n<\/li><li>Bloque de texto de secci\u00f3n con imagen de 2 columnas<\/li><li>T\u00edtulo de secci\u00f3n con cuenta regresiva<\/li><li>Secci\u00f3n 3 T\u00edtulos de columnas<\/li><li>T\u00edtulos de las secciones<\/li><li>Secci\u00f3n V\u00eddeo<\/li><li>Ventana emergente de contacto<\/li><li>Disho Cta<\/li><li>Pie de p\u00e1gina de Disho<\/li><li>Men\u00fa de Disho<\/li><li>Men\u00fa m\u00f3vil izquierdo<\/li><li>Insignia de precio<\/li><\/ul>\n\n\n\n<p><strong>Caracter\u00edsticas del modelo DIsho<\/strong><\/p>\n\n\n\n<ul class=\"wp-block-list\"><li>Estilos tem\u00e1ticos globales incluidos<\/li><li>57 plantillas de Elementor<\/li><li>Dise\u00f1o de p\u00edxeles perfectos<\/li><li>Fluido Responsive 100%<\/li><li>Estilo limpio y sencillo<\/li><li>F\u00e1cil de usar y personalizar.<\/li><li>Todos los navegadores principales compatibles: Chrome, Firefox, Safari, Edge, Opera<\/li><li>Fuentes de Google gratuitas usadas<\/li><li>Iconos proporcionados por Font Awesome 5 Pro<\/li><li>Probado en el simulador de daltonismo<\/li><li>100% Optimizado para SEO<\/li><li>Perfecto para Elementor Pro<\/li><\/ul>","protected":false},"excerpt":{"rendered":"<p>Disho&nbsp;\u00e9 um modelo colorido e moderno do WordPress da Mercearia Para Elementor Builder. \u00c9 perfeitamente adequado para mercados de alimentos on-line, mercearias, latic\u00ednios ou queijos, vin\u00edcolas, produtos ecol\u00f3gicos, nutri\u00e7\u00e3o esportiva, etc. Al\u00e9m disso, essas p\u00e1ginas s\u00e3o universais para qualquer modelo de site de loja. O modelo Disho inclui 3 P\u00e1ginas Incr\u00edveis, 3 P\u00e1ginas de Loja, [&hellip;]<\/p>","protected":false},"featured_media":993,"comment_status":"closed","ping_status":"open","template":"","meta":{"_jf_limit_responses":"","iawp_total_views":11},"product_brand":[],"product_cat":[26,23,24],"product_tag":[19],"class_list":{"0":"post-992","1":"product","2":"type-product","3":"status-publish","4":"has-post-thumbnail","6":"product_cat-lojas-virtuais","7":"product_cat-templates-elementor-e-envato","8":"product_cat-templates-envato","9":"product_tag-vitalicio","11":"first","12":"instock","13":"downloadable","14":"virtual","15":"purchasable","16":"product-type-simple"},"_links":{"self":[{"href":"https:\/\/packdesites.com\/es\/wp-json\/wp\/v2\/product\/992","targetHints":{"allow":["GET"]}}],"collection":[{"href":"https:\/\/packdesites.com\/es\/wp-json\/wp\/v2\/product"}],"about":[{"href":"https:\/\/packdesites.com\/es\/wp-json\/wp\/v2\/types\/product"}],"replies":[{"embeddable":true,"href":"https:\/\/packdesites.com\/es\/wp-json\/wp\/v2\/comments?post=992"}],"version-history":[{"count":0,"href":"https:\/\/packdesites.com\/es\/wp-json\/wp\/v2\/product\/992\/revisions"}],"wp:featuredmedia":[{"embeddable":true,"href":"https:\/\/packdesites.com\/es\/wp-json\/wp\/v2\/media\/993"}],"wp:attachment":[{"href":"https:\/\/packdesites.com\/es\/wp-json\/wp\/v2\/media?parent=992"}],"wp:term":[{"taxonomy":"product_brand","embeddable":true,"href":"https:\/\/packdesites.com\/es\/wp-json\/wp\/v2\/product_brand?post=992"},{"taxonomy":"product_cat","embeddable":true,"href":"https:\/\/packdesites.com\/es\/wp-json\/wp\/v2\/product_cat?post=992"},{"taxonomy":"product_tag","embeddable":true,"href":"https:\/\/packdesites.com\/es\/wp-json\/wp\/v2\/product_tag?post=992"}],"curies":[{"name":"wp","href":"https:\/\/api.w.org\/{rel}","templated":true}]}}