{"id":99,"date":"2024-05-30T20:55:57","date_gmt":"2024-05-30T20:55:57","guid":{"rendered":"https:\/\/packdesites.com\/produto\/betheme-atualizado-tema-de-diversos-nichos-de-sites-e-lojas\/"},"modified":"2026-02-15T16:21:27","modified_gmt":"2026-02-15T19:21:27","slug":"tema-actualizado-de-betheme-para-varios-sitios-web-y-tiendas-especializadas","status":"publish","type":"product","link":"https:\/\/packdesites.com\/es\/product\/tema-actualizado-de-betheme-para-varios-sitios-web-y-tiendas-especializadas\/","title":{"rendered":"Betheme v28.2.2 \u2013 Tema para diversos nichos de sitios web y tiendas"},"content":{"rendered":"<p><strong>Nota: Despu\u00e9s de importar la demostraci\u00f3n, es posible que deba cambiar la p\u00e1gina de inicio activa a trav\u00e9s del Personalizador de temas<\/strong><\/p>\n\n\n\n<h4 class=\"wp-block-heading\">El tema multiprop\u00f3sito de WordPress que te ayuda a crear CUALQUIER tipo de sitio web en solo unas horas<\/h4>\n\n\n\n<h5 class=\"wp-block-heading\"><strong>Ya basta de<\/strong>&nbsp;busca inspiraci\u00f3n o empieza desde cero<\/h5>\n\n\n\n<h5 class=\"wp-block-heading\">Elija entre m\u00e1s de <strong>600<\/strong>&nbsp;sitios web predise\u00f1ados para&nbsp;<strong>m\u00e1s<\/strong>&nbsp;de&nbsp;<strong>30<\/strong>&nbsp;sectores<\/h5>\n\n\n\n<p>Como Betheme era solo una idea, sab\u00edamos que ser\u00eda...&nbsp;<strong>diferente de todos los dem\u00e1s<\/strong>&nbsp;Temas multiprop\u00f3sito de WordPress que hab\u00edamos probado antes.<\/p>\n\n\n\n<p>Quer\u00edamos construir un tema que pudiera&nbsp;<strong>Se adapta f\u00e1cilmente a cualquier proyecto en el que<\/strong>&nbsp;Necesitas trabajar sin escribir ning\u00fan c\u00f3digo. Un tema dise\u00f1ado desde cero para ahorrarte tiempo y ayudarte a disfrutar de tu libertad.<\/p>\n\n\n\n<h4 class=\"wp-block-heading\">Modificar y adaptar sitios web o construir desde cero<\/h4>\n\n\n\n<h4 class=\"wp-block-heading\">Cree dise\u00f1os complejos r\u00e1pidamente con Muffin Builder<\/h4>\n\n\n\n<p>Muffin Builder te permite crear cualquier dise\u00f1o de p\u00e1gina usando Secciones y contenedores llamados Wraps. Puede elegir entre m\u00e1s de 200 c\u00f3digos cortos y m\u00faltiples opciones de estilo. Cree contenido m\u00e1s avanzado y atractivo para su sitio web.<\/p>\n\n\n\n<h4 class=\"wp-block-heading\">Personaliza tu sitio web como quieras usando las Opciones de tema<\/h4>\n\n\n\n<p>Utilice las Opciones de tema para definir globalmente la apariencia de las p\u00e1ginas Blog, Portafolio y Tienda en su sitio. M\u00e1s de 600 configuraciones integradas le permiten modificar colores, fuentes, tama\u00f1o de la cuadr\u00edcula, dise\u00f1os y extras como SEO, redes sociales, barras laterales, traducciones y pie de p\u00e1gina.<\/p>\n\n\n\n<h4 class=\"wp-block-heading\">Cree encabezados utilizando dise\u00f1os predise\u00f1ados o el generador de encabezados<\/h4>\n\n\n\n<p>Elija entre 16 dise\u00f1os de encabezado predise\u00f1ados o utilice el complemento Header Builder para crear cualquier encabezado que desee. Puedes crear diferentes men\u00fas para cada p\u00e1gina. Tambi\u00e9n puede seleccionar un men\u00fa personalizado solo para dispositivos m\u00f3viles.<\/p>\n\n\n\n<h4 class=\"wp-block-heading\">Descubre las funciones favoritas de nuestros usuarios<\/h4>\n\n\n\n<p><strong>Rendimiento alto<\/strong><\/p>\n\n\n\n<h4 class=\"wp-block-heading\">Instalaci\u00f3n de sitio web con un solo clic<\/h4>\n\n\n\n<p>Elija entre m\u00e1s de 600 sitios web predise\u00f1ados e importe cualquiera con solo un clic. Crea sitios web en segundos, m\u00e1s r\u00e1pido que nunca.<\/p>\n\n\n\n<h4 class=\"wp-block-heading\">Panel de administraci\u00f3n sin c\u00f3digo<\/h4>\n\n\n\n<p>El panel Opciones de Muffin permite a los usuarios personalizar el tema de una manera f\u00e1cil y sencilla. No es necesario codificar nada gracias a todas las fant\u00e1sticas opciones que se incluyen en el tema.<\/p>\n\n\n\n<h4 class=\"wp-block-heading\">Totalmente personalizable<\/h4>\n\n\n\n<p>Cada sitio web creado con Betheme tendr\u00e1 un aspecto diferente. Lo que necesitas para crear sitios web incre\u00edbles sin ning\u00fan conocimiento de codificaci\u00f3n es Muffin Builder combinado con el panel de opciones.<\/p>\n\n\n\n<h4 class=\"wp-block-heading\">M\u00e1s de 200 c\u00f3digos de acceso<\/h4>\n\n\n\n<p>El generador de c\u00f3digos cortos es lo que necesitas. Los c\u00f3digos cortos te permiten crear p\u00e1ginas de forma r\u00e1pida y sencilla. Cualquier elemento que veas en la demostraci\u00f3n se puede insertar en cualquier lugar de la p\u00e1gina.<\/p>\n\n\n\n<h4 class=\"wp-block-heading\">Optimizaci\u00f3n de la velocidad<\/h4>\n\n\n\n<p>El tema est\u00e1 completamente optimizado. La atenci\u00f3n al detalle, el c\u00f3digo bien escrito y las im\u00e1genes optimizadas nos ayudaron a crear un tema r\u00e1pidamente. A tus visitantes les encantar\u00e1 lo r\u00e1pido que es tu sitio web.<\/p>\n\n\n\n<h4 class=\"wp-block-heading\">Tema infantil<\/h4>\n\n\n\n<p>Los archivos de temas secundarios est\u00e1n incluidos en el paquete, por lo que no es necesario crearlos. Todo lo que necesitas hacer para obtener el tema secundario es instalarlo de la misma manera que el tema principal.<\/p>\n\n\n\n<h3 class=\"wp-block-heading\">Hermoso dise\u00f1o<\/h3>\n\n\n\n<h4 class=\"wp-block-heading\">Efecto de paralaje y fondo de v\u00eddeo<\/h4>\n\n\n\n<p>Crea p\u00e1ginas impresionantes con el suave efecto de paralaje que todos adoran. Podr\u00e1s subir v\u00eddeos, colocar texto, im\u00e1genes, botones u otros elementos gr\u00e1ficos y disfrutar de las secciones de fant\u00e1stico aspecto.<\/p>\n\n\n\n<h4 class=\"wp-block-heading\">Colores ilimitados<\/h4>\n\n\n\n<p>Con los selectores de color incorporados, puede cambiar r\u00e1pidamente el color de casi cualquier elemento en su demostraci\u00f3n. Establezca sus propios colores o utilice una de las m\u00e1scaras de colores preestablecidas.<\/p>\n\n\n\n<h4 class=\"wp-block-heading\">Tipograf\u00eda<\/h4>\n\n\n\n<p>Utilice Google o cargue fuentes personalizadas, configure tama\u00f1os, estilos, pesos y m\u00e1s. Be te ofrece control total sobre las fuentes.<\/p>\n\n\n\n<h4 class=\"wp-block-heading\">Responsivo y listo para retina<\/h4>\n\n\n\n<p>Betheme es totalmente responsivo y est\u00e1 preparado para pantallas retina. A sus clientes les encantar\u00e1 c\u00f3mo se ve su sitio en tabletas y dispositivos m\u00f3viles.<\/p>\n\n\n\n<h3 class=\"wp-block-heading\">Dise\u00f1o sencillo<\/h3>\n\n\n\n<h4 class=\"wp-block-heading\">Editable en Elementor<\/h4>\n\n\n\n<p>Betheme es totalmente compatible con Elementor con m\u00e1s de 30 elementos \u00fanicos y sitios web dedicados predise\u00f1ados.<\/p>\n\n\n\n<h4 class=\"wp-block-heading\">Una p\u00e1gina<\/h4>\n\n\n\n<p>Betheme te permite crear hermosos sitios web de una sola p\u00e1gina. Es una excelente oportunidad para quienes necesitan sitios web sencillos con un efecto de desplazamiento suave.<\/p>\n\n\n\n<h4 class=\"wp-block-heading\">Mega men\u00fa integrado<\/h4>\n\n\n\n<p>Nuestro mega men\u00fa integrado es la elecci\u00f3n perfecta para men\u00fas grandes. Puede configurar columnas y filas, usar \u00edconos y cargar im\u00e1genes de fondo f\u00e1cilmente.<\/p>\n\n\n\n<h4 class=\"wp-block-heading\">Configurador de dise\u00f1o<\/h4>\n\n\n\n<p>Cree dise\u00f1os personalizados y as\u00edgnelos f\u00e1cilmente a diferentes p\u00e1ginas. Los dise\u00f1os ilimitados le brindan la posibilidad de crear una cantidad ilimitada de p\u00e1ginas con diferentes apariencias en el mismo sitio web.<\/p>\n\n\n\n<h4 class=\"wp-block-heading\">Dise\u00f1o ancho o en caja<\/h4>\n\n\n\n<p>Elija entre dise\u00f1o en caja y ancho. Esto se puede configurar globalmente para todas las p\u00e1ginas o para p\u00e1ginas y publicaciones individuales.<\/p>\n\n\n\n<h4 class=\"wp-block-heading\">Barras laterales y widgets<\/h4>\n\n\n\n<p>Utilice barras laterales simples, dobles o ninguna en cualquier publicaci\u00f3n o p\u00e1gina. Controla el ancho, la posici\u00f3n y m\u00e1s de la barra lateral. Tambi\u00e9n puedes colocar widgets especialmente dise\u00f1ados dentro de la barra lateral, en las columnas de pie de p\u00e1gina o incluso en el contenido.<\/p>\n\n\n\n<h3 class=\"wp-block-heading\">Traducci\u00f3n y multiling\u00fce<\/h3>\n\n\n\n<h4 class=\"wp-block-heading\">Traductor integrado y preparado para varios idiomas<\/h4>\n\n\n\n<p>El traductor incorporado le permite traducir f\u00e1cilmente el sitio web a otros idiomas. Si prefiere un sitio web multiling\u00fce, puede utilizar el complemento WPML, compatible con Betheme.<\/p>\n\n\n\n<h4 class=\"wp-block-heading\">Compatibilidad con RTL<\/h4>\n\n\n\n<p>Este tema es totalmente compatible con RTL (derecha a izquierda). Ya no necesitas preocuparte por ello porque funciona autom\u00e1ticamente.<\/p>\n\n\n\n<h3 class=\"wp-block-heading\">Actualizaciones y compatibilidad<\/h3>\n\n\n\n<h4 class=\"wp-block-heading\">Actualizaciones de por vida<\/h4>\n\n\n\n<p>Betheme est\u00e1 siempre actualizado. Escuchamos continuamente a nuestros clientes y agregamos nuevas funciones cada semana. Cuidamos su negocio de la misma manera que usted lo hace.<\/p>\n\n\n\n<h4 class=\"wp-block-heading\">Listo para SEO<\/h4>\n\n\n\n<p>Este tema est\u00e1 dise\u00f1ado siguiendo las mejores pr\u00e1cticas de SEO para ayudar a que su sitio web tenga una clasificaci\u00f3n m\u00e1s alta. La compatibilidad con complementos como Yoast o All in One SEO est\u00e1 totalmente garantizada.<\/p>","protected":false},"excerpt":{"rendered":"<p>Nota: Ap\u00f3s a importa\u00e7\u00e3o da demonstra\u00e7\u00e3o, talvez seja necess\u00e1rio alterar a HomePage ativa por meio do Theme Customizer O tema&nbsp;WordPress multiuso&nbsp;que ajuda voc\u00ea a construir QUALQUER tipo de site em poucas horas Chega de&nbsp;procurar inspira\u00e7\u00e3o ou come\u00e7ar do zero Escolha entre mais de 600&nbsp;sites pr\u00e9-constru\u00eddos para&nbsp;mais&nbsp;de&nbsp;30&nbsp;setores Desde que Betheme era apenas uma ideia, sab\u00edamos que [&hellip;]<\/p>","protected":false},"featured_media":100,"comment_status":"closed","ping_status":"open","template":"","meta":{"_jf_limit_responses":"","iawp_total_views":349},"product_brand":[],"product_cat":[22],"product_tag":[19],"class_list":{"0":"post-99","1":"product","2":"type-product","3":"status-publish","4":"has-post-thumbnail","6":"product_cat-temas-wordpress","7":"product_tag-vitalicio","9":"first","10":"instock","11":"downloadable","12":"virtual","13":"purchasable","14":"product-type-simple"},"_links":{"self":[{"href":"https:\/\/packdesites.com\/es\/wp-json\/wp\/v2\/product\/99","targetHints":{"allow":["GET"]}}],"collection":[{"href":"https:\/\/packdesites.com\/es\/wp-json\/wp\/v2\/product"}],"about":[{"href":"https:\/\/packdesites.com\/es\/wp-json\/wp\/v2\/types\/product"}],"replies":[{"embeddable":true,"href":"https:\/\/packdesites.com\/es\/wp-json\/wp\/v2\/comments?post=99"}],"version-history":[{"count":7,"href":"https:\/\/packdesites.com\/es\/wp-json\/wp\/v2\/product\/99\/revisions"}],"predecessor-version":[{"id":24651,"href":"https:\/\/packdesites.com\/es\/wp-json\/wp\/v2\/product\/99\/revisions\/24651"}],"wp:featuredmedia":[{"embeddable":true,"href":"https:\/\/packdesites.com\/es\/wp-json\/wp\/v2\/media\/100"}],"wp:attachment":[{"href":"https:\/\/packdesites.com\/es\/wp-json\/wp\/v2\/media?parent=99"}],"wp:term":[{"taxonomy":"product_brand","embeddable":true,"href":"https:\/\/packdesites.com\/es\/wp-json\/wp\/v2\/product_brand?post=99"},{"taxonomy":"product_cat","embeddable":true,"href":"https:\/\/packdesites.com\/es\/wp-json\/wp\/v2\/product_cat?post=99"},{"taxonomy":"product_tag","embeddable":true,"href":"https:\/\/packdesites.com\/es\/wp-json\/wp\/v2\/product_tag?post=99"}],"curies":[{"name":"wp","href":"https:\/\/api.w.org\/{rel}","templated":true}]}}