{"id":984,"date":"2022-07-30T03:00:00","date_gmt":"2022-07-30T03:00:00","guid":{"rendered":"https:\/\/packdesites.com\/produto\/bookchimp-site-de-compras-e-comercio-eletronico\/"},"modified":"2025-04-03T00:37:34","modified_gmt":"2025-04-03T00:37:34","slug":"sitio-web-de-compras-y-comercio-electronico-bookchimp","status":"publish","type":"product","link":"https:\/\/packdesites.com\/es\/product\/sitio-web-de-compras-y-comercio-electronico-bookchimp\/","title":{"rendered":"BookChimp \u2013 Tienda de libros y libros electr\u00f3nicos"},"content":{"rendered":"<p>BookChimp es un kit de plantillas para sitios web de Elementor, dise\u00f1ado y desarrollado espec\u00edficamente para ayudarte a crear una librer\u00eda online f\u00e1cilmente con Elementor y WooCommerce. Si eres autor de libros, tambi\u00e9n puedes usar esta plantilla para venderlos online.<\/p>\n\n\n\n<p>Al comprar BookChimp, recibir\u00e1s 23 plantillas predise\u00f1adas de p\u00e1ginas y secciones. El kit de plantillas de BookChimp para Elementor est\u00e1 optimizado para su uso con el tema gratuito Hello Elementor, pero es compatible con la mayor\u00eda de los temas compatibles con Elementor.<\/p>\n\n\n\n<p>Todas las p\u00e1ginas y secciones del kit de plantillas BookChimp Elementor cuentan con un dise\u00f1o profesional. Nos encantan los dise\u00f1os de la plantilla para librer\u00eda online BookChimp, y seguro que a ustedes tambi\u00e9n.<\/p>\n\n\n\n<p>Lista de modelos ##<\/p>\n\n\n\n<ol class=\"wp-block-list\"><li>Estilos de kit globales<\/li><li>Encabezado global<\/li><li>Pie de p\u00e1gina global<\/li><li>P\u00e1gina de inicio<\/li><li>Quienes somos<\/li><li>Precios<\/li><li>Equipo<\/li><li>Seguimiento de pedidos<\/li><li>Servicios<\/li><li>PREGUNTAS FRECUENTES<\/li><li>Testimonios<\/li><li>Blog<\/li><li>Publicaci\u00f3n de archivo<\/li><li>Publicaci\u00f3n \u00fanica<\/li><li>Contacto<\/li><li>Almacenar<\/li><li>Archivo de productos<\/li><li>Producto \u00fanico<\/li><li>P\u00e1gina del carrito<\/li><li>P\u00e1gina de pago<\/li><li>Dentro de poco<\/li><li>P\u00e1gina 404<\/li><li>Banner emergente<\/li><\/ol>","protected":false},"excerpt":{"rendered":"<p>BookChimp \u00e9 um kit de modelo de site elementor projetado e desenvolvido especificamente para ajud\u00e1-lo a criar uma livraria online com facilidade de mente usando Elementor e WooCommerce. Se voc\u00ea \u00e9 um autor de livros, voc\u00ea tamb\u00e9m pode usar este modelo para ajud\u00e1-lo a vender seus livros online. Ao comprar BookChimp, voc\u00ea receber\u00e1 23 modelos [&hellip;]<\/p>","protected":false},"featured_media":985,"comment_status":"closed","ping_status":"open","template":"","meta":{"_jf_limit_responses":"","iawp_total_views":45},"product_brand":[],"product_cat":[26,23,24],"product_tag":[19],"class_list":{"0":"post-984","1":"product","2":"type-product","3":"status-publish","4":"has-post-thumbnail","6":"product_cat-lojas-virtuais","7":"product_cat-templates-elementor-e-envato","8":"product_cat-templates-envato","9":"product_tag-vitalicio","11":"first","12":"instock","13":"downloadable","14":"virtual","15":"purchasable","16":"product-type-simple"},"_links":{"self":[{"href":"https:\/\/packdesites.com\/es\/wp-json\/wp\/v2\/product\/984","targetHints":{"allow":["GET"]}}],"collection":[{"href":"https:\/\/packdesites.com\/es\/wp-json\/wp\/v2\/product"}],"about":[{"href":"https:\/\/packdesites.com\/es\/wp-json\/wp\/v2\/types\/product"}],"replies":[{"embeddable":true,"href":"https:\/\/packdesites.com\/es\/wp-json\/wp\/v2\/comments?post=984"}],"version-history":[{"count":0,"href":"https:\/\/packdesites.com\/es\/wp-json\/wp\/v2\/product\/984\/revisions"}],"wp:featuredmedia":[{"embeddable":true,"href":"https:\/\/packdesites.com\/es\/wp-json\/wp\/v2\/media\/985"}],"wp:attachment":[{"href":"https:\/\/packdesites.com\/es\/wp-json\/wp\/v2\/media?parent=984"}],"wp:term":[{"taxonomy":"product_brand","embeddable":true,"href":"https:\/\/packdesites.com\/es\/wp-json\/wp\/v2\/product_brand?post=984"},{"taxonomy":"product_cat","embeddable":true,"href":"https:\/\/packdesites.com\/es\/wp-json\/wp\/v2\/product_cat?post=984"},{"taxonomy":"product_tag","embeddable":true,"href":"https:\/\/packdesites.com\/es\/wp-json\/wp\/v2\/product_tag?post=984"}],"curies":[{"name":"wp","href":"https:\/\/api.w.org\/{rel}","templated":true}]}}