{"id":966,"date":"2022-07-30T03:00:00","date_gmt":"2022-07-30T03:00:00","guid":{"rendered":"https:\/\/packdesites.com\/produto\/sheipa-site-de-moda-e-beleza\/"},"modified":"2025-04-03T00:37:14","modified_gmt":"2025-04-03T00:37:14","slug":"sitio-web-de-moda-y-belleza-sheipa","status":"publish","type":"product","link":"https:\/\/packdesites.com\/es\/product\/sitio-web-de-moda-y-belleza-sheipa\/","title":{"rendered":"Sheipa \u2013 Sitio web de spa, masajes y bienestar"},"content":{"rendered":"<p>Sheipa es un kit de plantillas de Elementor dise\u00f1ado para spas, centros de belleza, bienestar y negocios. La plantilla es totalmente responsiva y compatible con dispositivos m\u00f3viles. Con 12 plantillas de p\u00e1gina y secci\u00f3n disponibles, tendr\u00e1s tu nuevo sitio web listo en un abrir y cerrar de ojos.<\/p>\n\n\n\n<p><strong>Plantillas de p\u00e1gina:<\/strong><\/p>\n\n\n\n<ul class=\"wp-block-list\">\n<li>P\u00e1gina de inicio 1<\/li>\n<li>P\u00e1gina de inicio 2<\/li>\n<li>P\u00e1gina de inicio 3<\/li>\n<li>Sobre nosotros<\/li>\n<li>Un solo equipo<\/li>\n<li>Servicios<\/li>\n<li>Servicio \u00fanico<\/li>\n<li>Galer\u00eda<\/li>\n<li>Nuestro equipo<\/li>\n<li>Preguntas frecuentes<\/li>\n<li>Precios<\/li>\n<li>Cont\u00e1ctenos<\/li>\n<li>Encabezamiento<\/li>\n<li>Z\u00f3calo<\/li>\n<\/ul>","protected":false},"excerpt":{"rendered":"<p>Sheipa \u00e9 um Elementor Template Kits constru\u00eddo para Spa, beleza, bem-estar e neg\u00f3cios. O modelo \u00e9 totalmente responsivo e compat\u00edvel com dispositivos m\u00f3veis. Com 12 modelos de p\u00e1gina e se\u00e7\u00e3o dispon\u00edveis, voc\u00ea ter\u00e1 seu novo site pronto em pouco tempo. Modelos de p\u00e1gina: P\u00e1gina inicial 1 P\u00e1gina inicial 2 P\u00e1gina inicial 3 Sobre n\u00f3s Equipe [&hellip;]<\/p>","protected":false},"featured_media":967,"comment_status":"closed","ping_status":"open","template":"","meta":{"_jf_limit_responses":"","iawp_total_views":7},"product_brand":[],"product_cat":[27,23,24],"product_tag":[19],"class_list":{"0":"post-966","1":"product","2":"type-product","3":"status-publish","4":"has-post-thumbnail","6":"product_cat-prestadores-de-servicos","7":"product_cat-templates-elementor-e-envato","8":"product_cat-templates-envato","9":"product_tag-vitalicio","11":"first","12":"instock","13":"downloadable","14":"virtual","15":"purchasable","16":"product-type-simple"},"_links":{"self":[{"href":"https:\/\/packdesites.com\/es\/wp-json\/wp\/v2\/product\/966","targetHints":{"allow":["GET"]}}],"collection":[{"href":"https:\/\/packdesites.com\/es\/wp-json\/wp\/v2\/product"}],"about":[{"href":"https:\/\/packdesites.com\/es\/wp-json\/wp\/v2\/types\/product"}],"replies":[{"embeddable":true,"href":"https:\/\/packdesites.com\/es\/wp-json\/wp\/v2\/comments?post=966"}],"version-history":[{"count":0,"href":"https:\/\/packdesites.com\/es\/wp-json\/wp\/v2\/product\/966\/revisions"}],"wp:featuredmedia":[{"embeddable":true,"href":"https:\/\/packdesites.com\/es\/wp-json\/wp\/v2\/media\/967"}],"wp:attachment":[{"href":"https:\/\/packdesites.com\/es\/wp-json\/wp\/v2\/media?parent=966"}],"wp:term":[{"taxonomy":"product_brand","embeddable":true,"href":"https:\/\/packdesites.com\/es\/wp-json\/wp\/v2\/product_brand?post=966"},{"taxonomy":"product_cat","embeddable":true,"href":"https:\/\/packdesites.com\/es\/wp-json\/wp\/v2\/product_cat?post=966"},{"taxonomy":"product_tag","embeddable":true,"href":"https:\/\/packdesites.com\/es\/wp-json\/wp\/v2\/product_tag?post=966"}],"curies":[{"name":"wp","href":"https:\/\/api.w.org\/{rel}","templated":true}]}}