{"id":962,"date":"2022-07-28T03:00:00","date_gmt":"2022-07-28T03:00:00","guid":{"rendered":"https:\/\/packdesites.com\/produto\/prettybox-site-de-moda-e-beleza\/"},"modified":"2025-04-03T00:37:11","modified_gmt":"2025-04-03T00:37:11","slug":"sitio-web-de-moda-y-belleza-prettybox","status":"publish","type":"product","link":"https:\/\/packdesites.com\/es\/product\/sitio-web-de-moda-y-belleza-prettybox\/","title":{"rendered":"Prettybox \u2013 Sitio web de moda y belleza"},"content":{"rendered":"<p>Prettybox es un kit de plantillas de Elementor que te ayuda a promocionar tus productos de belleza o cosm\u00e9ticos. Prettybox incluye 27 plantillas predise\u00f1adas de p\u00e1ginas y secciones. Con el kit de plantillas de Prettybox, tu sitio web de productos de belleza estar\u00e1 listo en un abrir y cerrar de ojos.<\/p>\n\n\n\n<p>El kit de plantillas Prettybox tambi\u00e9n es compatible con WooCommerce, por lo que puede vender productos f\u00e1cilmente en su sitio web sin m\u00e1s problemas.<\/p>\n\n\n\n<p>Todas las p\u00e1ginas y secciones del kit de plantillas Prettybox Elementor tienen un dise\u00f1o profesional. \u00a1Empieza a crear presencia online para tus productos ya!<\/p>\n\n\n\n<p>Necesitar\u00e1 utilizar Elementor Pro para importar algunas de las p\u00e1ginas y secciones de KRAFTY.<\/p>\n\n\n\n<p>Lista de modelos ##<\/p>\n\n\n\n<ol class=\"wp-block-list\"><li>Estilos globales<\/li><li>P\u00e1gina principal<\/li><li>Encabezado global<\/li><li>Pie de p\u00e1gina global<\/li><li>WooCommerce: Producto \u00fanico<\/li><li>WooCommerce: Archivo de la tienda<\/li><li>Publicaci\u00f3n \u00fanica<\/li><li>Archivo del blog<\/li><li>Sobre nosotros<\/li><li>Preguntas frecuentes<\/li><li>Cont\u00e1ctenos<\/li><li>Nuestros servicios<\/li><li>Nuestro equipo<\/li><li>P\u00e1gina 404<\/li><li>Dentro de poco<\/li><li>Testimonios<\/li><li>Secci\u00f3n: Banner de h\u00e9roe del hogar<\/li><li>Secci\u00f3n: Estandarte de h\u00e9roe<\/li><li>Secci\u00f3n: Acerca del nuevo producto<\/li><li>Secci\u00f3n: Caracter\u00edsticas<\/li><li>Secci\u00f3n: V\u00eddeo<\/li><li>Secci\u00f3n: Testimonios<\/li><li>Secci\u00f3n: Acerca de dos columnas<\/li><li>Secci\u00f3n: Equipo<\/li><li>Secci\u00f3n: Noticias<\/li><li>Secci\u00f3n: Galer\u00eda<\/li><li>Secci\u00f3n: Promo<\/li><li>Secci\u00f3n: Suscribirse Nuevo<\/li><\/ol>","protected":false},"excerpt":{"rendered":"<p>Prettybox \u00e9 um template kit Elementor para ajud\u00e1-lo a promover sua beleza ou produtos cosm\u00e9ticos. Prettybox vem com 27 p\u00e1gina pr\u00e9-definida &amp; modelos de se\u00e7\u00e3o. Com o template kit Prettybox, seu site de produtos de beleza estar\u00e1 pronto em nenhum momento. template kit Prettybox tamb\u00e9m suporta WooCommerce, para que voc\u00ea possa vender produtos facilmente em [&hellip;]<\/p>","protected":false},"featured_media":963,"comment_status":"closed","ping_status":"open","template":"","meta":{"_jf_limit_responses":"","iawp_total_views":13},"product_brand":[],"product_cat":[26,27,23,24],"product_tag":[19],"class_list":{"0":"post-962","1":"product","2":"type-product","3":"status-publish","4":"has-post-thumbnail","6":"product_cat-lojas-virtuais","7":"product_cat-prestadores-de-servicos","8":"product_cat-templates-elementor-e-envato","9":"product_cat-templates-envato","10":"product_tag-vitalicio","12":"first","13":"instock","14":"downloadable","15":"virtual","16":"purchasable","17":"product-type-simple"},"_links":{"self":[{"href":"https:\/\/packdesites.com\/es\/wp-json\/wp\/v2\/product\/962","targetHints":{"allow":["GET"]}}],"collection":[{"href":"https:\/\/packdesites.com\/es\/wp-json\/wp\/v2\/product"}],"about":[{"href":"https:\/\/packdesites.com\/es\/wp-json\/wp\/v2\/types\/product"}],"replies":[{"embeddable":true,"href":"https:\/\/packdesites.com\/es\/wp-json\/wp\/v2\/comments?post=962"}],"version-history":[{"count":0,"href":"https:\/\/packdesites.com\/es\/wp-json\/wp\/v2\/product\/962\/revisions"}],"wp:featuredmedia":[{"embeddable":true,"href":"https:\/\/packdesites.com\/es\/wp-json\/wp\/v2\/media\/963"}],"wp:attachment":[{"href":"https:\/\/packdesites.com\/es\/wp-json\/wp\/v2\/media?parent=962"}],"wp:term":[{"taxonomy":"product_brand","embeddable":true,"href":"https:\/\/packdesites.com\/es\/wp-json\/wp\/v2\/product_brand?post=962"},{"taxonomy":"product_cat","embeddable":true,"href":"https:\/\/packdesites.com\/es\/wp-json\/wp\/v2\/product_cat?post=962"},{"taxonomy":"product_tag","embeddable":true,"href":"https:\/\/packdesites.com\/es\/wp-json\/wp\/v2\/product_tag?post=962"}],"curies":[{"name":"wp","href":"https:\/\/api.w.org\/{rel}","templated":true}]}}