{"id":958,"date":"2022-07-28T03:00:00","date_gmt":"2022-07-28T03:00:00","guid":{"rendered":"https:\/\/packdesites.com\/produto\/nelson-site-de-moda-e-beleza\/"},"modified":"2025-04-03T00:37:07","modified_gmt":"2025-04-03T00:37:07","slug":"sitio-web-de-moda-y-belleza-de-nelson","status":"publish","type":"product","link":"https:\/\/packdesites.com\/es\/product\/sitio-web-de-moda-y-belleza-de-nelson\/","title":{"rendered":"Nelson \u2013 Sitio web de moda y belleza"},"content":{"rendered":"<p><strong>Nelson<\/strong>&nbsp;Es una colecci\u00f3n de plantillas de WordPress predise\u00f1adas, elegantes y modernas, para barber\u00edas y peluquer\u00edas, con una tienda WooCommerce integrada. Este kit de plantillas es la soluci\u00f3n perfecta para barberos, peluqueros, estilistas y otros profesionales.<\/p>\n\n\n\n<p>Caracter\u00edsticas de la barber\u00eda, peluquer\u00eda, kit de peluquer\u00eda.<\/p>\n\n\n\n<ul class=\"wp-block-list\"><li>M\u00e1s de 15 demostraciones predise\u00f1adas;<\/li><li>Optimizado para motores de b\u00fasqueda;<\/li><li>Dise\u00f1o ultra responsivo;<\/li><li>Retina lista;<\/li><li>Totalmente personalizable;<\/li><li>Potente y ligero;<\/li><li>Compatibilidad del navegador: Firefox, Chrome, Safari, Opera<\/li><\/ul>\n\n\n\n<p>**Complementos necesarios (incluidos)<\/p>\n\n\n\n<ul class=\"wp-block-list\"><li>ElementsKit Lite<\/li><li>WooCommerce (opcional para la funcionalidad de la tienda)<\/li><li>Elementor<\/li><\/ul>","protected":false},"excerpt":{"rendered":"<p>Nelson&nbsp;\u00e9 uma cole\u00e7\u00e3o de modelos pr\u00e9-projetados elegantes e modernos para o Modelos WordPress de barbearia e cabeleireiro com uma loja WooCommerce integrada. Este template kit \u00e9 uma solu\u00e7\u00e3o perfeita para barbeiros, cabeleireiros, cabeleireiros e outros profissionais da \u00e1rea. Caracter\u00edsticas do kit de barbearia, cabeleireiro, cabeleireiro 15+ demonstra\u00e7\u00f5es pr\u00e9-fabricadas; Otimizado para mecanismos de pesquisa; Layout ultra [&hellip;]<\/p>","protected":false},"featured_media":959,"comment_status":"closed","ping_status":"open","template":"","meta":{"_jf_limit_responses":"","iawp_total_views":19},"product_brand":[],"product_cat":[26,23,24],"product_tag":[19],"class_list":{"0":"post-958","1":"product","2":"type-product","3":"status-publish","4":"has-post-thumbnail","6":"product_cat-lojas-virtuais","7":"product_cat-templates-elementor-e-envato","8":"product_cat-templates-envato","9":"product_tag-vitalicio","11":"first","12":"instock","13":"downloadable","14":"virtual","15":"purchasable","16":"product-type-simple"},"_links":{"self":[{"href":"https:\/\/packdesites.com\/es\/wp-json\/wp\/v2\/product\/958","targetHints":{"allow":["GET"]}}],"collection":[{"href":"https:\/\/packdesites.com\/es\/wp-json\/wp\/v2\/product"}],"about":[{"href":"https:\/\/packdesites.com\/es\/wp-json\/wp\/v2\/types\/product"}],"replies":[{"embeddable":true,"href":"https:\/\/packdesites.com\/es\/wp-json\/wp\/v2\/comments?post=958"}],"version-history":[{"count":0,"href":"https:\/\/packdesites.com\/es\/wp-json\/wp\/v2\/product\/958\/revisions"}],"wp:featuredmedia":[{"embeddable":true,"href":"https:\/\/packdesites.com\/es\/wp-json\/wp\/v2\/media\/959"}],"wp:attachment":[{"href":"https:\/\/packdesites.com\/es\/wp-json\/wp\/v2\/media?parent=958"}],"wp:term":[{"taxonomy":"product_brand","embeddable":true,"href":"https:\/\/packdesites.com\/es\/wp-json\/wp\/v2\/product_brand?post=958"},{"taxonomy":"product_cat","embeddable":true,"href":"https:\/\/packdesites.com\/es\/wp-json\/wp\/v2\/product_cat?post=958"},{"taxonomy":"product_tag","embeddable":true,"href":"https:\/\/packdesites.com\/es\/wp-json\/wp\/v2\/product_tag?post=958"}],"curies":[{"name":"wp","href":"https:\/\/api.w.org\/{rel}","templated":true}]}}