{"id":956,"date":"2022-07-28T03:00:00","date_gmt":"2022-07-28T03:00:00","guid":{"rendered":"https:\/\/packdesites.com\/produto\/naturely-site-de-moda-e-beleza\/"},"modified":"2025-04-03T00:37:05","modified_gmt":"2025-04-03T00:37:05","slug":"sitio-web-de-moda-y-belleza-natural","status":"publish","type":"product","link":"https:\/\/packdesites.com\/es\/product\/sitio-web-de-moda-y-belleza-natural\/","title":{"rendered":"Naturely \u2013 Sitio web de moda y belleza"},"content":{"rendered":"<p>\u00a1Crea un sitio web impresionante en WordPress para tu negocio de cosm\u00e9tica natural o cualquier otro tipo de belleza m\u00e1s r\u00e1pido que nunca! Naturely es una colecci\u00f3n \u00fanica de plantillas, dise\u00f1adas para el creador de p\u00e1ginas Elementor, que te ayudar\u00e1n a crear el sitio web de tus sue\u00f1os.&nbsp;<strong>\u00a1No se necesita c\u00f3digo!<\/strong><\/p>\n\n\n\n<p>Estos son los beneficios que hacen que el kit de plantillas Naturely se destaque en el mar de plantillas:<\/p>\n\n\n\n<ul class=\"wp-block-list\"><li>Dise\u00f1o profesional y nicho de mercado espec\u00edfico: Naturely se cre\u00f3 con un solo objetivo: ser la soluci\u00f3n perfecta para un sitio web de belleza. Esto significa que aplica las mejores pr\u00e1cticas que tambi\u00e9n se utilizan en sitios web de organizaciones sin fines de lucro consolidados en cuanto a dise\u00f1o, maquetaci\u00f3n y funcionalidad.<\/li><li>Hermosos dise\u00f1os de p\u00e1ginas de inicio: este kit viene con una amplia gama de dise\u00f1os de p\u00e1ginas de inicio para presentar su sitio web de la mejor manera.<\/li><li>Compatibilidad con funciones esenciales para negocios de belleza: un llamado a la acci\u00f3n, una p\u00e1gina de producto y hermosos \u00edconos para p\u00e1ginas y cuentas de redes sociales<\/li><li>Impresionante p\u00e1gina de destino: Naturely viene con un dise\u00f1o de p\u00e1gina de destino atractivo para ayudarlo a mostrar sus productos de la mejor manera posible.<\/li><li>100% Capacidad de respuesta m\u00f3vil: todos los activos se crearon teniendo en cuenta la capacidad de respuesta m\u00f3vil.<\/li><li>Creado para Elementor, el complemento de creaci\u00f3n de p\u00e1ginas m\u00e1s popular y f\u00e1cil de usar disponible.<\/li><\/ul>\n\n\n\n<p><strong>Naturely \u2013 P\u00e1gina de inicio<\/strong><\/p>\n\n\n\n<p>Naturely incluye cuatro dise\u00f1os de p\u00e1gina de inicio diferentes. Ofrece una atractiva y elegante secci\u00f3n de protagonista, una secci\u00f3n de caracter\u00edsticas, una secci\u00f3n de tienda y una elegante secci\u00f3n de productos. La plantilla incluye una secci\u00f3n de contacto con informaci\u00f3n de contacto, indicaciones de ruta y atractivos iconos de redes sociales. Incluye un pie de p\u00e1gina con informaci\u00f3n \u00fatil sobre el horario de apertura, la direcci\u00f3n y los \u00faltimos eventos.<\/p>\n\n\n\n<p><strong>Naturely \u2013 Acerca de<\/strong><\/p>\n\n\n\n<p>Las plantillas Acerca de muestran su historia, la misi\u00f3n que impulsa su negocio y los miembros del equipo.<\/p>\n\n\n\n<p><strong>Naturely \u2013 Productos<\/strong><\/p>\n\n\n\n<p>P\u00e1gina de producto bellamente dise\u00f1ada para exhibir sus productos de la mejor manera posible.<\/p>\n\n\n\n<p><strong>Naturely \u2013 P\u00e1ginas adicionales<\/strong><\/p>\n\n\n\n<p>Naturely ofrece diversas p\u00e1ginas adicionales para ayudarte a crear el sitio web perfecto. Incluye una atractiva historia, testimonios y p\u00e1ginas de destino.<\/p>\n\n\n\n<p><strong>Naturely \u2013 Galer\u00eda<\/strong><\/p>\n\n\n\n<p>Destaca tus fotos usando esta elegante p\u00e1gina de galer\u00eda.<\/p>\n\n\n\n<p><strong>Caracter\u00edsticas del kit de modelos Naturely:<\/strong><\/p>\n\n\n\n<ul class=\"wp-block-list\"><li>12 p\u00e1ginas de contenido<\/li><li>Opciones flexibles de dise\u00f1o de p\u00e1gina de inicio<\/li><li>Bonita p\u00e1gina de \u00abproductos\u00bb<\/li><li>S\u00faper f\u00e1cil de configurar y usar: \u00a1no requiere codificaci\u00f3n!<\/li><li>Soporte para funciones esenciales de sitios web de belleza<\/li><li>Dise\u00f1o minimalista, limpio y centrado en el contenido<\/li><li>Dise\u00f1o responsivo y optimizado para dispositivos m\u00f3viles<\/li><li>Ligero y compatible con SEO<\/li><li>Una llamada a la acci\u00f3n para reservar, hacer una reserva o llamar.<\/li><li>Hermosos \u00edconos para p\u00e1ginas y cuentas de redes sociales.<\/li><li>Una p\u00e1gina de destino impresionante<\/li><\/ul>","protected":false},"excerpt":{"rendered":"<p>Crie um site WordPress impressionante para seus cosm\u00e9ticos naturais ou qualquer tipo de neg\u00f3cio de beleza mais r\u00e1pido do que nunca! Naturely \u00e9 uma cole\u00e7\u00e3o \u00fanica de modelos, projetado para construtor de p\u00e1gina Elementor, que ir\u00e1 ajud\u00e1-lo a criar o seu site de sonho.&nbsp;N\u00e3o \u00e9 necess\u00e1rio c\u00f3digo! Aqui est\u00e3o os benef\u00edcios que fazem Naturely modelo [&hellip;]<\/p>","protected":false},"featured_media":957,"comment_status":"closed","ping_status":"open","template":"","meta":{"_jf_limit_responses":"","iawp_total_views":2},"product_brand":[],"product_cat":[29,23,24],"product_tag":[19],"class_list":{"0":"post-956","1":"product","2":"type-product","3":"status-publish","4":"has-post-thumbnail","6":"product_cat-saude-e-bem-estar","7":"product_cat-templates-elementor-e-envato","8":"product_cat-templates-envato","9":"product_tag-vitalicio","11":"first","12":"instock","13":"downloadable","14":"virtual","15":"purchasable","16":"product-type-simple"},"_links":{"self":[{"href":"https:\/\/packdesites.com\/es\/wp-json\/wp\/v2\/product\/956","targetHints":{"allow":["GET"]}}],"collection":[{"href":"https:\/\/packdesites.com\/es\/wp-json\/wp\/v2\/product"}],"about":[{"href":"https:\/\/packdesites.com\/es\/wp-json\/wp\/v2\/types\/product"}],"replies":[{"embeddable":true,"href":"https:\/\/packdesites.com\/es\/wp-json\/wp\/v2\/comments?post=956"}],"version-history":[{"count":0,"href":"https:\/\/packdesites.com\/es\/wp-json\/wp\/v2\/product\/956\/revisions"}],"wp:featuredmedia":[{"embeddable":true,"href":"https:\/\/packdesites.com\/es\/wp-json\/wp\/v2\/media\/957"}],"wp:attachment":[{"href":"https:\/\/packdesites.com\/es\/wp-json\/wp\/v2\/media?parent=956"}],"wp:term":[{"taxonomy":"product_brand","embeddable":true,"href":"https:\/\/packdesites.com\/es\/wp-json\/wp\/v2\/product_brand?post=956"},{"taxonomy":"product_cat","embeddable":true,"href":"https:\/\/packdesites.com\/es\/wp-json\/wp\/v2\/product_cat?post=956"},{"taxonomy":"product_tag","embeddable":true,"href":"https:\/\/packdesites.com\/es\/wp-json\/wp\/v2\/product_tag?post=956"}],"curies":[{"name":"wp","href":"https:\/\/api.w.org\/{rel}","templated":true}]}}