{"id":954,"date":"2022-07-28T03:00:00","date_gmt":"2022-07-28T03:00:00","guid":{"rendered":"https:\/\/packdesites.com\/produto\/nala-site-de-moda-e-beleza\/"},"modified":"2025-09-23T14:12:40","modified_gmt":"2025-09-23T17:12:40","slug":"sitio-web-de-moda-y-belleza-de-nala","status":"publish","type":"product","link":"https:\/\/packdesites.com\/es\/product\/sitio-web-de-moda-y-belleza-de-nala\/","title":{"rendered":"Nala \u2013 Sitio web de moda y belleza"},"content":{"rendered":"<p>Nala es un potente y responsivo kit de plantillas Elementor para spas y salones de belleza. Con este kit de plantillas (aproximadamente 10 p\u00e1ginas), puedes crear sitios web para belleza, spas, salones de belleza, yoga, cuidado personal, peluquer\u00eda, salud, masajes, medicina, fisioterapia, maquillaje, terapias, cosm\u00e9ticos, tratamientos y sitios web personales.<\/p>\n\n\n\n<p><strong>Modelo<\/strong><\/p>\n\n\n\n<ul class=\"wp-block-list\"><li>Casa 1<\/li><li>Casa 2<\/li><li>Sobre nosotros<\/li><li>Servicio 1<\/li><li>Servicio 2<\/li><li>PREGUNTAS FRECUENTES<\/li><li>Equipo<\/li><li>Cont\u00e1ctenos<\/li><li>Precio 1<\/li><li>Precio 2<\/li><\/ul>\n\n\n\n<p><strong>Caracter\u00edsticas:<\/strong><\/p>\n\n\n\n<ul class=\"wp-block-list\"><li>Calidad Premium<\/li><li>M\u00e1s de 10 demostraciones predise\u00f1adas<\/li><li>Dise\u00f1o limpio y moderno<\/li><li>Totalmente personalizable<\/li><\/ul>","protected":false},"excerpt":{"rendered":"<p>Nala &#8211; \u00e9 um template kit elementor poderoso e responsivo para spa de beleza e sal\u00e3o de beleza. Com a ajuda deste template kit (cerca de 10 p\u00e1gina) voc\u00ea pode criar sites para Beleza, Spa, Sal\u00f5es, Yoga, Cuidados, Cabelo, Sa\u00fade, Massagem, M\u00e9dico, Fisioterapia, Maquiagem, Terapia, Cosm\u00e9ticos, Tratamento e site pessoal. Modelo Casa 1 Casa 2 [&hellip;]<\/p>","protected":false},"featured_media":955,"comment_status":"closed","ping_status":"open","template":"","meta":{"_jf_limit_responses":"","iawp_total_views":29},"product_brand":[],"product_cat":[23,27,29,24],"product_tag":[19],"class_list":{"0":"post-954","1":"product","2":"type-product","3":"status-publish","4":"has-post-thumbnail","6":"product_cat-templates-elementor-e-envato","7":"product_cat-prestadores-de-servicos","8":"product_cat-saude-e-bem-estar","9":"product_cat-templates-envato","10":"product_tag-vitalicio","12":"first","13":"instock","14":"downloadable","15":"virtual","16":"purchasable","17":"product-type-simple"},"_links":{"self":[{"href":"https:\/\/packdesites.com\/es\/wp-json\/wp\/v2\/product\/954","targetHints":{"allow":["GET"]}}],"collection":[{"href":"https:\/\/packdesites.com\/es\/wp-json\/wp\/v2\/product"}],"about":[{"href":"https:\/\/packdesites.com\/es\/wp-json\/wp\/v2\/types\/product"}],"replies":[{"embeddable":true,"href":"https:\/\/packdesites.com\/es\/wp-json\/wp\/v2\/comments?post=954"}],"version-history":[{"count":1,"href":"https:\/\/packdesites.com\/es\/wp-json\/wp\/v2\/product\/954\/revisions"}],"predecessor-version":[{"id":23819,"href":"https:\/\/packdesites.com\/es\/wp-json\/wp\/v2\/product\/954\/revisions\/23819"}],"wp:featuredmedia":[{"embeddable":true,"href":"https:\/\/packdesites.com\/es\/wp-json\/wp\/v2\/media\/955"}],"wp:attachment":[{"href":"https:\/\/packdesites.com\/es\/wp-json\/wp\/v2\/media?parent=954"}],"wp:term":[{"taxonomy":"product_brand","embeddable":true,"href":"https:\/\/packdesites.com\/es\/wp-json\/wp\/v2\/product_brand?post=954"},{"taxonomy":"product_cat","embeddable":true,"href":"https:\/\/packdesites.com\/es\/wp-json\/wp\/v2\/product_cat?post=954"},{"taxonomy":"product_tag","embeddable":true,"href":"https:\/\/packdesites.com\/es\/wp-json\/wp\/v2\/product_tag?post=954"}],"curies":[{"name":"wp","href":"https:\/\/api.w.org\/{rel}","templated":true}]}}