{"id":942,"date":"2022-07-28T03:00:00","date_gmt":"2022-07-28T03:00:00","guid":{"rendered":"https:\/\/packdesites.com\/produto\/jacqueline-site-de-moda-e-beleza\/"},"modified":"2025-04-03T00:36:53","modified_gmt":"2025-04-03T00:36:53","slug":"sitio-web-de-moda-y-belleza-de-jacqueline","status":"publish","type":"product","link":"https:\/\/packdesites.com\/es\/product\/sitio-web-de-moda-y-belleza-de-jacqueline\/","title":{"rendered":"Jacqueline \u2013 Sitio web de moda y belleza"},"content":{"rendered":"<p><strong>Kit de plantillas de Jacqueline<\/strong>&nbsp;Es una colecci\u00f3n de plantillas predise\u00f1adas, elegantes y modernas, para crear un sitio web de spa y sal\u00f3n de masajes con funcionalidades avanzadas y un atractivo dise\u00f1o responsivo. Este kit de plantillas es la soluci\u00f3n ideal si tienes un spa moderno, un negocio de belleza, un sal\u00f3n de peluquer\u00eda o maquillaje, un centro de bienestar o una agencia de servicios de masajes.<\/p>\n\n\n\n<p>Jacqueline tambi\u00e9n es perfecta para sitios web personales, como negocios de masajistas, consultorios quiropr\u00e1cticos, masajistas ortop\u00e9dicos, dermat\u00f3logos, tiendas y negocios con opci\u00f3n de cita previa. El dise\u00f1o tambi\u00e9n abarca terapia manual, fisioterapia y aromaterapia.<\/p>\n\n\n\n<p><strong>Caracter\u00edsticas del kit de plantillas para salones de spa y masajes<\/strong><\/p>\n\n\n\n<ul class=\"wp-block-list\"><li>M\u00e1s de 15 demostraciones predise\u00f1adas;<\/li><li>Optimizado para motores de b\u00fasqueda;<\/li><li>Dise\u00f1o ultra responsivo;<\/li><li>Retina lista;<\/li><li>Totalmente personalizable;<\/li><\/ul>","protected":false},"excerpt":{"rendered":"<p>Jacqueline Template Kit&nbsp;\u00e9 uma cole\u00e7\u00e3o de modelos pr\u00e9-projetados elegantes e modernos para a constru\u00e7\u00e3o de um site para Spa &amp; Massagem Salon com funcionalidade avan\u00e7ada e design responsivo bonito. Este kit de modelo \u00e9 a solu\u00e7\u00e3o certa para voc\u00ea se voc\u00ea possui um sal\u00e3o de spa contempor\u00e2neo, empresa de beleza, cabeleireiro ou sal\u00e3o de maquiagem, [&hellip;]<\/p>","protected":false},"featured_media":943,"comment_status":"closed","ping_status":"open","template":"","meta":{"_jf_limit_responses":"","iawp_total_views":5},"product_brand":[],"product_cat":[27,23,24],"product_tag":[19],"class_list":{"0":"post-942","1":"product","2":"type-product","3":"status-publish","4":"has-post-thumbnail","6":"product_cat-prestadores-de-servicos","7":"product_cat-templates-elementor-e-envato","8":"product_cat-templates-envato","9":"product_tag-vitalicio","11":"first","12":"instock","13":"downloadable","14":"virtual","15":"purchasable","16":"product-type-simple"},"_links":{"self":[{"href":"https:\/\/packdesites.com\/es\/wp-json\/wp\/v2\/product\/942","targetHints":{"allow":["GET"]}}],"collection":[{"href":"https:\/\/packdesites.com\/es\/wp-json\/wp\/v2\/product"}],"about":[{"href":"https:\/\/packdesites.com\/es\/wp-json\/wp\/v2\/types\/product"}],"replies":[{"embeddable":true,"href":"https:\/\/packdesites.com\/es\/wp-json\/wp\/v2\/comments?post=942"}],"version-history":[{"count":0,"href":"https:\/\/packdesites.com\/es\/wp-json\/wp\/v2\/product\/942\/revisions"}],"wp:featuredmedia":[{"embeddable":true,"href":"https:\/\/packdesites.com\/es\/wp-json\/wp\/v2\/media\/943"}],"wp:attachment":[{"href":"https:\/\/packdesites.com\/es\/wp-json\/wp\/v2\/media?parent=942"}],"wp:term":[{"taxonomy":"product_brand","embeddable":true,"href":"https:\/\/packdesites.com\/es\/wp-json\/wp\/v2\/product_brand?post=942"},{"taxonomy":"product_cat","embeddable":true,"href":"https:\/\/packdesites.com\/es\/wp-json\/wp\/v2\/product_cat?post=942"},{"taxonomy":"product_tag","embeddable":true,"href":"https:\/\/packdesites.com\/es\/wp-json\/wp\/v2\/product_tag?post=942"}],"curies":[{"name":"wp","href":"https:\/\/api.w.org\/{rel}","templated":true}]}}