{"id":928,"date":"2022-07-28T03:00:00","date_gmt":"2022-07-28T03:00:00","guid":{"rendered":"https:\/\/packdesites.com\/produto\/space-site-de-moda-e-beleza\/"},"modified":"2025-04-03T00:36:38","modified_gmt":"2025-04-03T00:36:38","slug":"sitio-web-de-moda-y-belleza-espacial","status":"publish","type":"product","link":"https:\/\/packdesites.com\/es\/product\/sitio-web-de-moda-y-belleza-espacial\/","title":{"rendered":"Espacio \u2013 Sitio web de moda y belleza"},"content":{"rendered":"<p><strong>Espacio<\/strong>&nbsp;El Kit de Plantillas para Salones de Belleza es una colecci\u00f3n de plantillas de dise\u00f1o para el plugin Elementor Page Builder de WordPress. Su dise\u00f1o limpio y moderno es \u00fatil para salones de belleza, centros de cuidado de la piel, sitios web y m\u00e1s.<\/p>\n\n\n\n<p><strong>Caracter\u00edsticas:<\/strong><\/p>\n\n\n\n<ul class=\"wp-block-list\"><li>Dise\u00f1o moderno y limpio<\/li><li>10 p\u00e1ginas de plantillas listas para usar<\/li><li>F\u00e1cil de personalizar<\/li><li>Totalmente responsivo<\/li><\/ul>\n\n\n\n<p>Nota: Este kit requiere la actualizaci\u00f3n de Elementor Pro, que no est\u00e1 incluida en la descarga.<\/p>\n\n\n\n<p><strong>Creador de temas Elementor Pro:<\/strong><\/p>\n\n\n\n<ul class=\"wp-block-list\"><li>Encabezamiento<\/li><li>Z\u00f3calo<\/li><\/ul>\n\n\n\n<p>** Complemento requerido: **<\/p>\n\n\n\n<ul class=\"wp-block-list\"><li>Elementor<\/li><li>Elementor Pro (no incluido)<\/li><\/ul>","protected":false},"excerpt":{"rendered":"<p>Space&nbsp;&#8211; Beauty Salon Template Kit \u00e9 uma cole\u00e7\u00e3o de modelos de layout para o plugin Elementor Page Builder WordPress. \u00c9 um design limpo e moderno, \u00fatil para sal\u00f5es de beleza, cuidados com a pele, sites e outros. Caracter\u00edsticas: Design moderno e limpo 10 p\u00e1ginas prontas para usar modelos F\u00e1cil de personalizar Totalmente responsivo Nota: Este [&hellip;]<\/p>","protected":false},"featured_media":929,"comment_status":"closed","ping_status":"open","template":"","meta":{"_jf_limit_responses":"","iawp_total_views":5},"product_brand":[],"product_cat":[29,23,24],"product_tag":[19],"class_list":{"0":"post-928","1":"product","2":"type-product","3":"status-publish","4":"has-post-thumbnail","6":"product_cat-saude-e-bem-estar","7":"product_cat-templates-elementor-e-envato","8":"product_cat-templates-envato","9":"product_tag-vitalicio","11":"first","12":"instock","13":"downloadable","14":"virtual","15":"purchasable","16":"product-type-simple"},"_links":{"self":[{"href":"https:\/\/packdesites.com\/es\/wp-json\/wp\/v2\/product\/928","targetHints":{"allow":["GET"]}}],"collection":[{"href":"https:\/\/packdesites.com\/es\/wp-json\/wp\/v2\/product"}],"about":[{"href":"https:\/\/packdesites.com\/es\/wp-json\/wp\/v2\/types\/product"}],"replies":[{"embeddable":true,"href":"https:\/\/packdesites.com\/es\/wp-json\/wp\/v2\/comments?post=928"}],"version-history":[{"count":0,"href":"https:\/\/packdesites.com\/es\/wp-json\/wp\/v2\/product\/928\/revisions"}],"wp:featuredmedia":[{"embeddable":true,"href":"https:\/\/packdesites.com\/es\/wp-json\/wp\/v2\/media\/929"}],"wp:attachment":[{"href":"https:\/\/packdesites.com\/es\/wp-json\/wp\/v2\/media?parent=928"}],"wp:term":[{"taxonomy":"product_brand","embeddable":true,"href":"https:\/\/packdesites.com\/es\/wp-json\/wp\/v2\/product_brand?post=928"},{"taxonomy":"product_cat","embeddable":true,"href":"https:\/\/packdesites.com\/es\/wp-json\/wp\/v2\/product_cat?post=928"},{"taxonomy":"product_tag","embeddable":true,"href":"https:\/\/packdesites.com\/es\/wp-json\/wp\/v2\/product_tag?post=928"}],"curies":[{"name":"wp","href":"https:\/\/api.w.org\/{rel}","templated":true}]}}