{"id":900,"date":"2022-07-27T03:00:00","date_gmt":"2022-07-27T03:00:00","guid":{"rendered":"https:\/\/packdesites.com\/produto\/trilha-site-de-esporteacademia-e-fitness\/"},"modified":"2025-04-03T00:36:05","modified_gmt":"2025-04-03T00:36:05","slug":"sitio-web-de-deportes-gimnasio-y-pista-de-fitness","status":"publish","type":"product","link":"https:\/\/packdesites.com\/es\/product\/sitio-web-de-deportes-gimnasio-y-pista-de-fitness\/","title":{"rendered":"Trilha \u2013 Sitio web de deportes, gimnasios y fitness"},"content":{"rendered":"<p>Trail es un kit de plantillas Elementor moderno y limpio, dise\u00f1ado espec\u00edficamente para tiendas de bicicletas, reparaci\u00f3n y mantenimiento, bicicletas de monta\u00f1a y carretera, alquiler de bicicletas y accesorios, patinetas y longboards, y cualquier otro tipo de equipamiento deportivo. Esta plantilla tiene un dise\u00f1o atractivo y original con un dise\u00f1o responsivo 100%, compatible con pantallas retina y es muy f\u00e1cil de personalizar gracias a Elementor, \u00a1as\u00ed que no necesitas escribir ni una sola l\u00ednea de c\u00f3digo!<\/p>\n\n\n\n<p>Este kit de plantillas incluye m\u00e1s de 15 plantillas cuidadosamente dise\u00f1adas; puede crear su sitio web comercial de aspecto profesional con solo unos pocos clics.<\/p>\n\n\n\n<p><strong>Caracter\u00edsticas:<\/strong><\/p>\n\n\n\n<ul class=\"wp-block-list\"><li>Uso de complementos gratuitos (no se requiere Elementor Pro)<\/li><li>Dise\u00f1o moderno y limpio<\/li><li>M\u00e1s de 15 plantillas listas para usar<\/li><li>Dise\u00f1o totalmente adaptable<\/li><li>Listo para retina<\/li><li>Totalmente personalizable<\/li><li>Compatibilidad entre navegadores: Chrome, Firefox, Safari, Opera<\/li><li>Estilo de tema global: personaliza las fuentes en un solo lugar<\/li><\/ul>\n\n\n\n<p><strong>Los modelos incluyen:<\/strong><\/p>\n\n\n\n<ul class=\"wp-block-list\"><li>Hogar<\/li><li>En<\/li><li>Servicios<\/li><li>Equipo<\/li><li>Precios<\/li><li>Preguntas frecuentes<\/li><li>P\u00e1gina 404<\/li><li>Blog<\/li><li>Publicaci\u00f3n \u00fanica<\/li><li>Contacto<\/li><li>Encabezamiento<\/li><li>Z\u00f3calo<\/li><li>Fuera de lienzo<\/li><li>Contacte con Metform<\/li><\/ul>\n\n\n\n<p><strong>Complemento requerido:<\/strong><\/p>\n\n\n\n<ul class=\"wp-block-list\"><li>Elementor: encabezado, pie de p\u00e1gina y bloques<\/li><li>Kit de elementos Elementor<\/li><li>MetForm<\/li><li>ElementsKit Lite<\/li><\/ul>","protected":false},"excerpt":{"rendered":"<p>Trail \u00e9 um Template Kit Elementor moderno e limpo constru\u00eddo especialmente para bicicleta Loja, Repara\u00e7\u00e3o e manuten\u00e7\u00e3o de bicicletas, MTB e bicicleta de estrada, aluguer de bicicletas e acess\u00f3rios, skate &amp; longboard, e qualquer outro tipo de equipamento desportivo. Este modelo tem um design bonito e original com um layout 100% responsivo, pronto para retina-e [&hellip;]<\/p>","protected":false},"featured_media":901,"comment_status":"closed","ping_status":"open","template":"","meta":{"_jf_limit_responses":"","iawp_total_views":37},"product_brand":[],"product_cat":[35,27,23,24],"product_tag":[19],"class_list":{"0":"post-900","1":"product","2":"type-product","3":"status-publish","4":"has-post-thumbnail","6":"product_cat-academia-e-fitness","7":"product_cat-prestadores-de-servicos","8":"product_cat-templates-elementor-e-envato","9":"product_cat-templates-envato","10":"product_tag-vitalicio","12":"first","13":"instock","14":"downloadable","15":"virtual","16":"purchasable","17":"product-type-simple"},"_links":{"self":[{"href":"https:\/\/packdesites.com\/es\/wp-json\/wp\/v2\/product\/900","targetHints":{"allow":["GET"]}}],"collection":[{"href":"https:\/\/packdesites.com\/es\/wp-json\/wp\/v2\/product"}],"about":[{"href":"https:\/\/packdesites.com\/es\/wp-json\/wp\/v2\/types\/product"}],"replies":[{"embeddable":true,"href":"https:\/\/packdesites.com\/es\/wp-json\/wp\/v2\/comments?post=900"}],"version-history":[{"count":0,"href":"https:\/\/packdesites.com\/es\/wp-json\/wp\/v2\/product\/900\/revisions"}],"wp:featuredmedia":[{"embeddable":true,"href":"https:\/\/packdesites.com\/es\/wp-json\/wp\/v2\/media\/901"}],"wp:attachment":[{"href":"https:\/\/packdesites.com\/es\/wp-json\/wp\/v2\/media?parent=900"}],"wp:term":[{"taxonomy":"product_brand","embeddable":true,"href":"https:\/\/packdesites.com\/es\/wp-json\/wp\/v2\/product_brand?post=900"},{"taxonomy":"product_cat","embeddable":true,"href":"https:\/\/packdesites.com\/es\/wp-json\/wp\/v2\/product_cat?post=900"},{"taxonomy":"product_tag","embeddable":true,"href":"https:\/\/packdesites.com\/es\/wp-json\/wp\/v2\/product_tag?post=900"}],"curies":[{"name":"wp","href":"https:\/\/api.w.org\/{rel}","templated":true}]}}