{"id":898,"date":"2022-07-26T03:00:00","date_gmt":"2022-07-26T03:00:00","guid":{"rendered":"https:\/\/packdesites.com\/produto\/noxious-site-de-esporteacademia-e-fitness\/"},"modified":"2025-04-03T00:36:03","modified_gmt":"2025-04-03T00:36:03","slug":"sitio-web-de-gimnasios-y-fitness-deportivos-nocivos","status":"publish","type":"product","link":"https:\/\/packdesites.com\/es\/product\/sitio-web-de-gimnasios-y-fitness-deportivos-nocivos\/","title":{"rendered":"Noxious \u2013 Sitio web de deportes, gimnasios y fitness"},"content":{"rendered":"<p>Noxious \u2013 Esport &amp; Gaming creado especialmente para deportes electr\u00f3nicos, portales de juegos, eventos de juegos, transmisores de revistas, torneos o cualquier negocio de video sin una sola l\u00ednea de c\u00f3digo utilizando el complemento Elementor Page Builder para WordPress. Este kit est\u00e1 optimizado para su uso con el tema gratuito Hello Elementor, pero se puede utilizar con la mayor\u00eda de los temas compatibles con Elementor.<\/p>\n\n\n\n<p><strong>Modelos:<\/strong><\/p>\n\n\n\n<ul class=\"wp-block-list\"><li>P\u00e1gina de inicio<\/li><li>P\u00e1gina de inicio del torneo<\/li><li>Sobre nosotros<\/li><li>Noticias<\/li><li>Equipo<\/li><li>Detalle del equipo<\/li><li>Galer\u00eda<\/li><li>Fogonadura<\/li><li>P\u00e1gina de error 404<\/li><li>Serpentina<\/li><li>Cont\u00e1ctenos<\/li><\/ul>\n\n\n\n<p><strong>Caracter\u00edsticas<\/strong><\/p>\n\n\n\n<ul class=\"wp-block-list\"><li>Generador de encabezados y pies de p\u00e1gina<\/li><\/ul>\n\n\n\n<p><strong>Complementos necesarios:<\/strong><\/p>\n\n\n\n<ul class=\"wp-block-list\"><li>Elementor<\/li><li>Elementskit Lite<\/li><\/ul>","protected":false},"excerpt":{"rendered":"<p>Noxious &#8211; Esport &amp; Gaming criado especialmente para e-sports, portais de jogos, eventos de jogos, streamers de revistas, torneios ou qualquer empresa de v\u00eddeo sem uma \u00fanica linha de codifica\u00e7\u00e3o usando o plugin Elementor Page Builder para WordPress. Este kit foi otimizado para uso com o tema gratuito Hello Elementor, mas pode ser usado com [&hellip;]<\/p>","protected":false},"featured_media":899,"comment_status":"closed","ping_status":"open","template":"","meta":{"_jf_limit_responses":"","iawp_total_views":20},"product_brand":[],"product_cat":[35,23,24],"product_tag":[19],"class_list":{"0":"post-898","1":"product","2":"type-product","3":"status-publish","4":"has-post-thumbnail","6":"product_cat-academia-e-fitness","7":"product_cat-templates-elementor-e-envato","8":"product_cat-templates-envato","9":"product_tag-vitalicio","11":"first","12":"instock","13":"downloadable","14":"virtual","15":"purchasable","16":"product-type-simple"},"_links":{"self":[{"href":"https:\/\/packdesites.com\/es\/wp-json\/wp\/v2\/product\/898","targetHints":{"allow":["GET"]}}],"collection":[{"href":"https:\/\/packdesites.com\/es\/wp-json\/wp\/v2\/product"}],"about":[{"href":"https:\/\/packdesites.com\/es\/wp-json\/wp\/v2\/types\/product"}],"replies":[{"embeddable":true,"href":"https:\/\/packdesites.com\/es\/wp-json\/wp\/v2\/comments?post=898"}],"version-history":[{"count":0,"href":"https:\/\/packdesites.com\/es\/wp-json\/wp\/v2\/product\/898\/revisions"}],"wp:featuredmedia":[{"embeddable":true,"href":"https:\/\/packdesites.com\/es\/wp-json\/wp\/v2\/media\/899"}],"wp:attachment":[{"href":"https:\/\/packdesites.com\/es\/wp-json\/wp\/v2\/media?parent=898"}],"wp:term":[{"taxonomy":"product_brand","embeddable":true,"href":"https:\/\/packdesites.com\/es\/wp-json\/wp\/v2\/product_brand?post=898"},{"taxonomy":"product_cat","embeddable":true,"href":"https:\/\/packdesites.com\/es\/wp-json\/wp\/v2\/product_cat?post=898"},{"taxonomy":"product_tag","embeddable":true,"href":"https:\/\/packdesites.com\/es\/wp-json\/wp\/v2\/product_tag?post=898"}],"curies":[{"name":"wp","href":"https:\/\/api.w.org\/{rel}","templated":true}]}}