{"id":892,"date":"2022-07-26T03:00:00","date_gmt":"2022-07-26T03:00:00","guid":{"rendered":"https:\/\/packdesites.com\/produto\/kit-maco-site-de-esporteacademia-e-fitness\/"},"modified":"2025-04-03T00:35:58","modified_gmt":"2025-04-03T00:35:58","slug":"sitio-web-deportivo-maco-kit-gimnasio-y-fitness","status":"publish","type":"product","link":"https:\/\/packdesites.com\/es\/product\/sitio-web-deportivo-maco-kit-gimnasio-y-fitness\/","title":{"rendered":"Kit Maco \u2013 Web de deportes, gimnasios y fitness"},"content":{"rendered":"<p>Maco Kit \u2013 Plantilla WordPress para gimnasio y fitness Maco Kit es&nbsp;<strong>Un kit de plantillas de WordPress para gimnasios y fitness<\/strong>Muy adecuado para el dise\u00f1o de sitios web.&nbsp;<strong>Gimnasia<\/strong>&nbsp;<strong>y Fitness<\/strong>&nbsp;Centro o incluso&nbsp;<strong>centro de yoga<\/strong>Creamos cada modelo con sus propios controles. Todas las opciones son tuyas.<\/p>\n\n\n\n<p><strong>Kit Maco<\/strong>&nbsp;Mostrar\u00e1 su trabajo con esta plantilla de WordPress completa y f\u00e1cil de personalizar.<\/p>\n\n\n\n<p>La personalizaci\u00f3n es f\u00e1cil incluso para principiantes, pero si necesitas ayuda para personalizar o configurar esta plantilla, con gusto te ayudamos. Cont\u00e1ctanos a trav\u00e9s de nuestra pesta\u00f1a de soporte.<\/p>\n\n\n\n<p><strong>Caracter\u00edsticas del Maco Kit<\/strong><\/p>\n\n\n\n<ul class=\"wp-block-list\"><li>12 modelos de dise\u00f1o asombrosos<\/li><li>Una plantilla de dise\u00f1o totalmente adaptable<\/li><li>Totalmente personalizable<\/li><li>Potente y ligero<\/li><li>Optimizado para SEO<\/li><li>Listo para WordPress 5.0<\/li><li>F\u00e1cil de usar y personalizar.<\/li><\/ul>\n\n\n\n<p><strong>P\u00e1ginas<\/strong><\/p>\n\n\n\n<ul class=\"wp-block-list\"><li>2 Plantilla de encabezado<\/li><li>Plantilla de pie de p\u00e1gina<\/li><li>P\u00e1gina de inicio<\/li><li>Acerca de la p\u00e1gina<\/li><li>P\u00e1gina de clases<\/li><li>P\u00e1gina de clases \u00fanicas<\/li><li>P\u00e1gina de noticias<\/li><li>Publicaci\u00f3n \u00fanica<\/li><li>Contacto<\/li><li>P\u00e1gina de archivo del blog<\/li><li>P\u00e1gina 404<\/li><\/ul>","protected":false},"excerpt":{"rendered":"<p>Kit Maco &#8211; Gin\u00e1sio e Fitness WordPress Template Kit Maco \u00e9&nbsp;um Gin\u00e1sio e Fitness WordPress Template Kit. Muito adequado para o site de design&nbsp;Gin\u00e1sio&nbsp;e Fitness&nbsp;Center ou at\u00e9 mesmo&nbsp;centro de ioga. Criamos cada um dos modelo t\u00eam seus controles. Todas as escolhas est\u00e3o em voc\u00ea. Maco Kit&nbsp;ir\u00e1 mostrar o seu trabalho com este modelo WordPress f\u00e1cil [&hellip;]<\/p>","protected":false},"featured_media":893,"comment_status":"closed","ping_status":"open","template":"","meta":{"_jf_limit_responses":"","iawp_total_views":14},"product_brand":[],"product_cat":[35,23,24],"product_tag":[19],"class_list":{"0":"post-892","1":"product","2":"type-product","3":"status-publish","4":"has-post-thumbnail","6":"product_cat-academia-e-fitness","7":"product_cat-templates-elementor-e-envato","8":"product_cat-templates-envato","9":"product_tag-vitalicio","11":"first","12":"instock","13":"downloadable","14":"virtual","15":"purchasable","16":"product-type-simple"},"_links":{"self":[{"href":"https:\/\/packdesites.com\/es\/wp-json\/wp\/v2\/product\/892","targetHints":{"allow":["GET"]}}],"collection":[{"href":"https:\/\/packdesites.com\/es\/wp-json\/wp\/v2\/product"}],"about":[{"href":"https:\/\/packdesites.com\/es\/wp-json\/wp\/v2\/types\/product"}],"replies":[{"embeddable":true,"href":"https:\/\/packdesites.com\/es\/wp-json\/wp\/v2\/comments?post=892"}],"version-history":[{"count":0,"href":"https:\/\/packdesites.com\/es\/wp-json\/wp\/v2\/product\/892\/revisions"}],"wp:featuredmedia":[{"embeddable":true,"href":"https:\/\/packdesites.com\/es\/wp-json\/wp\/v2\/media\/893"}],"wp:attachment":[{"href":"https:\/\/packdesites.com\/es\/wp-json\/wp\/v2\/media?parent=892"}],"wp:term":[{"taxonomy":"product_brand","embeddable":true,"href":"https:\/\/packdesites.com\/es\/wp-json\/wp\/v2\/product_brand?post=892"},{"taxonomy":"product_cat","embeddable":true,"href":"https:\/\/packdesites.com\/es\/wp-json\/wp\/v2\/product_cat?post=892"},{"taxonomy":"product_tag","embeddable":true,"href":"https:\/\/packdesites.com\/es\/wp-json\/wp\/v2\/product_tag?post=892"}],"curies":[{"name":"wp","href":"https:\/\/api.w.org\/{rel}","templated":true}]}}