{"id":880,"date":"2022-07-26T03:00:00","date_gmt":"2022-07-26T03:00:00","guid":{"rendered":"https:\/\/packdesites.com\/produto\/ggwepe-site-de-esporteacademia-e-fitness\/"},"modified":"2025-04-03T00:35:44","modified_gmt":"2025-04-03T00:35:44","slug":"sitio-web-de-deportes-gimnasios-y-fitness-ggwepe","status":"publish","type":"product","link":"https:\/\/packdesites.com\/es\/product\/sitio-web-de-deportes-gimnasios-y-fitness-ggwepe\/","title":{"rendered":"GGWEPE \u2013 Sitio web de deportes, gimnasios y fitness"},"content":{"rendered":"<p>GGWEPE es un kit de plantillas Elementor para esports y videojuegos, creado espec\u00edficamente para equipos de esports, gamers, streamers, torneos de videojuegos, juegos en l\u00ednea, streamers en vivo y estudios de videojuegos. Tambi\u00e9n puedes anunciar tus transmisiones y mostrar una lista de tus juegos con un dise\u00f1o atractivo y \u00fanico, con un dise\u00f1o 100% responsivo, compatible con pantallas retina y f\u00e1cil de personalizar.<\/p>\n\n\n\n<p>Este kit de plantillas incluye m\u00e1s de 14 impresionantes plantillas cuidadosamente dise\u00f1adas; puede crear su sitio web profesional con solo un clic.<\/p>\n\n\n\n<p><strong>Caracter\u00edsticas:<\/strong><\/p>\n\n\n\n<ul class=\"wp-block-list\"><li>Uso de complementos gratuitos (no se requiere Elementor Pro)<\/li><li>Dise\u00f1o moderno y limpio<\/li><li>M\u00e1s de 14 plantillas de estilos de temas globales<\/li><li>Dise\u00f1o totalmente adaptable<\/li><li>Listo para retina<\/li><li>Totalmente personalizable<\/li><li>Compatibilidad entre navegadores: Chrome, Firefox, Safari, Opera<\/li><\/ul>\n\n\n\n<p><strong>Los modelos incluyen:<\/strong><\/p>\n\n\n\n<ul class=\"wp-block-list\"><li>P\u00e1gina de inicio<\/li><li>Sobre nosotros<\/li><li>Jugador<\/li><li>Torneo<\/li><li>Fogonadura<\/li><li>Flujos<\/li><li>Galer\u00eda<\/li><li>Noticias<\/li><li>Noticias \u00fanicas<\/li><li>Contacto<\/li><li>P\u00e1gina 404<\/li><li>Encabezamiento<\/li><li>Z\u00f3calo<\/li><li>Estilo tem\u00e1tico global<\/li><\/ul>","protected":false},"excerpt":{"rendered":"<p>GGWEPE es un kit de plantillas Elementor para esports y videojuegos, creado especialmente para equipos de esports, gamers, streamers, juegos, torneos, juegos en l\u00ednea, transmisiones en vivo y estudios de videojuegos. Tambi\u00e9n puedes anunciar tus transmisiones y mostrar una lista de tus juegos con un dise\u00f1o atractivo y \u00fanico, con un dise\u00f1o adaptable 100%, listo para [\u2026]<\/p>","protected":false},"featured_media":881,"comment_status":"closed","ping_status":"open","template":"","meta":{"_jf_limit_responses":"","iawp_total_views":25},"product_brand":[],"product_cat":[35,23,24],"product_tag":[19],"class_list":{"0":"post-880","1":"product","2":"type-product","3":"status-publish","4":"has-post-thumbnail","6":"product_cat-academia-e-fitness","7":"product_cat-templates-elementor-e-envato","8":"product_cat-templates-envato","9":"product_tag-vitalicio","11":"first","12":"instock","13":"downloadable","14":"virtual","15":"purchasable","16":"product-type-simple"},"_links":{"self":[{"href":"https:\/\/packdesites.com\/es\/wp-json\/wp\/v2\/product\/880","targetHints":{"allow":["GET"]}}],"collection":[{"href":"https:\/\/packdesites.com\/es\/wp-json\/wp\/v2\/product"}],"about":[{"href":"https:\/\/packdesites.com\/es\/wp-json\/wp\/v2\/types\/product"}],"replies":[{"embeddable":true,"href":"https:\/\/packdesites.com\/es\/wp-json\/wp\/v2\/comments?post=880"}],"version-history":[{"count":0,"href":"https:\/\/packdesites.com\/es\/wp-json\/wp\/v2\/product\/880\/revisions"}],"wp:featuredmedia":[{"embeddable":true,"href":"https:\/\/packdesites.com\/es\/wp-json\/wp\/v2\/media\/881"}],"wp:attachment":[{"href":"https:\/\/packdesites.com\/es\/wp-json\/wp\/v2\/media?parent=880"}],"wp:term":[{"taxonomy":"product_brand","embeddable":true,"href":"https:\/\/packdesites.com\/es\/wp-json\/wp\/v2\/product_brand?post=880"},{"taxonomy":"product_cat","embeddable":true,"href":"https:\/\/packdesites.com\/es\/wp-json\/wp\/v2\/product_cat?post=880"},{"taxonomy":"product_tag","embeddable":true,"href":"https:\/\/packdesites.com\/es\/wp-json\/wp\/v2\/product_tag?post=880"}],"curies":[{"name":"wp","href":"https:\/\/api.w.org\/{rel}","templated":true}]}}