{"id":862,"date":"2022-07-26T03:00:00","date_gmt":"2022-07-26T03:00:00","guid":{"rendered":"https:\/\/packdesites.com\/produto\/zooland-site-de-viagemturismo-e-hotel\/"},"modified":"2025-04-03T00:35:22","modified_gmt":"2025-04-03T00:35:22","slug":"sitio-web-de-viajes-turismo-y-hoteles-de-zooland","status":"publish","type":"product","link":"https:\/\/packdesites.com\/es\/product\/sitio-web-de-viajes-turismo-y-hoteles-de-zooland\/","title":{"rendered":"Zooland \u2013 Sitio web de viajes, turismo y hoteles"},"content":{"rendered":"<p>Zooland es un kit de plantillas de Elementor moderno y limpio, dise\u00f1ado para safaris, zool\u00f3gicos, conservaci\u00f3n de animales, sitios de viajes y excursiones, o cualquier tema relacionado con la fauna. Este kit tiene un dise\u00f1o atractivo y \u00fanico con un dise\u00f1o 100% responsivo y compatible con pantallas retina.<\/p>\n\n\n\n<p>\u00a1Este kit de plantillas incluye impresionantes plantillas de m\u00e1s de 17; puede crear su sitio web de aspecto profesional con un presupuesto bajo con solo un clic y sin una sola l\u00ednea de c\u00f3digo!<\/p>\n\n\n\n<p>### Caracter\u00edsticas:<\/p>\n\n\n\n<ul class=\"wp-block-list\"><li>Uso de complementos gratuitos (no se requiere Elementor Pro)<\/li><li>Dise\u00f1o moderno, cl\u00e1sico y limpio<\/li><li>M\u00e1s de 17 plantillas listas para usar<\/li><li>Dise\u00f1o totalmente adaptable<\/li><li>Listo para retina<\/li><li>Totalmente personalizable<\/li><li>Compatibilidad entre navegadores: Chrome, Firefox, Safari, Opera<\/li><\/ul>\n\n\n\n<p>Los modelos ### incluyen:<\/p>\n\n\n\n<ul class=\"wp-block-list\"><li>Hogar<\/li><li>Quienes somos<\/li><li>Boletos y paquetes<\/li><li>Paquete de detalles<\/li><li>Atracci\u00f3n<\/li><li>Detalle de la atracci\u00f3n<\/li><li>Noticias<\/li><li>Blog \u00fanico<\/li><li>Galer\u00eda<\/li><li>PREGUNTAS FRECUENTES<\/li><li>Conservaci\u00f3n<\/li><li>Cont\u00e1ctanos<\/li><li>Metform Cont\u00e1ctenos<\/li><li>Libro de formularios de paquetes Metform<\/li><li>Encabezamiento<\/li><li>Z\u00f3calo<\/li><li>Estilo tem\u00e1tico global<\/li><\/ul>\n\n\n\n<p>### Complemento requerido:<\/p>\n\n\n\n<ul class=\"wp-block-list\"><li>Elementor<\/li><li>ElementsKit Lite<\/li><li>Kit de Elementor<\/li><li>Metform<\/li><\/ul>","protected":false},"excerpt":{"rendered":"<p>Zooland \u00e9 um moderno &amp; limpo Kit de Modelo Elementor que fez para Safari e Zoo, Animal Conservation, Travel, and Tour Site ou toda a coisa sobre viagens com animais. Este kit tem um design bonito e \u00fanico com um layout 100% responsivo e pronto para retina! Este kit de modelos inclui modelos deslumbrantes de [&hellip;]<\/p>","protected":false},"featured_media":863,"comment_status":"closed","ping_status":"open","template":"","meta":{"_jf_limit_responses":"","iawp_total_views":53},"product_brand":[],"product_cat":[23,24,38],"product_tag":[19],"class_list":{"0":"post-862","1":"product","2":"type-product","3":"status-publish","4":"has-post-thumbnail","6":"product_cat-templates-elementor-e-envato","7":"product_cat-templates-envato","8":"product_cat-turismo-e-viagens","9":"product_tag-vitalicio","11":"first","12":"instock","13":"downloadable","14":"virtual","15":"purchasable","16":"product-type-simple"},"_links":{"self":[{"href":"https:\/\/packdesites.com\/es\/wp-json\/wp\/v2\/product\/862","targetHints":{"allow":["GET"]}}],"collection":[{"href":"https:\/\/packdesites.com\/es\/wp-json\/wp\/v2\/product"}],"about":[{"href":"https:\/\/packdesites.com\/es\/wp-json\/wp\/v2\/types\/product"}],"replies":[{"embeddable":true,"href":"https:\/\/packdesites.com\/es\/wp-json\/wp\/v2\/comments?post=862"}],"version-history":[{"count":0,"href":"https:\/\/packdesites.com\/es\/wp-json\/wp\/v2\/product\/862\/revisions"}],"wp:featuredmedia":[{"embeddable":true,"href":"https:\/\/packdesites.com\/es\/wp-json\/wp\/v2\/media\/863"}],"wp:attachment":[{"href":"https:\/\/packdesites.com\/es\/wp-json\/wp\/v2\/media?parent=862"}],"wp:term":[{"taxonomy":"product_brand","embeddable":true,"href":"https:\/\/packdesites.com\/es\/wp-json\/wp\/v2\/product_brand?post=862"},{"taxonomy":"product_cat","embeddable":true,"href":"https:\/\/packdesites.com\/es\/wp-json\/wp\/v2\/product_cat?post=862"},{"taxonomy":"product_tag","embeddable":true,"href":"https:\/\/packdesites.com\/es\/wp-json\/wp\/v2\/product_tag?post=862"}],"curies":[{"name":"wp","href":"https:\/\/api.w.org\/{rel}","templated":true}]}}