{"id":858,"date":"2022-07-26T03:00:00","date_gmt":"2022-07-26T03:00:00","guid":{"rendered":"https:\/\/packdesites.com\/produto\/whiz-site-de-viagemturismo-e-hotel\/"},"modified":"2025-06-14T16:59:37","modified_gmt":"2025-06-14T19:59:37","slug":"sitio-web-de-viajes-turismo-y-hoteles-whiz","status":"publish","type":"product","link":"https:\/\/packdesites.com\/es\/product\/sitio-web-de-viajes-turismo-y-hoteles-whiz\/","title":{"rendered":"Whiz \u2013 Sitio web de viajes, turismo y hoteles"},"content":{"rendered":"<p><strong>Whiz \u2013 Kit de plantillas Elementor para agencias de viajes<\/strong>&nbsp;Est\u00e1 dise\u00f1ado para cualquier tipo de viaje, alojamiento, agencia, servicio y m\u00e1s. Whiz tiene un dise\u00f1o simple, moderno y limpio con un dise\u00f1o responsivo 100%. Adem\u00e1s, es muy f\u00e1cil de personalizar gracias a Elementor, \u00a1as\u00ed que no necesitas ni una l\u00ednea de c\u00f3digo!<\/p>\n\n\n\n<p>Este kit de plantillas incluye 15 p\u00e1ginas cuidadosamente dise\u00f1adas y m\u00e1s de 15 plantillas impresionantes; puede crear su sitio web de cartera de aspecto profesional con solo un clic.<\/p>\n\n\n\n<p><strong>Caracter\u00edsticas:<\/strong><\/p>\n\n\n\n<ul class=\"wp-block-list\"><li>Uso de complementos gratuitos (no se requiere Elementor Pro)<\/li><li>Dise\u00f1o \u00fanico y limpio<\/li><li>M\u00e1s de 15 p\u00e1ginas y plantillas listas para usar<\/li><li>Dise\u00f1o totalmente adaptable<\/li><li>Totalmente personalizable<\/li><li>Compatibilidad entre navegadores: Chrome, Firefox, Safari, Opera<\/li><\/ul>\n\n\n\n<p><strong>Los modelos incluyen:<\/strong><\/p>\n\n\n\n<ul class=\"wp-block-list\"><li>Estilo tem\u00e1tico global<\/li><li>Hogar<\/li><li>Sobre nosotros<\/li><li>Sobre nosotros 2<\/li><li>Blog<\/li><li>Caracter\u00edsticas<\/li><li>Caracter\u00edsticas 2<\/li><li>P\u00e1gina de precios<\/li><li>Equipos<\/li><li>Galer\u00eda<\/li><li>Galer\u00eda 2<\/li><li>Testimonios<\/li><li>P\u00e1gina de preguntas frecuentes<\/li><li>P\u00e1gina de error 404<\/li><li>Cont\u00e1ctenos<\/li><li>Cont\u00e1ctenos 2<\/li><li>Publicaci\u00f3n \u00fanica<\/li><\/ul>\n\n\n\n<p><strong>Complemento requerido:<\/strong><\/p>\n\n\n\n<ul class=\"wp-block-list\"><li>Elementor<\/li><li>ElementsKit Lite<\/li><li>Elementor: encabezado, pie de p\u00e1gina y bloques<\/li><li>Kit de Elementor I<\/li><li>WPForms Lite<\/li><\/ul>","protected":false},"excerpt":{"rendered":"<p>Whiz &#8211; Ag\u00eancia de Viagens Elementor Template Kit&nbsp;\u00e9 projetado para qualquer tipo de viagem, acomoda\u00e7\u00e3o, ag\u00eancia, servi\u00e7o e muito mais. Whiz tem um design simples, moderno e limpo com um layout 100% responsivo, e muito f\u00e1cil de personalizar porque usando o Elementor para que voc\u00ea n\u00e3o precise de uma \u00fanica linha de codifica\u00e7\u00e3o! Este template [&hellip;]<\/p>","protected":false},"featured_media":859,"comment_status":"closed","ping_status":"open","template":"","meta":{"_jf_limit_responses":"","iawp_total_views":33},"product_brand":[],"product_cat":[23,24,38],"product_tag":[19],"class_list":{"0":"post-858","1":"product","2":"type-product","3":"status-publish","4":"has-post-thumbnail","6":"product_cat-templates-elementor-e-envato","7":"product_cat-templates-envato","8":"product_cat-turismo-e-viagens","9":"product_tag-vitalicio","11":"first","12":"instock","13":"downloadable","14":"virtual","15":"purchasable","16":"product-type-simple"},"_links":{"self":[{"href":"https:\/\/packdesites.com\/es\/wp-json\/wp\/v2\/product\/858","targetHints":{"allow":["GET"]}}],"collection":[{"href":"https:\/\/packdesites.com\/es\/wp-json\/wp\/v2\/product"}],"about":[{"href":"https:\/\/packdesites.com\/es\/wp-json\/wp\/v2\/types\/product"}],"replies":[{"embeddable":true,"href":"https:\/\/packdesites.com\/es\/wp-json\/wp\/v2\/comments?post=858"}],"version-history":[{"count":1,"href":"https:\/\/packdesites.com\/es\/wp-json\/wp\/v2\/product\/858\/revisions"}],"predecessor-version":[{"id":22494,"href":"https:\/\/packdesites.com\/es\/wp-json\/wp\/v2\/product\/858\/revisions\/22494"}],"wp:featuredmedia":[{"embeddable":true,"href":"https:\/\/packdesites.com\/es\/wp-json\/wp\/v2\/media\/859"}],"wp:attachment":[{"href":"https:\/\/packdesites.com\/es\/wp-json\/wp\/v2\/media?parent=858"}],"wp:term":[{"taxonomy":"product_brand","embeddable":true,"href":"https:\/\/packdesites.com\/es\/wp-json\/wp\/v2\/product_brand?post=858"},{"taxonomy":"product_cat","embeddable":true,"href":"https:\/\/packdesites.com\/es\/wp-json\/wp\/v2\/product_cat?post=858"},{"taxonomy":"product_tag","embeddable":true,"href":"https:\/\/packdesites.com\/es\/wp-json\/wp\/v2\/product_tag?post=858"}],"curies":[{"name":"wp","href":"https:\/\/api.w.org\/{rel}","templated":true}]}}