{"id":856,"date":"2022-07-26T03:00:00","date_gmt":"2022-07-26T03:00:00","guid":{"rendered":"https:\/\/packdesites.com\/produto\/wetravel-site-de-viagemturismo-e-hotel\/"},"modified":"2025-04-03T00:35:17","modified_gmt":"2025-04-03T00:35:17","slug":"sitio-web-de-viajes-wetravel-turismo-y-hoteleria","status":"publish","type":"product","link":"https:\/\/packdesites.com\/es\/product\/sitio-web-de-viajes-wetravel-turismo-y-hoteleria\/","title":{"rendered":"WeTravel \u2013 Sitio web de viajes, turismo y hoteles"},"content":{"rendered":"<p><strong>WeTravel es un kit de plantillas moderno y divertido para sitios web de la industria de viajes, hoteles, complejos tur\u00edsticos y turismo.<\/strong><\/p>\n\n\n\n<p>El kit de plantillas est\u00e1 dise\u00f1ado para la industria del turismo, que abarca una amplia gama de negocios que involucran servicios de reserva de viajes, organizadores de viajes, programas de vacaciones y clubes de viajes. El kit de plantillas es el m\u00e1s adecuado para agencias de viajes, organizadores de tours, hoteles y sitios web de complejos tur\u00edsticos.<\/p>\n\n\n\n<p>El estilo de dise\u00f1o de este modelo en kit se mantiene divertido, moderno y brillante para una sensaci\u00f3n acogedora. El kit de plantillas incluye m\u00e1s de 30 bloques de secciones y 7 p\u00e1ginas completas para que puedas comenzar con tu pr\u00f3ximo proyecto de sitio web de viajes.<\/p>\n\n\n\n<p><strong>Qu\u00e9 incluye el kit<\/strong><\/p>\n\n\n\n<ul class=\"wp-block-list\"><li>M\u00e1s de 30 plantillas de bloques de secci\u00f3n que incluyen<ul><li>Sobre<\/li><li>Llamada a la acci\u00f3n<\/li><li>Precios<\/li><li>Contacto<\/li><li>Preguntas frecuentes<\/li><li>Caracter\u00edsticas<\/li><li>Encabezamiento<\/li><li>H\u00e9roe<\/li><li>C\u00f3mo funciona<\/li><li>Cuadr\u00edcula del logotipo<\/li><li>Testimonios<\/li><\/ul><\/li><li>7 p\u00e1ginas completas que demuestran el uso de estos bloques, incluidos<ul><li>Hogar<\/li><li>Sobre<\/li><li>Tours (2 p\u00e1ginas)<\/li><li>Tour individual<\/li><li>Contacto (2 p\u00e1ginas)<\/li><\/ul><\/li><\/ul>\n\n\n\n<p><strong>Otros detalles<\/strong><\/p>\n\n\n\n<ul class=\"wp-block-list\"><li>Dise\u00f1o atrevido y moderno, compatible con WordPress 5.3.2+<\/li><li>Dise\u00f1o totalmente responsivo<\/li><li>Probado y compatible hasta Elementor 2.9.x<\/li><li>Todas las plantillas son compatibles con la versi\u00f3n gratuita de Elementor Page Builder<\/li><li>Requiere el complemento \u201cModel Kit \u2013 Importar\u201d. (Consulte el manual de ayuda para obtener m\u00e1s detalles)<\/li><\/ul>","protected":false},"excerpt":{"rendered":"<p>WeTravel \u00e9 um kit de modelos modernos e divertidos para os sites de viagens, hot\u00e9is, resorts e ind\u00fastria do turismo. O kit modelo \u00e9 projetado para a ind\u00fastria do turismo, que engloba uma ampla gama de empresas que envolvem servi\u00e7o de reserva de viagens, organizadores de excurs\u00f5es, programas de f\u00e9rias e clubes de viagens. O [&hellip;]<\/p>","protected":false},"featured_media":857,"comment_status":"closed","ping_status":"open","template":"","meta":{"_jf_limit_responses":"","iawp_total_views":38},"product_brand":[],"product_cat":[23,24,38],"product_tag":[19],"class_list":{"0":"post-856","1":"product","2":"type-product","3":"status-publish","4":"has-post-thumbnail","6":"product_cat-templates-elementor-e-envato","7":"product_cat-templates-envato","8":"product_cat-turismo-e-viagens","9":"product_tag-vitalicio","11":"first","12":"instock","13":"downloadable","14":"virtual","15":"purchasable","16":"product-type-simple"},"_links":{"self":[{"href":"https:\/\/packdesites.com\/es\/wp-json\/wp\/v2\/product\/856","targetHints":{"allow":["GET"]}}],"collection":[{"href":"https:\/\/packdesites.com\/es\/wp-json\/wp\/v2\/product"}],"about":[{"href":"https:\/\/packdesites.com\/es\/wp-json\/wp\/v2\/types\/product"}],"replies":[{"embeddable":true,"href":"https:\/\/packdesites.com\/es\/wp-json\/wp\/v2\/comments?post=856"}],"version-history":[{"count":0,"href":"https:\/\/packdesites.com\/es\/wp-json\/wp\/v2\/product\/856\/revisions"}],"wp:featuredmedia":[{"embeddable":true,"href":"https:\/\/packdesites.com\/es\/wp-json\/wp\/v2\/media\/857"}],"wp:attachment":[{"href":"https:\/\/packdesites.com\/es\/wp-json\/wp\/v2\/media?parent=856"}],"wp:term":[{"taxonomy":"product_brand","embeddable":true,"href":"https:\/\/packdesites.com\/es\/wp-json\/wp\/v2\/product_brand?post=856"},{"taxonomy":"product_cat","embeddable":true,"href":"https:\/\/packdesites.com\/es\/wp-json\/wp\/v2\/product_cat?post=856"},{"taxonomy":"product_tag","embeddable":true,"href":"https:\/\/packdesites.com\/es\/wp-json\/wp\/v2\/product_tag?post=856"}],"curies":[{"name":"wp","href":"https:\/\/api.w.org\/{rel}","templated":true}]}}