{"id":854,"date":"2022-07-26T03:00:00","date_gmt":"2022-07-26T03:00:00","guid":{"rendered":"https:\/\/packdesites.com\/produto\/walkon-site-de-viagemturismo-e-hotel\/"},"modified":"2025-06-14T16:58:11","modified_gmt":"2025-06-14T19:58:11","slug":"sitio-web-de-viajes-walkon-turismo-y-hoteleria","status":"publish","type":"product","link":"https:\/\/packdesites.com\/es\/product\/sitio-web-de-viajes-walkon-turismo-y-hoteleria\/","title":{"rendered":"WalkOn - Sitio web de viajes, turismo y hoteles"},"content":{"rendered":"<p><strong>WalkOn \u2013 Kit de plantillas Elementor para viajes, aventura y turismo<\/strong>&nbsp;Especialmente dise\u00f1ado para sitios web o agencias de aventura, viajes y turismo. WalkOn tiene un dise\u00f1o simple, moderno y limpio con una plantilla 100% responsiva y es muy f\u00e1cil de personalizar gracias a Elementor, \u00a1as\u00ed que no necesitas ni una l\u00ednea de c\u00f3digo! Este kit de plantillas incluye m\u00e1s de 10 p\u00e1ginas y m\u00e1s de 15 plantillas impresionantes. Puedes crear tu sitio web de portafolio de aspecto profesional con solo un clic.<\/p>\n\n\n\n<p><strong>Caracter\u00edsticas:<\/strong><\/p>\n\n\n\n<ul class=\"wp-block-list\"><li>Uso de complementos gratuitos (no se requiere Elementor Pro)<\/li><li>Dise\u00f1o \u00fanico y limpio<\/li><li>M\u00e1s de 10 p\u00e1ginas listas para usar<\/li><li>M\u00e1s de 15 plantillas listas para usar<\/li><li>Dise\u00f1o totalmente adaptable<\/li><li>Totalmente personalizable<\/li><li>Compatibilidad del navegador: Chrome, Firefox, Safari, Opera<\/li><\/ul>\n\n\n\n<p><strong>Los modelos incluyen:<\/strong><\/p>\n\n\n\n<ul class=\"wp-block-list\"><li>Estilo tem\u00e1tico global<\/li><li>Hogar<\/li><li>Sobre<\/li><li>Servicio<\/li><li>Equipo<\/li><li>Galer\u00eda<\/li><li>Blog<\/li><li>Publicaci\u00f3n \u00fanica<\/li><li>Destino<\/li><li>Detalles del tour<\/li><li>P\u00e1gina de preguntas frecuentes<\/li><li>Contacto<\/li><li>P\u00e1gina 404<\/li><li>Encabezamiento<\/li><li>Z\u00f3calo<\/li><\/ul>\n\n\n\n<p><strong>Complemento requerido:<\/strong><\/p>\n\n\n\n<ul class=\"wp-block-list\"><li>Elementor<\/li><li>ElementsKit Lite<\/li><li>Elementor: encabezado, pie de p\u00e1gina y bloques<\/li><li>Kit de elementos Elementor<\/li><li>WPForms Lite<\/li><\/ul>","protected":false},"excerpt":{"rendered":"<p>WalkOn \u2013 Kit de plantillas Elementor para aventuras, viajes y turismo, creado especialmente para sitios web o agencias de aventuras, viajes y turismo. WalkOn tiene un dise\u00f1o simple, moderno y limpio con un dise\u00f1o adaptable 100% y es muy f\u00e1cil de personalizar gracias a Elementor, \u00a1as\u00ed que no necesitas ni una l\u00ednea de c\u00f3digo! Esta plantilla [\u2026]<\/p>","protected":false},"featured_media":855,"comment_status":"closed","ping_status":"open","template":"","meta":{"_jf_limit_responses":"","iawp_total_views":82},"product_brand":[],"product_cat":[23,24,38],"product_tag":[19],"class_list":{"0":"post-854","1":"product","2":"type-product","3":"status-publish","4":"has-post-thumbnail","6":"product_cat-templates-elementor-e-envato","7":"product_cat-templates-envato","8":"product_cat-turismo-e-viagens","9":"product_tag-vitalicio","11":"first","12":"instock","13":"downloadable","14":"virtual","15":"purchasable","16":"product-type-simple"},"_links":{"self":[{"href":"https:\/\/packdesites.com\/es\/wp-json\/wp\/v2\/product\/854","targetHints":{"allow":["GET"]}}],"collection":[{"href":"https:\/\/packdesites.com\/es\/wp-json\/wp\/v2\/product"}],"about":[{"href":"https:\/\/packdesites.com\/es\/wp-json\/wp\/v2\/types\/product"}],"replies":[{"embeddable":true,"href":"https:\/\/packdesites.com\/es\/wp-json\/wp\/v2\/comments?post=854"}],"version-history":[{"count":1,"href":"https:\/\/packdesites.com\/es\/wp-json\/wp\/v2\/product\/854\/revisions"}],"predecessor-version":[{"id":22492,"href":"https:\/\/packdesites.com\/es\/wp-json\/wp\/v2\/product\/854\/revisions\/22492"}],"wp:featuredmedia":[{"embeddable":true,"href":"https:\/\/packdesites.com\/es\/wp-json\/wp\/v2\/media\/855"}],"wp:attachment":[{"href":"https:\/\/packdesites.com\/es\/wp-json\/wp\/v2\/media?parent=854"}],"wp:term":[{"taxonomy":"product_brand","embeddable":true,"href":"https:\/\/packdesites.com\/es\/wp-json\/wp\/v2\/product_brand?post=854"},{"taxonomy":"product_cat","embeddable":true,"href":"https:\/\/packdesites.com\/es\/wp-json\/wp\/v2\/product_cat?post=854"},{"taxonomy":"product_tag","embeddable":true,"href":"https:\/\/packdesites.com\/es\/wp-json\/wp\/v2\/product_tag?post=854"}],"curies":[{"name":"wp","href":"https:\/\/api.w.org\/{rel}","templated":true}]}}