{"id":852,"date":"2022-07-26T03:00:00","date_gmt":"2022-07-26T03:00:00","guid":{"rendered":"https:\/\/packdesites.com\/produto\/trawell-site-de-viagemturismo-e-hotel\/"},"modified":"2025-04-03T00:35:13","modified_gmt":"2025-04-03T00:35:13","slug":"sitio-web-de-viajes-de-trawell-turismo-y-hoteleria","status":"publish","type":"product","link":"https:\/\/packdesites.com\/es\/product\/sitio-web-de-viajes-de-trawell-turismo-y-hoteleria\/","title":{"rendered":"Trawell - Sitio web de viajes, turismo y hoteles"},"content":{"rendered":"<p>Inspirados por uno de los temas de blogs de viajes m\u00e1s populares, Trawell, creamos&nbsp;<strong>Un kit de plantillas Elementor cuidadosamente dise\u00f1ado para ayudarte a crear un blog de viajes profesional en poco tiempo.<\/strong>&nbsp;Has estado posponiendo esta aventura por mucho tiempo: \u00a1es hora de compartir tus historias con el mundo!<\/p>\n\n\n\n<p><strong>Haz que tu sitio web destaque<\/strong><\/p>\n\n\n\n<p>Elige entre una variedad de modelos y combina con tu gusto personal. Por supuesto, con Elementor puedes personalizar y cambiar todo a tu gusto.<\/p>\n\n\n\n<p><strong>Cuente historias de una manera \u00fanica<\/strong><\/p>\n\n\n\n<p>Con el kit de plantillas de Trawell, es f\u00e1cil crear un hermoso blog en solo unos pocos clics. Simplemente elige las plantillas que m\u00e1s te gusten y comienza a escribir tus historias.<\/p>\n\n\n\n<p><strong>Juega con la p\u00e1gina de inicio<\/strong><\/p>\n\n\n\n<p>Hemos incluido todas las secciones de la p\u00e1gina de inicio como plantillas separadas para que puedas crear tu propia combinaci\u00f3n. \u00a1Divertirse!<\/p>\n\n\n\n<p><strong>Elementor Pro es bienvenido, pero no obligatorio<\/strong><\/p>\n\n\n\n<p>Algunas de las p\u00e1ginas de este kit de plantillas se crearon con la versi\u00f3n b\u00e1sica de Elementor, por lo que puedes comenzar a crear incluso si no tienes la licencia Pro. Por supuesto, con Elementor Pro tienes una gama mucho m\u00e1s amplia de funciones disponibles.<\/p>\n\n\n\n<p><strong>Se ve bien en cualquier pantalla.<\/strong><\/p>\n\n\n\n<p>Nos aseguramos de que su contenido se adapte perfectamente a una amplia gama de pantallas, desde tel\u00e9fonos m\u00f3viles hasta computadoras de escritorio.<\/p>","protected":false},"excerpt":{"rendered":"<p>Inspirado por um dos temas de blog de viagens mais populares, Trawell, criamos&nbsp;um template kit Elementor cuidadosamente projetado para ajud\u00e1-lo a criar um blog de viagens profissional em pouco tempo.&nbsp;Voc\u00ea est\u00e1 adiando essa aventura h\u00e1 muito tempo &#8211; \u00e9 hora de compartilhar suas hist\u00f3rias com o mundo! Deixe seu site se destacar Escolha entre uma [&hellip;]<\/p>","protected":false},"featured_media":853,"comment_status":"closed","ping_status":"open","template":"","meta":{"_jf_limit_responses":"","iawp_total_views":51},"product_brand":[],"product_cat":[23,24,38],"product_tag":[19],"class_list":{"0":"post-852","1":"product","2":"type-product","3":"status-publish","4":"has-post-thumbnail","6":"product_cat-templates-elementor-e-envato","7":"product_cat-templates-envato","8":"product_cat-turismo-e-viagens","9":"product_tag-vitalicio","11":"first","12":"instock","13":"downloadable","14":"virtual","15":"purchasable","16":"product-type-simple"},"_links":{"self":[{"href":"https:\/\/packdesites.com\/es\/wp-json\/wp\/v2\/product\/852","targetHints":{"allow":["GET"]}}],"collection":[{"href":"https:\/\/packdesites.com\/es\/wp-json\/wp\/v2\/product"}],"about":[{"href":"https:\/\/packdesites.com\/es\/wp-json\/wp\/v2\/types\/product"}],"replies":[{"embeddable":true,"href":"https:\/\/packdesites.com\/es\/wp-json\/wp\/v2\/comments?post=852"}],"version-history":[{"count":0,"href":"https:\/\/packdesites.com\/es\/wp-json\/wp\/v2\/product\/852\/revisions"}],"wp:featuredmedia":[{"embeddable":true,"href":"https:\/\/packdesites.com\/es\/wp-json\/wp\/v2\/media\/853"}],"wp:attachment":[{"href":"https:\/\/packdesites.com\/es\/wp-json\/wp\/v2\/media?parent=852"}],"wp:term":[{"taxonomy":"product_brand","embeddable":true,"href":"https:\/\/packdesites.com\/es\/wp-json\/wp\/v2\/product_brand?post=852"},{"taxonomy":"product_cat","embeddable":true,"href":"https:\/\/packdesites.com\/es\/wp-json\/wp\/v2\/product_cat?post=852"},{"taxonomy":"product_tag","embeddable":true,"href":"https:\/\/packdesites.com\/es\/wp-json\/wp\/v2\/product_tag?post=852"}],"curies":[{"name":"wp","href":"https:\/\/api.w.org\/{rel}","templated":true}]}}