{"id":850,"date":"2022-07-26T03:00:00","date_gmt":"2022-07-26T03:00:00","guid":{"rendered":"https:\/\/packdesites.com\/produto\/travenu-site-de-viagemturismo-e-hotel\/"},"modified":"2025-04-03T00:35:12","modified_gmt":"2025-04-03T00:35:12","slug":"sitio-web-de-viajes-turismo-y-hoteles-travenu","status":"publish","type":"product","link":"https:\/\/packdesites.com\/es\/product\/sitio-web-de-viajes-turismo-y-hoteles-travenu\/","title":{"rendered":"Travenu \u2013 Sitio web de viajes, turismo y hoteles"},"content":{"rendered":"<p>Travenu \u2013 Kit de plantillas Elementor para agencias de viajes y tours creado especialmente para turismo, agencias de viajes, sitios web de viajes, operadores tur\u00edsticos, visitas tur\u00edsticas, viajes, destinos, reservas de viajes, aventuras y todos los dem\u00e1s sitios web y negocios de viajes y tours sin una sola l\u00ednea de codificaci\u00f3n.<\/p>\n\n\n\n<p>Este kit de plantillas incluye plantillas impresionantes y cuidadosamente dise\u00f1adas; puede crear el sitio web comercial de aspecto profesional de su empresa con solo un clic.<\/p>\n\n\n\n<p><strong>Caracter\u00edsticas:<\/strong><\/p>\n\n\n\n<ul class=\"wp-block-list\"><li>Uso de complementos gratuitos (no se requiere Elementor Pro)<\/li><li>Dise\u00f1o moderno y limpio<\/li><li>M\u00e1s de 19 plantillas listas para usar<\/li><li>Dise\u00f1o totalmente adaptable<\/li><li>Pr\u00f3ximamente en retina<\/li><li>Totalmente personalizable<\/li><li>Compatibilidad del navegador: Chrome, Firefox, Safari, Opera<\/li><\/ul>\n\n\n\n<p><strong>Los modelos incluyen:<\/strong><\/p>\n\n\n\n<ul class=\"wp-block-list\"><li>Hogar<\/li><li>Sobre nosotros<\/li><li>Paquetes<\/li><li>Detalles del paquete<\/li><li>Destino<\/li><li>Detalle del destino<\/li><li>Gu\u00eda<\/li><li>Galer\u00eda<\/li><li>PREGUNTAS FRECUENTES<\/li><li>Blog<\/li><li>Blog exclusivo<\/li><li>Contacto<\/li><li>Paquetes de reserva de MetForm<\/li><li>Destino de copia de seguridad de Metform<\/li><li>Contacte con MetForm<\/li><li>P\u00e1gina 404<\/li><li>Encabezamiento<\/li><li>Z\u00f3calo<\/li><li>Estilo tem\u00e1tico global<\/li><\/ul>\n\n\n\n<p><strong>Complemento requerido:<\/strong><\/p>\n\n\n\n<ul class=\"wp-block-list\"><li>Elementor<\/li><li>ElementsKit Lite<\/li><li>Kit de elementos Elementor<\/li><li>MetForm<\/li><li>JetSticky para Elementor<\/li><\/ul>","protected":false},"excerpt":{"rendered":"<p>Travenu \u2013 Kit de plantillas Elementor para agencias de viajes y turismo, creado especialmente para agencias de viajes, sitios web de viajes, operadores tur\u00edsticos, destinos, reservas de viajes, aventuras y cualquier otro sitio web y negocio de viajes y turismo, \u00a1sin necesidad de programar! Este kit incluye plantillas impresionantes y cuidadosamente dise\u00f1adas. [\u2026]<\/p>","protected":false},"featured_media":851,"comment_status":"closed","ping_status":"open","template":"","meta":{"_jf_limit_responses":"","iawp_total_views":116},"product_brand":[],"product_cat":[23,24,38],"product_tag":[19],"class_list":{"0":"post-850","1":"product","2":"type-product","3":"status-publish","4":"has-post-thumbnail","6":"product_cat-templates-elementor-e-envato","7":"product_cat-templates-envato","8":"product_cat-turismo-e-viagens","9":"product_tag-vitalicio","11":"first","12":"instock","13":"downloadable","14":"virtual","15":"purchasable","16":"product-type-simple"},"_links":{"self":[{"href":"https:\/\/packdesites.com\/es\/wp-json\/wp\/v2\/product\/850","targetHints":{"allow":["GET"]}}],"collection":[{"href":"https:\/\/packdesites.com\/es\/wp-json\/wp\/v2\/product"}],"about":[{"href":"https:\/\/packdesites.com\/es\/wp-json\/wp\/v2\/types\/product"}],"replies":[{"embeddable":true,"href":"https:\/\/packdesites.com\/es\/wp-json\/wp\/v2\/comments?post=850"}],"version-history":[{"count":0,"href":"https:\/\/packdesites.com\/es\/wp-json\/wp\/v2\/product\/850\/revisions"}],"wp:featuredmedia":[{"embeddable":true,"href":"https:\/\/packdesites.com\/es\/wp-json\/wp\/v2\/media\/851"}],"wp:attachment":[{"href":"https:\/\/packdesites.com\/es\/wp-json\/wp\/v2\/media?parent=850"}],"wp:term":[{"taxonomy":"product_brand","embeddable":true,"href":"https:\/\/packdesites.com\/es\/wp-json\/wp\/v2\/product_brand?post=850"},{"taxonomy":"product_cat","embeddable":true,"href":"https:\/\/packdesites.com\/es\/wp-json\/wp\/v2\/product_cat?post=850"},{"taxonomy":"product_tag","embeddable":true,"href":"https:\/\/packdesites.com\/es\/wp-json\/wp\/v2\/product_tag?post=850"}],"curies":[{"name":"wp","href":"https:\/\/api.w.org\/{rel}","templated":true}]}}