{"id":848,"date":"2022-07-26T03:00:00","date_gmt":"2022-07-26T03:00:00","guid":{"rendered":"https:\/\/packdesites.com\/produto\/traveltour-site-de-viagemturismo-e-hotel\/"},"modified":"2025-04-03T00:35:10","modified_gmt":"2025-04-03T00:35:10","slug":"sitio-web-de-viajes-traveltour-turismo-y-hoteleria","status":"publish","type":"product","link":"https:\/\/packdesites.com\/es\/product\/sitio-web-de-viajes-traveltour-turismo-y-hoteleria\/","title":{"rendered":"TravelTour \u2013 Sitio web de viajes, turismo y hoteles"},"content":{"rendered":"<p><strong>Viaje tur\u00edstico<\/strong>&nbsp;El kit est\u00e1 dise\u00f1ado para agencias de viajes y utiliza el famoso creador de p\u00e1ginas gratuito Elementor. Con este kit, puedes importar con un solo clic p\u00e1ginas incre\u00edbles para tours y agencias de viajes, con todas las im\u00e1genes incluidas gratis. El kit tambi\u00e9n incluye un plugin gratuito para crear tu encabezado y pie de p\u00e1gina con el creador de p\u00e1ginas.<\/p>\n\n\n\n<p><strong>P\u00e1ginas incluidas en el Kit:<\/strong><\/p>\n\n\n\n<ul class=\"wp-block-list\"><li>Casa 1<\/li><li>Casa 2<\/li><li>Casa 3<\/li><li>Sobre nosotros 1<\/li><li>Sobre nosotros 2<\/li><li>Destinos<\/li><li>Galer\u00eda<\/li><li>Servicios<\/li><li>Empleados<\/li><\/ul>","protected":false},"excerpt":{"rendered":"<p>Travel Tour&nbsp;kit foi projetado para todas as ag\u00eancia de viagens, use o mais famoso construtor de p\u00e1gina GR\u00c1TIS Elementor. Com este kit voc\u00ea pode importar em um clique p\u00e1ginas incr\u00edveis embora para passeios, ag\u00eancia de viagens com todas as imagens inclu\u00eddas gratuitamente. O kit inclui tamb\u00e9m outro plugin GR\u00c1TIS para a cria\u00e7\u00e3o com o construtor [&hellip;]<\/p>","protected":false},"featured_media":849,"comment_status":"closed","ping_status":"open","template":"","meta":{"_jf_limit_responses":"","iawp_total_views":58},"product_brand":[],"product_cat":[23,24,38],"product_tag":[19],"class_list":{"0":"post-848","1":"product","2":"type-product","3":"status-publish","4":"has-post-thumbnail","6":"product_cat-templates-elementor-e-envato","7":"product_cat-templates-envato","8":"product_cat-turismo-e-viagens","9":"product_tag-vitalicio","11":"first","12":"instock","13":"downloadable","14":"virtual","15":"purchasable","16":"product-type-simple"},"_links":{"self":[{"href":"https:\/\/packdesites.com\/es\/wp-json\/wp\/v2\/product\/848","targetHints":{"allow":["GET"]}}],"collection":[{"href":"https:\/\/packdesites.com\/es\/wp-json\/wp\/v2\/product"}],"about":[{"href":"https:\/\/packdesites.com\/es\/wp-json\/wp\/v2\/types\/product"}],"replies":[{"embeddable":true,"href":"https:\/\/packdesites.com\/es\/wp-json\/wp\/v2\/comments?post=848"}],"version-history":[{"count":0,"href":"https:\/\/packdesites.com\/es\/wp-json\/wp\/v2\/product\/848\/revisions"}],"wp:featuredmedia":[{"embeddable":true,"href":"https:\/\/packdesites.com\/es\/wp-json\/wp\/v2\/media\/849"}],"wp:attachment":[{"href":"https:\/\/packdesites.com\/es\/wp-json\/wp\/v2\/media?parent=848"}],"wp:term":[{"taxonomy":"product_brand","embeddable":true,"href":"https:\/\/packdesites.com\/es\/wp-json\/wp\/v2\/product_brand?post=848"},{"taxonomy":"product_cat","embeddable":true,"href":"https:\/\/packdesites.com\/es\/wp-json\/wp\/v2\/product_cat?post=848"},{"taxonomy":"product_tag","embeddable":true,"href":"https:\/\/packdesites.com\/es\/wp-json\/wp\/v2\/product_tag?post=848"}],"curies":[{"name":"wp","href":"https:\/\/api.w.org\/{rel}","templated":true}]}}