{"id":830,"date":"2022-07-24T03:00:00","date_gmt":"2022-07-24T03:00:00","guid":{"rendered":"https:\/\/packdesites.com\/produto\/onetrav-site-de-viagemturismo-e-hotel\/"},"modified":"2025-04-03T00:34:51","modified_gmt":"2025-04-03T00:34:51","slug":"sitio-web-de-viajes-turismo-y-hoteles-onetrav","status":"publish","type":"product","link":"https:\/\/packdesites.com\/es\/product\/sitio-web-de-viajes-turismo-y-hoteles-onetrav\/","title":{"rendered":"Onetrav \u2013 Sitio web de viajes, turismo y hoteles"},"content":{"rendered":"<p><strong>Onetrav<\/strong>&nbsp;Es un potente y responsivo kit de plantillas Elementor para agencias de viajes. Con este kit, puedes crear un sitio web para la plataforma Trip.<\/p>\n\n\n\n<p><strong>Con Onetrav<\/strong>&nbsp;Puedes crear un sitio web de viajes atractivo, moderno y elegante en tan solo unos minutos. Este kit de plantillas de Elementor es \u00fatil para vloggers y agencias. Puedes crear un sitio web creativo y totalmente responsivo, adaptado a las necesidades de tu negocio.<\/p>\n\n\n\n<p><strong>Todas las funciones:<\/strong><\/p>\n\n\n\n<ul class=\"wp-block-list\"><li>M\u00e1s de 10 plantillas de Elementor<\/li><li>Instalaci\u00f3n con 1 clic<\/li><li>Personalizaci\u00f3n real sin c\u00f3digo con un generador visual de arrastrar y soltar<\/li><li>Personalice fuentes y colores en un solo lugar o ajuste elementos individuales<\/li><li>Dise\u00f1o moderno y profesional.<\/li><li>Carga r\u00e1pida<\/li><li>Funciona con la mayor\u00eda de los temas de Elementor.<\/li><\/ul>\n\n\n\n<p><strong>El kit incluye:<\/strong><\/p>\n\n\n\n<ul class=\"wp-block-list\"><li>Hogar<\/li><li>En<\/li><li>Excursi\u00f3n<\/li><li>Destino<\/li><li>Detalles del tour<\/li><li>Nuestro equipo<\/li><li>Testimonio<\/li><li>Galer\u00eda<\/li><li>PREGUNTAS FRECUENTES<\/li><li>Blog<\/li><li>Publicaci\u00f3n \u00fanica<\/li><li>Archivo<\/li><li>Cont\u00e1ctanos<\/li><li>Encabezamiento<\/li><li>Z\u00f3calo<\/li><\/ul>\n\n\n\n<p><strong>Complementos necesarios:<\/strong><\/p>\n\n\n\n<ul class=\"wp-block-list\"><li>Elementor gratuito<\/li><li>Elementor Pro<\/li><li>Kit de Elementor<\/li><\/ul>","protected":false},"excerpt":{"rendered":"<p>Onetrav&nbsp;\u00e9 um poderoso e responsivo kit de modelos de elementos para a Ag\u00eancia de Viagens. Com a ajuda deste kit de modelo elementor voc\u00ea pode criar um site para a plataforma Trip. Com a Onetrav&nbsp;voc\u00ea pode criar um belo, mas moderno e elegante local de Viagem em poucos minutos. Este kit de modelo Elementor \u00e9 [&hellip;]<\/p>","protected":false},"featured_media":831,"comment_status":"closed","ping_status":"open","template":"","meta":{"_jf_limit_responses":"","iawp_total_views":28},"product_brand":[],"product_cat":[23,24,38],"product_tag":[19],"class_list":{"0":"post-830","1":"product","2":"type-product","3":"status-publish","4":"has-post-thumbnail","6":"product_cat-templates-elementor-e-envato","7":"product_cat-templates-envato","8":"product_cat-turismo-e-viagens","9":"product_tag-vitalicio","11":"first","12":"instock","13":"downloadable","14":"virtual","15":"purchasable","16":"product-type-simple"},"_links":{"self":[{"href":"https:\/\/packdesites.com\/es\/wp-json\/wp\/v2\/product\/830","targetHints":{"allow":["GET"]}}],"collection":[{"href":"https:\/\/packdesites.com\/es\/wp-json\/wp\/v2\/product"}],"about":[{"href":"https:\/\/packdesites.com\/es\/wp-json\/wp\/v2\/types\/product"}],"replies":[{"embeddable":true,"href":"https:\/\/packdesites.com\/es\/wp-json\/wp\/v2\/comments?post=830"}],"version-history":[{"count":0,"href":"https:\/\/packdesites.com\/es\/wp-json\/wp\/v2\/product\/830\/revisions"}],"wp:featuredmedia":[{"embeddable":true,"href":"https:\/\/packdesites.com\/es\/wp-json\/wp\/v2\/media\/831"}],"wp:attachment":[{"href":"https:\/\/packdesites.com\/es\/wp-json\/wp\/v2\/media?parent=830"}],"wp:term":[{"taxonomy":"product_brand","embeddable":true,"href":"https:\/\/packdesites.com\/es\/wp-json\/wp\/v2\/product_brand?post=830"},{"taxonomy":"product_cat","embeddable":true,"href":"https:\/\/packdesites.com\/es\/wp-json\/wp\/v2\/product_cat?post=830"},{"taxonomy":"product_tag","embeddable":true,"href":"https:\/\/packdesites.com\/es\/wp-json\/wp\/v2\/product_tag?post=830"}],"curies":[{"name":"wp","href":"https:\/\/api.w.org\/{rel}","templated":true}]}}