{"id":828,"date":"2022-07-24T03:00:00","date_gmt":"2022-07-24T03:00:00","guid":{"rendered":"https:\/\/packdesites.com\/produto\/natour-site-de-viagemturismo-e-hotel\/"},"modified":"2025-04-03T00:34:49","modified_gmt":"2025-04-03T00:34:49","slug":"sitio-web-de-viajes-natour-turismo-y-hoteleria","status":"publish","type":"product","link":"https:\/\/packdesites.com\/es\/product\/sitio-web-de-viajes-natour-turismo-y-hoteleria\/","title":{"rendered":"Natour \u2013 Web de viajes, turismo y hoteles"},"content":{"rendered":"<p>Natour es un kit de plantillas Elementor para crear r\u00e1pida y f\u00e1cilmente sitios web para su negocio utilizando el complemento Elementor Page Builder para WordPress. Este kit est\u00e1 optimizado para su uso con el tema gratuito Hello Elementor, pero se puede utilizar con la mayor\u00eda de los temas compatibles con Elementor. Las plantillas presentan un dise\u00f1o moderno y limpio con un dise\u00f1o 100% responsivo, compatible con retina y f\u00e1cil de personalizar.<\/p>\n\n\n\n<p><strong>Caracter\u00edsticas:<\/strong><\/p>\n\n\n\n<ul class=\"wp-block-list\"><li>Uso de complementos gratuitos (no se requiere Elementor Pro)<\/li><li>Dise\u00f1o moderno, cl\u00e1sico y limpio<\/li><li>M\u00e1s de 16 plantillas listas para usar<\/li><li>Dise\u00f1o totalmente adaptable<\/li><li>Listo para retina<\/li><li>Totalmente personalizable<\/li><li>Compatibilidad entre navegadores: Chrome, Firefox, Safari, Opera<\/li><\/ul>\n\n\n\n<p><strong>Los modelos incluyen:<\/strong><\/p>\n\n\n\n<ul class=\"wp-block-list\"><li>Hogar<\/li><li>Quienes somos<\/li><li>Actividad<\/li><li>Destino<\/li><li>Detalles del destino<\/li><li>Galer\u00eda<\/li><li>Art\u00edculo<\/li><li>Publicaci\u00f3n \u00fanica<\/li><li>PREGUNTAS FRECUENTES<\/li><li>Cont\u00e1ctanos<\/li><li>P\u00e1gina 404<\/li><li>Metform \u2013 Formulario de contacto<\/li><li>Metform \u2013 Formulario de reserva<\/li><li>Encabezamiento<\/li><li>Z\u00f3calo<\/li><li>Estilo tem\u00e1tico global<\/li><\/ul>","protected":false},"excerpt":{"rendered":"<p>Natour es un kit de plantillas de Elementor para crear sitios web para tu negocio de forma r\u00e1pida y sencilla con el plugin Elementor Page Builder para WordPress. Este kit est\u00e1 optimizado para su uso con el tema gratuito Hello Elementor, pero es compatible con la mayor\u00eda de los temas compatibles con Elementor. Las plantillas incluyen [\u2026]<\/p>","protected":false},"featured_media":829,"comment_status":"closed","ping_status":"open","template":"","meta":{"_jf_limit_responses":"","iawp_total_views":24},"product_brand":[],"product_cat":[23,24,38],"product_tag":[19],"class_list":{"0":"post-828","1":"product","2":"type-product","3":"status-publish","4":"has-post-thumbnail","6":"product_cat-templates-elementor-e-envato","7":"product_cat-templates-envato","8":"product_cat-turismo-e-viagens","9":"product_tag-vitalicio","11":"first","12":"instock","13":"downloadable","14":"virtual","15":"purchasable","16":"product-type-simple"},"_links":{"self":[{"href":"https:\/\/packdesites.com\/es\/wp-json\/wp\/v2\/product\/828","targetHints":{"allow":["GET"]}}],"collection":[{"href":"https:\/\/packdesites.com\/es\/wp-json\/wp\/v2\/product"}],"about":[{"href":"https:\/\/packdesites.com\/es\/wp-json\/wp\/v2\/types\/product"}],"replies":[{"embeddable":true,"href":"https:\/\/packdesites.com\/es\/wp-json\/wp\/v2\/comments?post=828"}],"version-history":[{"count":0,"href":"https:\/\/packdesites.com\/es\/wp-json\/wp\/v2\/product\/828\/revisions"}],"wp:featuredmedia":[{"embeddable":true,"href":"https:\/\/packdesites.com\/es\/wp-json\/wp\/v2\/media\/829"}],"wp:attachment":[{"href":"https:\/\/packdesites.com\/es\/wp-json\/wp\/v2\/media?parent=828"}],"wp:term":[{"taxonomy":"product_brand","embeddable":true,"href":"https:\/\/packdesites.com\/es\/wp-json\/wp\/v2\/product_brand?post=828"},{"taxonomy":"product_cat","embeddable":true,"href":"https:\/\/packdesites.com\/es\/wp-json\/wp\/v2\/product_cat?post=828"},{"taxonomy":"product_tag","embeddable":true,"href":"https:\/\/packdesites.com\/es\/wp-json\/wp\/v2\/product_tag?post=828"}],"curies":[{"name":"wp","href":"https:\/\/api.w.org\/{rel}","templated":true}]}}