{"id":799,"date":"2024-04-25T03:00:00","date_gmt":"2024-04-25T03:00:00","guid":{"rendered":"https:\/\/packdesites.com\/produto\/munhoz-site-de-financas-e-direito\/"},"modified":"2025-04-03T00:34:00","modified_gmt":"2025-04-03T00:34:00","slug":"sitio-web-de-finanzas-y-derecho-de-munhoz","status":"publish","type":"product","link":"https:\/\/packdesites.com\/es\/product\/sitio-web-de-finanzas-y-derecho-de-munhoz\/","title":{"rendered":"Munhoz \u2013 Sitio web de finanzas y derecho"},"content":{"rendered":"<p>Descargar el&nbsp;<strong>Kit de modelo Munhoz para<\/strong>&nbsp;Un dise\u00f1o moderno y colorido para su empresa o negocio de servicios legales o un sitio web personal para abogados.<\/p>\n\n\n\n<p>Creado con Elementor, este kit tiene todo lo necesario para crear tu sitio web. Incluye 16 dise\u00f1os predise\u00f1ados con diversas opciones de secci\u00f3n y animaciones \u00fanicas.<\/p>\n\n\n\n<p>El kit est\u00e1 listo para que todos lo usen. No se requieren conocimientos de programaci\u00f3n ni dise\u00f1o.<\/p>\n\n\n\n<p>Este kit fue creado con el tema Hello, pero puedes usar cualquier otro tema con soporte para Elementor.<\/p>\n\n\n\n<p>Se requiere la actualizaci\u00f3n de Elementor Pro para algunas plantillas y funciones (no incluidas).<\/p>\n\n\n\n<p><strong>Caracter\u00edsticas<\/strong><\/p>\n\n\n\n<ul class=\"wp-block-list\"><li>Dise\u00f1o profesional<\/li><li>100% Responsivo y compatible con dispositivos m\u00f3viles<\/li><li>Personaliza los dise\u00f1os de encabezado y pie de p\u00e1gina en el generador de p\u00e1ginas Elementor<\/li><li>16 modelos predise\u00f1ados<\/li><li>Funciona con la mayor\u00eda de los temas compatibles con Elementor.<\/li><li>Fuentes de Google<\/li><\/ul>\n\n\n\n<p><strong>Modelos<\/strong><\/p>\n\n\n\n<ul class=\"wp-block-list\"><li>404<\/li><li>Quienes somos<\/li><li>Abogado de bancarrotas<\/li><li>Cont\u00e1ctanos<\/li><li>Abogado Corporativo<\/li><li>Abogado Penalista<\/li><li>Abogado de Familia<\/li><li>Hogar<\/li><li>Abogado de inmigraci\u00f3n<\/li><li>Abogado de Negligencia M\u00e9dica<\/li><li>Abogado de lesiones personales<\/li><li>Planes de precios<\/li><li>Abogado fiscal<\/li><li>Testimonios<\/li><li>Z\u00f3calo<\/li><li>Encabezamiento<\/li><\/ul>\n\n\n\n<p><strong>Complementos necesarios<\/strong><\/p>\n\n\n\n<ul class=\"wp-block-list\"><li>Elementor<\/li><li>Elementor Pro<\/li><\/ul>","protected":false},"excerpt":{"rendered":"<p>Baixe o&nbsp;Kit modelo Munhoz para&nbsp;um design moderno e colorido para sua empresa ou neg\u00f3cio envolvendo servi\u00e7os jur\u00eddicos ou um site pessoal para advogados. Constru\u00eddo com elementor, este kit tem tudo o que voc\u00ea precisa para construir o seu site. Este kit tem 16 layouts pr\u00e9-constru\u00eddos com muitas op\u00e7\u00f5es de se\u00e7\u00e3o diferentes e apresenta anima\u00e7\u00f5es exclusivas. [&hellip;]<\/p>","protected":false},"featured_media":800,"comment_status":"closed","ping_status":"open","template":"","meta":{"_jf_limit_responses":"","iawp_total_views":139},"product_brand":[],"product_cat":[37,36,27,23,24],"product_tag":[19],"class_list":{"0":"post-799","1":"product","2":"type-product","3":"status-publish","4":"has-post-thumbnail","6":"product_cat-advogado","7":"product_cat-consultoria-de-negocios","8":"product_cat-prestadores-de-servicos","9":"product_cat-templates-elementor-e-envato","10":"product_cat-templates-envato","11":"product_tag-vitalicio","13":"first","14":"instock","15":"downloadable","16":"virtual","17":"purchasable","18":"product-type-simple"},"_links":{"self":[{"href":"https:\/\/packdesites.com\/es\/wp-json\/wp\/v2\/product\/799","targetHints":{"allow":["GET"]}}],"collection":[{"href":"https:\/\/packdesites.com\/es\/wp-json\/wp\/v2\/product"}],"about":[{"href":"https:\/\/packdesites.com\/es\/wp-json\/wp\/v2\/types\/product"}],"replies":[{"embeddable":true,"href":"https:\/\/packdesites.com\/es\/wp-json\/wp\/v2\/comments?post=799"}],"version-history":[{"count":0,"href":"https:\/\/packdesites.com\/es\/wp-json\/wp\/v2\/product\/799\/revisions"}],"wp:featuredmedia":[{"embeddable":true,"href":"https:\/\/packdesites.com\/es\/wp-json\/wp\/v2\/media\/800"}],"wp:attachment":[{"href":"https:\/\/packdesites.com\/es\/wp-json\/wp\/v2\/media?parent=799"}],"wp:term":[{"taxonomy":"product_brand","embeddable":true,"href":"https:\/\/packdesites.com\/es\/wp-json\/wp\/v2\/product_brand?post=799"},{"taxonomy":"product_cat","embeddable":true,"href":"https:\/\/packdesites.com\/es\/wp-json\/wp\/v2\/product_cat?post=799"},{"taxonomy":"product_tag","embeddable":true,"href":"https:\/\/packdesites.com\/es\/wp-json\/wp\/v2\/product_tag?post=799"}],"curies":[{"name":"wp","href":"https:\/\/api.w.org\/{rel}","templated":true}]}}