{"id":797,"date":"2024-04-25T03:00:00","date_gmt":"2024-04-25T03:00:00","guid":{"rendered":"https:\/\/packdesites.com\/produto\/mig-site-de-financas-e-direito\/"},"modified":"2025-04-03T00:33:58","modified_gmt":"2025-04-03T00:33:58","slug":"sitio-web-de-finanzas-y-derecho-de-mig","status":"publish","type":"product","link":"https:\/\/packdesites.com\/es\/product\/sitio-web-de-finanzas-y-derecho-de-mig\/","title":{"rendered":"Mig \u2013 Sitio web de finanzas y derecho"},"content":{"rendered":"<p>Mig \u2013 Law &amp; Attorney Template Kit es un kit de WordPress Elementor responsivo y limpio para bufetes de abogados, asesores legales, directores legales, abogados, consultoras, firmas financieras, procuradores y consejeros. Es un kit de plantillas legales para WordPress que te ayuda a promocionar tus servicios y compartir tus logros en l\u00ednea. El dise\u00f1o de Trabajo incluye p\u00e1ginas como Equipo Legal para presentar a tu equipo, Equipo Individual para mostrar la informaci\u00f3n de un miembro espec\u00edfico, \u00c1reas de Pr\u00e1ctica para compartir tus estad\u00edsticas y \u00faltimas actividades, y m\u00e1s. Mig \u2013 Law &amp; Attorney Template Kit viene con una paleta de colores elegante y atractiva, pero puedes personalizarla. No se requieren conocimientos de programaci\u00f3n para Mig \u2013 Law &amp; Attorney Template Kit. Est\u00e1 desarrollado con uno de los populares creadores de p\u00e1ginas de arrastrar y soltar de Elementor. Una forma r\u00e1pida de crear tu sitio web.<\/p>\n\n\n\n<p><strong>Caracter\u00edsticas principales<\/strong><\/p>\n\n\n\n<ul class=\"wp-block-list\"><li>M\u00e1s de 12 plantillas de estilos de temas globales<\/li><li>Constructor de p\u00e1ginas de arrastrar y soltar Elementor<\/li><li>WordPress 5.0 pr\u00f3ximamente<\/li><li>F\u00e1cil de personalizar<\/li><li>Dise\u00f1o minimalista, limpio y moderno.<\/li><\/ul>\n\n\n\n<p><strong>Los modelos incluyen:<\/strong><\/p>\n\n\n\n<ul class=\"wp-block-list\"><li>P\u00e1gina de inicio<\/li><li>Sobre nosotros<\/li><li>Servicios<\/li><li>Informaci\u00f3n de servicio<\/li><li>Equipo<\/li><li>Informaci\u00f3n del equipo<\/li><li>Blog<\/li><li>3 opciones de blog de una sola p\u00e1gina<\/li><li>Encabezamiento<\/li><li>Z\u00f3calo<\/li><li>Ventana emergente de encuesta (Elementor Pro)<\/li><li>Estilo tem\u00e1tico global<\/li><\/ul>","protected":false},"excerpt":{"rendered":"<p>Mig &#8211; Law &amp; Attorney Template Kit \u00e9 um WordPress Elementor Kit responsivo e limpo para escrit\u00f3rio de advocacia, Conselheiros Jur\u00eddicos, Diretores Jur\u00eddicos, Advogados, Consultoria, Finan\u00e7as, Solicitador, Advogados, Conselhos. \u00c9 um template kit de lei WordPress. Isso ajuda a promover servi\u00e7os e compartilhar conquistas on-line. O layout Trabalho inclui p\u00e1ginas como Equipe Jur\u00eddica para apresentar [&hellip;]<\/p>","protected":false},"featured_media":798,"comment_status":"closed","ping_status":"open","template":"","meta":{"_jf_limit_responses":"","iawp_total_views":77},"product_brand":[],"product_cat":[37,36,27,23,24],"product_tag":[19],"class_list":{"0":"post-797","1":"product","2":"type-product","3":"status-publish","4":"has-post-thumbnail","6":"product_cat-advogado","7":"product_cat-consultoria-de-negocios","8":"product_cat-prestadores-de-servicos","9":"product_cat-templates-elementor-e-envato","10":"product_cat-templates-envato","11":"product_tag-vitalicio","13":"first","14":"instock","15":"downloadable","16":"virtual","17":"purchasable","18":"product-type-simple"},"_links":{"self":[{"href":"https:\/\/packdesites.com\/es\/wp-json\/wp\/v2\/product\/797","targetHints":{"allow":["GET"]}}],"collection":[{"href":"https:\/\/packdesites.com\/es\/wp-json\/wp\/v2\/product"}],"about":[{"href":"https:\/\/packdesites.com\/es\/wp-json\/wp\/v2\/types\/product"}],"replies":[{"embeddable":true,"href":"https:\/\/packdesites.com\/es\/wp-json\/wp\/v2\/comments?post=797"}],"version-history":[{"count":0,"href":"https:\/\/packdesites.com\/es\/wp-json\/wp\/v2\/product\/797\/revisions"}],"wp:featuredmedia":[{"embeddable":true,"href":"https:\/\/packdesites.com\/es\/wp-json\/wp\/v2\/media\/798"}],"wp:attachment":[{"href":"https:\/\/packdesites.com\/es\/wp-json\/wp\/v2\/media?parent=797"}],"wp:term":[{"taxonomy":"product_brand","embeddable":true,"href":"https:\/\/packdesites.com\/es\/wp-json\/wp\/v2\/product_brand?post=797"},{"taxonomy":"product_cat","embeddable":true,"href":"https:\/\/packdesites.com\/es\/wp-json\/wp\/v2\/product_cat?post=797"},{"taxonomy":"product_tag","embeddable":true,"href":"https:\/\/packdesites.com\/es\/wp-json\/wp\/v2\/product_tag?post=797"}],"curies":[{"name":"wp","href":"https:\/\/api.w.org\/{rel}","templated":true}]}}