{"id":789,"date":"2024-04-25T03:00:00","date_gmt":"2024-04-25T03:00:00","guid":{"rendered":"https:\/\/packdesites.com\/produto\/lawone-site-de-financas-e-direito\/"},"modified":"2025-04-03T00:33:52","modified_gmt":"2025-04-03T00:33:52","slug":"sitio-web-de-derecho-y-finanzas-lawone","status":"publish","type":"product","link":"https:\/\/packdesites.com\/es\/product\/sitio-web-de-derecho-y-finanzas-lawone\/","title":{"rendered":"Lawone - Sitio web de finanzas y derecho"},"content":{"rendered":"<p><strong>Lawone<\/strong>&nbsp;Es un potente y responsivo kit de plantillas de Elementor para abogados. Con este kit, puede crear un sitio web para abogados y bufetes de abogados.<\/p>\n\n\n\n<p><strong>Lawone<\/strong>&nbsp;Puedes crear un bufete de abogados local atractivo, moderno y elegante en tan solo unos minutos. Este kit de plantillas de Elementor es \u00fatil para abogados y bufetes. Puedes crear un sitio web creativo y totalmente responsivo seg\u00fan las necesidades de tu negocio.<\/p>\n\n\n\n<p><strong>Todas las funciones:<\/strong><\/p>\n\n\n\n<ul class=\"wp-block-list\"><li>M\u00e1s de 10 plantillas de Elementor<\/li><li>Instalaci\u00f3n con 1 clic<\/li><li>Actualizaciones gratuitas de por vida<\/li><li><strong>Atenci\u00f3n al cliente 24\/7<\/strong><\/li><\/ul>\n\n\n\n<p><strong>El kit incluye:<\/strong><\/p>\n\n\n\n<ul class=\"wp-block-list\"><li>Hogar<\/li><li>En<\/li><li>Caso<\/li><li>Servicios<\/li><li>Equipo<\/li><li>Detalle del caso<\/li><li>Detalle del equipo<\/li><li>Testimonio<\/li><li>Preguntas frecuentes<\/li><li>Noticias<\/li><li>Publicaci\u00f3n \u00fanica<\/li><li>Archivo<\/li><li>Cont\u00e1ctanos<\/li><li>Ventanas emergentes<\/li><li>Detalles del equipo de Popups<\/li><li>Encabezamiento<\/li><li>Z\u00f3calo<\/li><\/ul>","protected":false},"excerpt":{"rendered":"<p>Lawone&nbsp;\u00e9 um template kit elemento poderoso e responsivo para Advogados. Com a ajuda deste template kit elementor, voc\u00ea pode criar um site para a plataforma Advogados e Escrit\u00f3rio de Advogados. Lawone&nbsp;voc\u00ea pode criar um belo, mas moderno e elegante escrit\u00f3rio de advocacia local em poucos minutos. Este template kit Elementor \u00e9 \u00fatil para advogados e [&hellip;]<\/p>","protected":false},"featured_media":790,"comment_status":"closed","ping_status":"open","template":"","meta":{"_jf_limit_responses":"","iawp_total_views":258},"product_brand":[],"product_cat":[37,36,27,23,24],"product_tag":[19],"class_list":{"0":"post-789","1":"product","2":"type-product","3":"status-publish","4":"has-post-thumbnail","6":"product_cat-advogado","7":"product_cat-consultoria-de-negocios","8":"product_cat-prestadores-de-servicos","9":"product_cat-templates-elementor-e-envato","10":"product_cat-templates-envato","11":"product_tag-vitalicio","13":"first","14":"instock","15":"downloadable","16":"virtual","17":"purchasable","18":"product-type-simple"},"_links":{"self":[{"href":"https:\/\/packdesites.com\/es\/wp-json\/wp\/v2\/product\/789","targetHints":{"allow":["GET"]}}],"collection":[{"href":"https:\/\/packdesites.com\/es\/wp-json\/wp\/v2\/product"}],"about":[{"href":"https:\/\/packdesites.com\/es\/wp-json\/wp\/v2\/types\/product"}],"replies":[{"embeddable":true,"href":"https:\/\/packdesites.com\/es\/wp-json\/wp\/v2\/comments?post=789"}],"version-history":[{"count":0,"href":"https:\/\/packdesites.com\/es\/wp-json\/wp\/v2\/product\/789\/revisions"}],"wp:featuredmedia":[{"embeddable":true,"href":"https:\/\/packdesites.com\/es\/wp-json\/wp\/v2\/media\/790"}],"wp:attachment":[{"href":"https:\/\/packdesites.com\/es\/wp-json\/wp\/v2\/media?parent=789"}],"wp:term":[{"taxonomy":"product_brand","embeddable":true,"href":"https:\/\/packdesites.com\/es\/wp-json\/wp\/v2\/product_brand?post=789"},{"taxonomy":"product_cat","embeddable":true,"href":"https:\/\/packdesites.com\/es\/wp-json\/wp\/v2\/product_cat?post=789"},{"taxonomy":"product_tag","embeddable":true,"href":"https:\/\/packdesites.com\/es\/wp-json\/wp\/v2\/product_tag?post=789"}],"curies":[{"name":"wp","href":"https:\/\/api.w.org\/{rel}","templated":true}]}}