{"id":786,"date":"2024-04-25T03:00:00","date_gmt":"2024-04-25T03:00:00","guid":{"rendered":"https:\/\/packdesites.com\/produto\/lawe-site-de-financas-e-direito\/"},"modified":"2025-04-03T00:33:47","modified_gmt":"2025-04-03T00:33:47","slug":"sitio-web-de-finanzas-y-derecho-de-lawe","status":"publish","type":"product","link":"https:\/\/packdesites.com\/es\/product\/sitio-web-de-finanzas-y-derecho-de-lawe\/","title":{"rendered":"LAWE \u2013 Sitio web de finanzas y derecho"},"content":{"rendered":"<p>\u00a1Conoce Lawe, desarrollado especialmente para abogados y sitios web de procuradores! El kit de plantillas viene con una selecci\u00f3n ideal de plantillas para cualquier abogado y procurador para ayudar a hacer crecer su negocio. Este kit tiene un dise\u00f1o moderno y \u00fanico con un dise\u00f1o 100% totalmente responsivo, f\u00e1cil instalaci\u00f3n y, por supuesto, muy f\u00e1cil de personalizar ya que al usar Elementor no necesitas una sola l\u00ednea de codificaci\u00f3n. Ahorra tiempo.<\/p>\n\n\n\n<p>Este kit de plantillas contiene contenido de p\u00e1gina para crear p\u00e1ginas de Elementor. Este kit est\u00e1 optimizado para su uso con el tema gratuito \u201cHello Elementor\u201d.<\/p>\n\n\n\n<p><strong>Caracter\u00edsticas:<\/strong><\/p>\n\n\n\n<ul class=\"wp-block-list\">\n<li>Compatible con WordPress \u2013 Elementor<\/li>\n\n\n\n<li>Uso de complementos gratuitos (no se requiere Elementor Pro)<\/li>\n\n\n\n<li>Personalizaci\u00f3n real sin c\u00f3digo con arrastrar y soltar<\/li>\n\n\n\n<li>100% totalmente responsivo y compatible con dispositivos m\u00f3viles<\/li>\n\n\n\n<li>Dise\u00f1o moderno y profesional.<\/li>\n\n\n\n<li>M\u00e1s de 11 plantillas predise\u00f1adas listas para usar<\/li>\n\n\n\n<li>Personaliza fuentes y colores en un solo lugar (Estilo de kit de temas global)<\/li>\n<\/ul>\n\n\n\n<p><strong>Modelos Zip:<\/strong><\/p>\n\n\n\n<ul class=\"wp-block-list\">\n<li>P\u00e1gina de inicio<\/li>\n\n\n\n<li>Sobre nosotros<\/li>\n\n\n\n<li>Abogado<\/li>\n\n\n\n<li>Abogado \u00fanico<\/li>\n\n\n\n<li>Estudio de caso<\/li>\n\n\n\n<li>Caso \u00fanico<\/li>\n\n\n\n<li>\u00c1reas de actividad<\/li>\n\n\n\n<li>Pr\u00e1ctica \u00fanica<\/li>\n\n\n\n<li>Historia<\/li>\n\n\n\n<li>PREGUNTAS FRECUENTES<\/li>\n\n\n\n<li>Cont\u00e1ctanos<\/li>\n\n\n\n<li>encabezamiento<\/li>\n\n\n\n<li>Z\u00f3calo<\/li>\n<\/ul>\n\n\n\n<p><strong>Complementos necesarios:<\/strong><\/p>\n\n\n\n<ul class=\"wp-block-list\">\n<li>Elementor<\/li>\n\n\n\n<li>Forma tem\u00e1tica de Roma<\/li>\n\n\n\n<li>Kit con tem\u00e1tica de Roma<\/li>\n<\/ul>","protected":false},"excerpt":{"rendered":"<p>Conhe\u00e7a, Lawe, especialmente desenvolvido para sites de advogados e advogados! O kit de modelos vem com uma sele\u00e7\u00e3o ideal de modelos para qualquer advogado e advogado para ajudar a expandir seus neg\u00f3cios. Este kit tem um design moderno e exclusivo com um layout 100% totalmente responsivo, f\u00e1cil instala\u00e7\u00e3o e, com certeza, muito f\u00e1cil de personalizar, [&hellip;]<\/p>","protected":false},"featured_media":787,"comment_status":"closed","ping_status":"open","template":"","meta":{"_jf_limit_responses":"","iawp_total_views":130},"product_brand":[],"product_cat":[37,36,27,23,24],"product_tag":[19],"class_list":{"0":"post-786","1":"product","2":"type-product","3":"status-publish","4":"has-post-thumbnail","6":"product_cat-advogado","7":"product_cat-consultoria-de-negocios","8":"product_cat-prestadores-de-servicos","9":"product_cat-templates-elementor-e-envato","10":"product_cat-templates-envato","11":"product_tag-vitalicio","13":"first","14":"instock","15":"downloadable","16":"virtual","17":"purchasable","18":"product-type-simple"},"_links":{"self":[{"href":"https:\/\/packdesites.com\/es\/wp-json\/wp\/v2\/product\/786","targetHints":{"allow":["GET"]}}],"collection":[{"href":"https:\/\/packdesites.com\/es\/wp-json\/wp\/v2\/product"}],"about":[{"href":"https:\/\/packdesites.com\/es\/wp-json\/wp\/v2\/types\/product"}],"replies":[{"embeddable":true,"href":"https:\/\/packdesites.com\/es\/wp-json\/wp\/v2\/comments?post=786"}],"version-history":[{"count":0,"href":"https:\/\/packdesites.com\/es\/wp-json\/wp\/v2\/product\/786\/revisions"}],"wp:featuredmedia":[{"embeddable":true,"href":"https:\/\/packdesites.com\/es\/wp-json\/wp\/v2\/media\/787"}],"wp:attachment":[{"href":"https:\/\/packdesites.com\/es\/wp-json\/wp\/v2\/media?parent=786"}],"wp:term":[{"taxonomy":"product_brand","embeddable":true,"href":"https:\/\/packdesites.com\/es\/wp-json\/wp\/v2\/product_brand?post=786"},{"taxonomy":"product_cat","embeddable":true,"href":"https:\/\/packdesites.com\/es\/wp-json\/wp\/v2\/product_cat?post=786"},{"taxonomy":"product_tag","embeddable":true,"href":"https:\/\/packdesites.com\/es\/wp-json\/wp\/v2\/product_tag?post=786"}],"curies":[{"name":"wp","href":"https:\/\/api.w.org\/{rel}","templated":true}]}}