{"id":778,"date":"2024-04-25T03:00:00","date_gmt":"2024-04-25T03:00:00","guid":{"rendered":"https:\/\/packdesites.com\/produto\/estatuto-site-de-financas-e-direito\/"},"modified":"2025-04-03T00:33:35","modified_gmt":"2025-04-03T00:33:35","slug":"sitio-web-de-estatutos-finanzas-y-derecho","status":"publish","type":"product","link":"https:\/\/packdesites.com\/es\/product\/sitio-web-de-estatutos-finanzas-y-derecho\/","title":{"rendered":"Estatuto \u2013 Abogado, Abogac\u00eda y Negocios Jur\u00eddicos"},"content":{"rendered":"<p><strong>Estatutos \u2013 Kit de plantillas Elementor para bufetes de abogados, abogados y abogados<\/strong>&nbsp;Es un tema de WordPress limpio y responsivo dise\u00f1ado especialmente para sitios web legales y comerciales. Este kit est\u00e1 optimizado para su uso con el tema gratuito Hello Elementor, pero se puede utilizar con la mayor\u00eda de los temas compatibles con Elementor. El estatuto tambi\u00e9n viene con p\u00e1ginas predise\u00f1adas de alta calidad para \u00e1reas de pr\u00e1ctica y tambi\u00e9n predise\u00f1adas para estudios de casos. El estatuto tiene un dise\u00f1o simple, moderno y limpio; con un dise\u00f1o 100% responsivo y muy f\u00e1cil de personalizar porque usa Elementor, por lo que no necesitas una sola l\u00ednea de c\u00f3digo.<\/p>\n\n\n\n<p>Este sorprendente kit de plantillas incluye m\u00e1s de 12 p\u00e1ginas cuidadosamente dise\u00f1adas y m\u00e1s de 15 plantillas impresionantes; puede crear su sitio web de cartera de aspecto profesional con solo un clic de distancia.<\/p>\n\n\n\n<p><strong>Caracter\u00edsticas:<\/strong><\/p>\n\n\n\n<ul class=\"wp-block-list\"><li>Uso de complementos gratuitos (no se requiere Elementor Pro)<\/li><li>Dise\u00f1o \u00fanico y limpio<\/li><li>M\u00e1s de 12 p\u00e1ginas listas para usar<\/li><li>M\u00e1s de 15 plantillas listas para usar<\/li><li>Dise\u00f1o totalmente adaptable<\/li><li>Totalmente personalizable<\/li><li>Compatibilidad entre navegadores: Chrome, Firefox, Safari, Opera<\/li><\/ul>\n\n\n\n<p><strong>Los modelos incluyen:<\/strong><\/p>\n\n\n\n<ul class=\"wp-block-list\"><li>Estilo de tema global<\/li><li>Hogar<\/li><li>Sobre nosotros 1<\/li><li>Sobre nosotros 2<\/li><li>Blog y noticias<\/li><li>Cont\u00e1ctenos 1<\/li><li>Cont\u00e1ctenos 2<\/li><li>P\u00e1gina de preguntas frecuentes<\/li><li>Acerca del equipo<\/li><li>Nuestro equipo<\/li><li>Cartera<\/li><li>\u00c1rea de pr\u00e1ctica<\/li><li>P\u00e1gina de precios<\/li><li>Miembro \u00fanico<\/li><li>Publicaci\u00f3n \u00fanica<\/li><li>Encabezamiento<\/li><li>Z\u00f3calo<\/li><\/ul>","protected":false},"excerpt":{"rendered":"<p>Estatuto &#8211; Law Firm, Advogado &amp; Advogado Elementor Template Kit&nbsp;\u00e9 um Modelos WordPress responsivo limpo projetado especialmente para sites legais e de neg\u00f3cios. Este kit foi otimizado para uso com o tema gratuito Hello Elementor, mas pode ser usado com a maioria dos temas que suportam Elementor. Estatuto tamb\u00e9m vem com p\u00e1ginas pr\u00e9-constru\u00eddas de alta [&hellip;]<\/p>","protected":false},"featured_media":779,"comment_status":"closed","ping_status":"open","template":"","meta":{"_jf_limit_responses":"","iawp_total_views":117},"product_brand":[],"product_cat":[37,36,23,24],"product_tag":[19],"class_list":{"0":"post-778","1":"product","2":"type-product","3":"status-publish","4":"has-post-thumbnail","6":"product_cat-advogado","7":"product_cat-consultoria-de-negocios","8":"product_cat-templates-elementor-e-envato","9":"product_cat-templates-envato","10":"product_tag-vitalicio","12":"first","13":"instock","14":"downloadable","15":"virtual","16":"purchasable","17":"product-type-simple"},"_links":{"self":[{"href":"https:\/\/packdesites.com\/es\/wp-json\/wp\/v2\/product\/778","targetHints":{"allow":["GET"]}}],"collection":[{"href":"https:\/\/packdesites.com\/es\/wp-json\/wp\/v2\/product"}],"about":[{"href":"https:\/\/packdesites.com\/es\/wp-json\/wp\/v2\/types\/product"}],"replies":[{"embeddable":true,"href":"https:\/\/packdesites.com\/es\/wp-json\/wp\/v2\/comments?post=778"}],"version-history":[{"count":0,"href":"https:\/\/packdesites.com\/es\/wp-json\/wp\/v2\/product\/778\/revisions"}],"wp:featuredmedia":[{"embeddable":true,"href":"https:\/\/packdesites.com\/es\/wp-json\/wp\/v2\/media\/779"}],"wp:attachment":[{"href":"https:\/\/packdesites.com\/es\/wp-json\/wp\/v2\/media?parent=778"}],"wp:term":[{"taxonomy":"product_brand","embeddable":true,"href":"https:\/\/packdesites.com\/es\/wp-json\/wp\/v2\/product_brand?post=778"},{"taxonomy":"product_cat","embeddable":true,"href":"https:\/\/packdesites.com\/es\/wp-json\/wp\/v2\/product_cat?post=778"},{"taxonomy":"product_tag","embeddable":true,"href":"https:\/\/packdesites.com\/es\/wp-json\/wp\/v2\/product_tag?post=778"}],"curies":[{"name":"wp","href":"https:\/\/api.w.org\/{rel}","templated":true}]}}