{"id":774,"date":"2024-04-25T03:00:00","date_gmt":"2024-04-25T03:00:00","guid":{"rendered":"https:\/\/packdesites.com\/produto\/advogado-site-de-financas-e-direito\/"},"modified":"2025-04-03T00:33:29","modified_gmt":"2025-04-03T00:33:29","slug":"sitio-web-de-abogados-finanzas-y-derecho","status":"publish","type":"product","link":"https:\/\/packdesites.com\/es\/product\/sitio-web-de-abogados-finanzas-y-derecho\/","title":{"rendered":"Sitio web de Abogados \u2013 Finanzas y Derecho"},"content":{"rendered":"<p><strong>Modelo de despacho de abogados Counsel<\/strong>&nbsp;Counsel es un kit de plantillas especialmente dise\u00f1ado para abogados, bufetes de abogados, servicios de abogados y p\u00e1ginas de destino.<\/p>\n\n\n\n<p>La plantilla tiene un dise\u00f1o hermoso y \u00fanico que ser\u00e1 el m\u00e1s adecuado para su presencia web en l\u00ednea.<\/p>\n\n\n\n<p>Tiene un dise\u00f1o 100% responsivo y ha sido probado en todos los principales dispositivos port\u00e1tiles. El abogado viene con las caracter\u00edsticas necesarias para su presencia en l\u00ednea, como servicio y detalles de servicios. Proyectos, blog, contacto, etc. Un abogado puede ser una gran opci\u00f3n para tu presencia online. \u00bfQuieres lanzar el sitio web de tu empresa? Este modelo es la mejor opci\u00f3n.<\/p>\n\n\n\n<p><strong>Caracter\u00edsticas<\/strong><\/p>\n\n\n\n<ul class=\"wp-block-list\"><li>Personalizaci\u00f3n real sin c\u00f3digo con un generador visual de arrastrar y soltar<\/li><li>Personalice fuentes y colores en un solo lugar o ajuste elementos individuales<\/li><li>Dise\u00f1o moderno y profesional.<\/li><li>Carga r\u00e1pida<\/li><li>Funciona con la mayor\u00eda de los temas de Elementor.<\/li><li>Se requiere la actualizaci\u00f3n de Elementor Pro para algunas plantillas y funciones (no incluidas)<\/li><\/ul>","protected":false},"excerpt":{"rendered":"<p>Counsel Law Firm Modelo&nbsp;Counsel \u00e9 um Template Kit especialmente projetado para LAW, escrit\u00f3rios de advocacia, servi\u00e7os de advogados e p\u00e1ginas de destino. O modelo tem um design bonito e exclusivo que ser\u00e1 mais adequado para sua presen\u00e7a on-line na web. Ele tem um design 100% responsivo e testado em todos os principais dispositivos port\u00e1teis. O [&hellip;]<\/p>","protected":false},"featured_media":775,"comment_status":"closed","ping_status":"open","template":"","meta":{"_jf_limit_responses":"","iawp_total_views":131},"product_brand":[],"product_cat":[37,36,27,23,24],"product_tag":[19],"class_list":{"0":"post-774","1":"product","2":"type-product","3":"status-publish","4":"has-post-thumbnail","6":"product_cat-advogado","7":"product_cat-consultoria-de-negocios","8":"product_cat-prestadores-de-servicos","9":"product_cat-templates-elementor-e-envato","10":"product_cat-templates-envato","11":"product_tag-vitalicio","13":"first","14":"instock","15":"downloadable","16":"virtual","17":"purchasable","18":"product-type-simple"},"_links":{"self":[{"href":"https:\/\/packdesites.com\/es\/wp-json\/wp\/v2\/product\/774","targetHints":{"allow":["GET"]}}],"collection":[{"href":"https:\/\/packdesites.com\/es\/wp-json\/wp\/v2\/product"}],"about":[{"href":"https:\/\/packdesites.com\/es\/wp-json\/wp\/v2\/types\/product"}],"replies":[{"embeddable":true,"href":"https:\/\/packdesites.com\/es\/wp-json\/wp\/v2\/comments?post=774"}],"version-history":[{"count":0,"href":"https:\/\/packdesites.com\/es\/wp-json\/wp\/v2\/product\/774\/revisions"}],"wp:featuredmedia":[{"embeddable":true,"href":"https:\/\/packdesites.com\/es\/wp-json\/wp\/v2\/media\/775"}],"wp:attachment":[{"href":"https:\/\/packdesites.com\/es\/wp-json\/wp\/v2\/media?parent=774"}],"wp:term":[{"taxonomy":"product_brand","embeddable":true,"href":"https:\/\/packdesites.com\/es\/wp-json\/wp\/v2\/product_brand?post=774"},{"taxonomy":"product_cat","embeddable":true,"href":"https:\/\/packdesites.com\/es\/wp-json\/wp\/v2\/product_cat?post=774"},{"taxonomy":"product_tag","embeddable":true,"href":"https:\/\/packdesites.com\/es\/wp-json\/wp\/v2\/product_tag?post=774"}],"curies":[{"name":"wp","href":"https:\/\/api.w.org\/{rel}","templated":true}]}}