{"id":768,"date":"2022-07-23T03:00:00","date_gmt":"2022-07-23T03:00:00","guid":{"rendered":"https:\/\/packdesites.com\/produto\/azir-site-de-financas-e-direito\/"},"modified":"2025-04-03T00:33:06","modified_gmt":"2025-04-03T00:33:06","slug":"sitio-web-de-finanzas-y-derecho-de-azir","status":"publish","type":"product","link":"https:\/\/packdesites.com\/es\/product\/sitio-web-de-finanzas-y-derecho-de-azir\/","title":{"rendered":"Azir | Sitio web de finanzas y derecho"},"content":{"rendered":"<p><strong>Azir<\/strong>\u00a0Est\u00e1 dise\u00f1ado y es adecuado para cualquier sitio web de agencia o negocio en l\u00ednea y viene con un concepto creativo moderno, elegante y limpio. Utilice estas plantillas dise\u00f1adas profesionalmente para iniciar su proyecto de dise\u00f1o web.<\/p>\n\n\n\n<p>Azir es un kit de temas multiprop\u00f3sito y responsivo que le permite configurar su propio sitio web sin problemas con sus excelentes caracter\u00edsticas como m\u00e1s de 3 p\u00e1ginas de inicio, m\u00e1s de 15 estilos de p\u00e1gina interna, opciones poderosas en cada p\u00e1gina, publicaci\u00f3n, generador de p\u00e1ginas Elementor de arrastrar y soltar y dise\u00f1os de carga r\u00e1pida optimizados para motores de b\u00fasqueda.<\/p>\n\n\n\n<p><strong>Complementos necesarios:<\/strong><\/p>\n\n\n\n<ul class=\"wp-block-list\">\n<li>Elementor<\/li>\n<li>Complementos de Themesflat para Elementor<\/li>\n<li>MetForm<\/li>\n<\/ul>\n\n\n\n<p><strong>Caracter\u00edsticas principales del kit:<\/strong><\/p>\n\n\n\n<ul class=\"wp-block-list\">\n<li>Importaci\u00f3n con un solo clic<\/li>\n<li>Variaciones de estilo de p\u00e1gina de inicio: \u00fanicas y modernas.<\/li>\n<li>Dise\u00f1o claro y limpio<\/li>\n<li>Dise\u00f1ado profesionalmente.<\/li>\n<li>Actualizaciones gratuitas de por vida<\/li>\n<li>Compatible con todos los navegadores<\/li>\n<li>Encabezado y pie de p\u00e1gina<\/li>\n<li>Widget de publicaci\u00f3n<\/li>\n<li>Caja de diapositivas de carrusel (crea controles deslizantes con cualquier cosa)<\/li>\n<li>Ultra sensible y listo para Retina<\/li>\n<li>Compatible con cualquier plantilla de WordPress<\/li>\n<li>Pr\u00f3ximamente SEO<\/li>\n<\/ul>","protected":false},"excerpt":{"rendered":"<p>Azir\u00a0\u00e9 constru\u00eddo e adequado para qualquer site de neg\u00f3cios ou ag\u00eancia on-line e vem com um conceito criativo moderno, elegante e limpo. Use esses modelos projetados profissionalmente para iniciar seu projeto de web design. Azir \u00e9 um kit multi-purpose e responsivo que lhe permite configurar sua pr\u00f3pria p\u00e1gina web sem dor com sua excelente caracter\u00edstica, [&hellip;]<\/p>","protected":false},"featured_media":769,"comment_status":"closed","ping_status":"open","template":"","meta":{"_jf_limit_responses":"","iawp_total_views":17},"product_brand":[],"product_cat":[36,23,24],"product_tag":[19],"class_list":{"0":"post-768","1":"product","2":"type-product","3":"status-publish","4":"has-post-thumbnail","6":"product_cat-consultoria-de-negocios","7":"product_cat-templates-elementor-e-envato","8":"product_cat-templates-envato","9":"product_tag-vitalicio","11":"first","12":"instock","13":"downloadable","14":"virtual","15":"purchasable","16":"product-type-simple"},"_links":{"self":[{"href":"https:\/\/packdesites.com\/es\/wp-json\/wp\/v2\/product\/768","targetHints":{"allow":["GET"]}}],"collection":[{"href":"https:\/\/packdesites.com\/es\/wp-json\/wp\/v2\/product"}],"about":[{"href":"https:\/\/packdesites.com\/es\/wp-json\/wp\/v2\/types\/product"}],"replies":[{"embeddable":true,"href":"https:\/\/packdesites.com\/es\/wp-json\/wp\/v2\/comments?post=768"}],"version-history":[{"count":0,"href":"https:\/\/packdesites.com\/es\/wp-json\/wp\/v2\/product\/768\/revisions"}],"wp:featuredmedia":[{"embeddable":true,"href":"https:\/\/packdesites.com\/es\/wp-json\/wp\/v2\/media\/769"}],"wp:attachment":[{"href":"https:\/\/packdesites.com\/es\/wp-json\/wp\/v2\/media?parent=768"}],"wp:term":[{"taxonomy":"product_brand","embeddable":true,"href":"https:\/\/packdesites.com\/es\/wp-json\/wp\/v2\/product_brand?post=768"},{"taxonomy":"product_cat","embeddable":true,"href":"https:\/\/packdesites.com\/es\/wp-json\/wp\/v2\/product_cat?post=768"},{"taxonomy":"product_tag","embeddable":true,"href":"https:\/\/packdesites.com\/es\/wp-json\/wp\/v2\/product_tag?post=768"}],"curies":[{"name":"wp","href":"https:\/\/api.w.org\/{rel}","templated":true}]}}