{"id":758,"date":"2022-07-23T03:00:00","date_gmt":"2022-07-23T03:00:00","guid":{"rendered":"https:\/\/packdesites.com\/produto\/potret-site-de-fotografia\/"},"modified":"2025-04-03T00:32:57","modified_gmt":"2025-04-03T00:32:57","slug":"sitio-web-de-fotografia-de-potret","status":"publish","type":"product","link":"https:\/\/packdesites.com\/es\/product\/sitio-web-de-fotografia-de-potret\/","title":{"rendered":"Potret \u2013 Sitio web de fotograf\u00eda"},"content":{"rendered":"<p>Potret es un kit de plantillas para portafolios de fotograf\u00eda dise\u00f1ado para particulares, agencias y empresas que desean mostrar su trabajo, servicios y profesionalismo. Este kit de plantillas es compatible con la visualizaci\u00f3n m\u00f3vil. Para obtener informaci\u00f3n completa sobre este kit, visite el enlace de demostraci\u00f3n y disfrute del dise\u00f1o. Mejore su portafolio con los kits de plantillas de Potret.<\/p>\n\n\n\n<p><strong>Modelos:<\/strong><\/p>\n\n\n\n<ul class=\"wp-block-list\"><li>P\u00e1gina de inicio<\/li><li>Sobre nosotros<\/li><li>Servicio<\/li><li>Carpeta<\/li><li>Cont\u00e1ctenos<\/li><li>Precios<\/li><li>Nuestro blog<\/li><li>Publicaci\u00f3n \u00fanica<\/li><li>Comentarios<\/li><li>Nuestro equipo<\/li><\/ul>\n\n\n\n<p><strong>Complementos necesarios instalados con el kit:<\/strong><\/p>\n\n\n\n<ul class=\"wp-block-list\"><li>Elementor<\/li><li>ElementsKit Lite<\/li><li>MetForm<\/li><li>Efectos de encabezado fijo para Elementor<\/li><\/ul>","protected":false},"excerpt":{"rendered":"<p>Potret \u00e9 uma Fotografia Portofolio Template Kits que s\u00e3o projetados para pessoal, ag\u00eancia, empresas Corporativo que querem mostrar o seu trabalho, servi\u00e7os, e forma profissional. Este Template Kits apoiar visualiza\u00e7\u00e3o m\u00f3vel responsivo. para obter informa\u00e7\u00f5es completas sobre este template kit, visite o link demo e aproveite o design. Vamos elevar seu valor com potret Template [&hellip;]<\/p>","protected":false},"featured_media":759,"comment_status":"closed","ping_status":"open","template":"","meta":{"_jf_limit_responses":"","iawp_total_views":24},"product_brand":[],"product_cat":[27,23,24],"product_tag":[19],"class_list":{"0":"post-758","1":"product","2":"type-product","3":"status-publish","4":"has-post-thumbnail","6":"product_cat-prestadores-de-servicos","7":"product_cat-templates-elementor-e-envato","8":"product_cat-templates-envato","9":"product_tag-vitalicio","11":"first","12":"instock","13":"downloadable","14":"virtual","15":"purchasable","16":"product-type-simple"},"_links":{"self":[{"href":"https:\/\/packdesites.com\/es\/wp-json\/wp\/v2\/product\/758","targetHints":{"allow":["GET"]}}],"collection":[{"href":"https:\/\/packdesites.com\/es\/wp-json\/wp\/v2\/product"}],"about":[{"href":"https:\/\/packdesites.com\/es\/wp-json\/wp\/v2\/types\/product"}],"replies":[{"embeddable":true,"href":"https:\/\/packdesites.com\/es\/wp-json\/wp\/v2\/comments?post=758"}],"version-history":[{"count":0,"href":"https:\/\/packdesites.com\/es\/wp-json\/wp\/v2\/product\/758\/revisions"}],"wp:featuredmedia":[{"embeddable":true,"href":"https:\/\/packdesites.com\/es\/wp-json\/wp\/v2\/media\/759"}],"wp:attachment":[{"href":"https:\/\/packdesites.com\/es\/wp-json\/wp\/v2\/media?parent=758"}],"wp:term":[{"taxonomy":"product_brand","embeddable":true,"href":"https:\/\/packdesites.com\/es\/wp-json\/wp\/v2\/product_brand?post=758"},{"taxonomy":"product_cat","embeddable":true,"href":"https:\/\/packdesites.com\/es\/wp-json\/wp\/v2\/product_cat?post=758"},{"taxonomy":"product_tag","embeddable":true,"href":"https:\/\/packdesites.com\/es\/wp-json\/wp\/v2\/product_tag?post=758"}],"curies":[{"name":"wp","href":"https:\/\/api.w.org\/{rel}","templated":true}]}}