{"id":724,"date":"2022-07-21T03:00:00","date_gmt":"2022-07-21T03:00:00","guid":{"rendered":"https:\/\/packdesites.com\/produto\/tozee-site-de-construcao-e-arquitetura\/"},"modified":"2025-04-03T00:32:23","modified_gmt":"2025-04-03T00:32:23","slug":"sitio-web-de-tozee-construccion-y-arquitectura","status":"publish","type":"product","link":"https:\/\/packdesites.com\/es\/product\/sitio-web-de-tozee-construccion-y-arquitectura\/","title":{"rendered":"Tozee \u2013 Sitio web de construcci\u00f3n y arquitectura"},"content":{"rendered":"<p>Tozee es un kit de plantillas Elementor minimalista, moderno y contempor\u00e1neo para sitios web de construcci\u00f3n y arquitectura. Est\u00e1 dise\u00f1ado teniendo en cuenta todos los requisitos y necesidades de un sitio web esc\u00e9nico. La funcionalidad de portafolio se puede implementar din\u00e1micamente mediante la interfaz de usuario de tipo de entrada personalizada (CPT UI) y los plugins de Campos Personalizados Avanzados (AFC). Esto significa que puedes ampliar la funcionalidad tanto como quieras.<\/p>\n\n\n\n<p>Modelos #####<\/p>\n\n\n\n<ul class=\"wp-block-list\"><li>Hogar<\/li><li>Servicios<\/li><li>Sobre nosotros<\/li><li>Cont\u00e1ctenos<\/li><li>Preguntas frecuentes<\/li><li>Equipo<\/li><li>Testimonios<\/li><li>Caja de recursos<\/li><li>Fogonadura<\/li><li>Proceso<\/li><li>Archivo del blog<\/li><li>Publicaci\u00f3n \u00fanica<\/li><li>Archivo de portafolios<\/li><li>Proyecto \u00fanico<\/li><li>Encabezamiento<\/li><li>Z\u00f3calo<\/li><\/ul>","protected":false},"excerpt":{"rendered":"<p>Tozee \u00e9 um minimalista moderno e moderno Eelementor Template Kit para Constru\u00e7\u00e3o e Arquitetura site. Ele \u00e9 formulado considerando todos os requisitos e necessidades para projetar um site c\u00eanico. A funcionalidade Portf\u00f3lio pode estar pronta dinamicamente usando UI do tipo de postagem personalizada (UI CPT) e plugins Advanced Custom Fields (AFC). Isso significa que voc\u00ea [&hellip;]<\/p>","protected":false},"featured_media":725,"comment_status":"closed","ping_status":"open","template":"","meta":{"_jf_limit_responses":"","iawp_total_views":21},"product_brand":[],"product_cat":[30,23,24],"product_tag":[19],"class_list":{"0":"post-724","1":"product","2":"type-product","3":"status-publish","4":"has-post-thumbnail","6":"product_cat-imobiliario-arquitetura-e-construcao-de-imoveis","7":"product_cat-templates-elementor-e-envato","8":"product_cat-templates-envato","9":"product_tag-vitalicio","11":"first","12":"instock","13":"downloadable","14":"virtual","15":"purchasable","16":"product-type-simple"},"_links":{"self":[{"href":"https:\/\/packdesites.com\/es\/wp-json\/wp\/v2\/product\/724","targetHints":{"allow":["GET"]}}],"collection":[{"href":"https:\/\/packdesites.com\/es\/wp-json\/wp\/v2\/product"}],"about":[{"href":"https:\/\/packdesites.com\/es\/wp-json\/wp\/v2\/types\/product"}],"replies":[{"embeddable":true,"href":"https:\/\/packdesites.com\/es\/wp-json\/wp\/v2\/comments?post=724"}],"version-history":[{"count":0,"href":"https:\/\/packdesites.com\/es\/wp-json\/wp\/v2\/product\/724\/revisions"}],"wp:featuredmedia":[{"embeddable":true,"href":"https:\/\/packdesites.com\/es\/wp-json\/wp\/v2\/media\/725"}],"wp:attachment":[{"href":"https:\/\/packdesites.com\/es\/wp-json\/wp\/v2\/media?parent=724"}],"wp:term":[{"taxonomy":"product_brand","embeddable":true,"href":"https:\/\/packdesites.com\/es\/wp-json\/wp\/v2\/product_brand?post=724"},{"taxonomy":"product_cat","embeddable":true,"href":"https:\/\/packdesites.com\/es\/wp-json\/wp\/v2\/product_cat?post=724"},{"taxonomy":"product_tag","embeddable":true,"href":"https:\/\/packdesites.com\/es\/wp-json\/wp\/v2\/product_tag?post=724"}],"curies":[{"name":"wp","href":"https:\/\/api.w.org\/{rel}","templated":true}]}}