{"id":720,"date":"2022-07-21T03:00:00","date_gmt":"2022-07-21T03:00:00","guid":{"rendered":"https:\/\/packdesites.com\/produto\/tajdid-site-de-construcao\/"},"modified":"2025-04-03T00:32:20","modified_gmt":"2025-04-03T00:32:20","slug":"sitio-de-construccion-de-tajdid","status":"publish","type":"product","link":"https:\/\/packdesites.com\/es\/product\/sitio-de-construccion-de-tajdid\/","title":{"rendered":"Tajdid \u2013 Sitio de construcci\u00f3n"},"content":{"rendered":"<p>Tajdid \u2013 El kit de plantillas Elementor para renovaci\u00f3n es totalmente adaptable para computadoras de escritorio, tabletas y dispositivos m\u00f3viles. Presenta una paleta de colores atractiva y elegante. Es perfecto para quienes buscan crear un sitio web para agencias de renovaci\u00f3n, servicios y m\u00e1s. Esta plantilla presenta un dise\u00f1o moderno, limpio y f\u00e1cil de personalizar, cambios de color sencillos y mucho m\u00e1s.<\/p>\n\n\n\n<p>Caracter\u00edsticas<\/p>\n\n\n\n<ul class=\"wp-block-list\"><li>Sensible<\/li><li>F\u00e1cil de personalizar<\/li><li>No se requieren conocimientos de codificaci\u00f3n<\/li><li>Versi\u00f3n gratuita de Elementor<\/li><li>Dise\u00f1o limpio<\/li><li>Dise\u00f1o moderno<\/li><li>y otros<\/li><\/ul>\n\n\n\n<p>** Complementos necesarios instalados con el kit **<\/p>\n\n\n\n<ul class=\"wp-block-list\"><li>Elementor<\/li><li>JetSticky para Elementor<\/li><li>Efectos de imagen al pasar el cursor \u2013 Complemento de Elementor<\/li><li>Impresionante formulario de contacto 7 para Elementor<\/li><li>Formulario de contacto 7<\/li><li>Elementor: encabezado, pie de p\u00e1gina y bloques<\/li><\/ul>","protected":false},"excerpt":{"rendered":"<p>Tajdid &#8211; Renova\u00e7\u00e3o Elementor Template Kit \u00e9 totalmente sens\u00edvel para desktop, tablet e m\u00f3vel. polido com uma combina\u00e7\u00e3o de cores interessante. Muito adequado para voc\u00ea que quer fazer site ag\u00eancia de renova\u00e7\u00e3o, servi\u00e7os e muito mais. Este modelo de design moderno, design limpo e f\u00e1cil de personalizar, f\u00e1cil de cange cor e muitos mais. Caracter\u00edsticas [&hellip;]<\/p>","protected":false},"featured_media":721,"comment_status":"closed","ping_status":"open","template":"","meta":{"_jf_limit_responses":"","iawp_total_views":55},"product_brand":[],"product_cat":[27,23,24],"product_tag":[19],"class_list":{"0":"post-720","1":"product","2":"type-product","3":"status-publish","4":"has-post-thumbnail","6":"product_cat-prestadores-de-servicos","7":"product_cat-templates-elementor-e-envato","8":"product_cat-templates-envato","9":"product_tag-vitalicio","11":"first","12":"instock","13":"downloadable","14":"virtual","15":"purchasable","16":"product-type-simple"},"_links":{"self":[{"href":"https:\/\/packdesites.com\/es\/wp-json\/wp\/v2\/product\/720","targetHints":{"allow":["GET"]}}],"collection":[{"href":"https:\/\/packdesites.com\/es\/wp-json\/wp\/v2\/product"}],"about":[{"href":"https:\/\/packdesites.com\/es\/wp-json\/wp\/v2\/types\/product"}],"replies":[{"embeddable":true,"href":"https:\/\/packdesites.com\/es\/wp-json\/wp\/v2\/comments?post=720"}],"version-history":[{"count":0,"href":"https:\/\/packdesites.com\/es\/wp-json\/wp\/v2\/product\/720\/revisions"}],"wp:featuredmedia":[{"embeddable":true,"href":"https:\/\/packdesites.com\/es\/wp-json\/wp\/v2\/media\/721"}],"wp:attachment":[{"href":"https:\/\/packdesites.com\/es\/wp-json\/wp\/v2\/media?parent=720"}],"wp:term":[{"taxonomy":"product_brand","embeddable":true,"href":"https:\/\/packdesites.com\/es\/wp-json\/wp\/v2\/product_brand?post=720"},{"taxonomy":"product_cat","embeddable":true,"href":"https:\/\/packdesites.com\/es\/wp-json\/wp\/v2\/product_cat?post=720"},{"taxonomy":"product_tag","embeddable":true,"href":"https:\/\/packdesites.com\/es\/wp-json\/wp\/v2\/product_tag?post=720"}],"curies":[{"name":"wp","href":"https:\/\/api.w.org\/{rel}","templated":true}]}}