{"id":716,"date":"2022-07-21T03:00:00","date_gmt":"2022-07-21T03:00:00","guid":{"rendered":"https:\/\/packdesites.com\/produto\/silp-site-de-arquitetura-e-imoveis\/"},"modified":"2025-04-03T00:32:16","modified_gmt":"2025-04-03T00:32:16","slug":"sitio-web-de-arquitectura-e-inmobiliaria-silp","status":"publish","type":"product","link":"https:\/\/packdesites.com\/es\/product\/sitio-web-de-arquitectura-e-inmobiliaria-silp\/","title":{"rendered":"Silp \u2013 Sitio web de arquitectura e inmobiliaria"},"content":{"rendered":"<p>Silp \u2013 Real Estate &amp; Architecture Template Kit es un nuevo y sorprendente kit de plantillas Elementor de WordPress para agencias inmobiliarias y arquitectura. Es una herramienta potente y r\u00e1pida para desarrollar un sitio web no s\u00f3lo para bienes ra\u00edces y arquitectura, sino para todos los negocios de construcci\u00f3n. Este es un kit de plantillas Elementor que te ayudar\u00e1 a mostrar tu trabajo o servicios. Silp \u2013 El kit de plantillas de bienes ra\u00edces y arquitectura incluye p\u00e1ginas como Acerca de nosotros, Proyecto, Informaci\u00f3n del proyecto, Revisi\u00f3n y Cont\u00e1ctenos. Diversos dise\u00f1os de viviendas le ayudan a mostrar sus servicios y trabajo. Silp \u2013 Real Estate &amp; Architecture Template Kit viene con un dise\u00f1o moderno y limpio con un enorme conjunto de dise\u00f1os contempor\u00e1neos dise\u00f1ados para ayudarlo a crear un poderoso sitio web de exhibici\u00f3n. Puedes cambiar la apariencia. No es necesario entender codificaci\u00f3n. Est\u00e1 dise\u00f1ado para uno de los populares creadores de p\u00e1ginas de arrastrar y soltar: Elementor. Una forma r\u00e1pida de crear tu sitio web.<\/p>\n\n\n\n<p><strong>Caracter\u00edsticas<\/strong><\/p>\n\n\n\n<ul class=\"wp-block-list\"><li>Constructor de p\u00e1ginas de arrastrar y soltar Elementor<\/li><li>M\u00e1s de 10 p\u00e1ginas listas para usar<\/li><li>4 p\u00e1ginas de inicio<\/li><li>P\u00e1ginas sobre nosotros<\/li><li>P\u00e1ginas del proyecto en<\/li><li>P\u00e1ginas de contacto<\/li><li>P\u00e1ginas de informaci\u00f3n del proyecto<\/li><li>P\u00e1ginas de revisi\u00f3n<\/li><li>P\u00e1gina de servicios<\/li><li>P\u00e1gina de archivo<\/li><li>P\u00e1ginas del blog<\/li><li>P\u00e1ginas de blog individuales<\/li><\/ul>","protected":false},"excerpt":{"rendered":"<p>Silp &#8211; Real Estate &amp; Architecture Template Kit \u00e9 uma incr\u00edvel nova ag\u00eancia imobili\u00e1ria e arquitetura WordPress Elementor template kit. Isso \u00e9 poderoso e r\u00e1pido para desenvolver um site n\u00e3o apenas para im\u00f3veis e arquitetura, mas para todos os neg\u00f3cios de constru\u00e7\u00e3o. Este \u00e9 um template kit Elementor que ajudar\u00e1 a mostrar seu trabalho ou [&hellip;]<\/p>","protected":false},"featured_media":717,"comment_status":"closed","ping_status":"open","template":"","meta":{"_jf_limit_responses":"","iawp_total_views":26},"product_brand":[],"product_cat":[30,23,24],"product_tag":[19],"class_list":{"0":"post-716","1":"product","2":"type-product","3":"status-publish","4":"has-post-thumbnail","6":"product_cat-imobiliario-arquitetura-e-construcao-de-imoveis","7":"product_cat-templates-elementor-e-envato","8":"product_cat-templates-envato","9":"product_tag-vitalicio","11":"first","12":"instock","13":"downloadable","14":"virtual","15":"purchasable","16":"product-type-simple"},"_links":{"self":[{"href":"https:\/\/packdesites.com\/es\/wp-json\/wp\/v2\/product\/716","targetHints":{"allow":["GET"]}}],"collection":[{"href":"https:\/\/packdesites.com\/es\/wp-json\/wp\/v2\/product"}],"about":[{"href":"https:\/\/packdesites.com\/es\/wp-json\/wp\/v2\/types\/product"}],"replies":[{"embeddable":true,"href":"https:\/\/packdesites.com\/es\/wp-json\/wp\/v2\/comments?post=716"}],"version-history":[{"count":0,"href":"https:\/\/packdesites.com\/es\/wp-json\/wp\/v2\/product\/716\/revisions"}],"wp:featuredmedia":[{"embeddable":true,"href":"https:\/\/packdesites.com\/es\/wp-json\/wp\/v2\/media\/717"}],"wp:attachment":[{"href":"https:\/\/packdesites.com\/es\/wp-json\/wp\/v2\/media?parent=716"}],"wp:term":[{"taxonomy":"product_brand","embeddable":true,"href":"https:\/\/packdesites.com\/es\/wp-json\/wp\/v2\/product_brand?post=716"},{"taxonomy":"product_cat","embeddable":true,"href":"https:\/\/packdesites.com\/es\/wp-json\/wp\/v2\/product_cat?post=716"},{"taxonomy":"product_tag","embeddable":true,"href":"https:\/\/packdesites.com\/es\/wp-json\/wp\/v2\/product_tag?post=716"}],"curies":[{"name":"wp","href":"https:\/\/api.w.org\/{rel}","templated":true}]}}