{"id":657,"date":"2022-07-20T03:00:00","date_gmt":"2022-07-20T03:00:00","guid":{"rendered":"https:\/\/packdesites.com\/produto\/chauni-site-de-construcao\/"},"modified":"2025-04-03T00:30:56","modified_gmt":"2025-04-03T00:30:56","slug":"sitio-de-construccion-de-chauni","status":"publish","type":"product","link":"https:\/\/packdesites.com\/es\/product\/sitio-de-construccion-de-chauni\/","title":{"rendered":"Chauni \u2013 Sitio de construcci\u00f3n"},"content":{"rendered":"<p>La plantilla Chauni Roofing es un kit completo de plantillas de Elementor dise\u00f1ado espec\u00edficamente para techadores locales. Dise\u00f1\u00e9 esta plantilla pensando en los beneficios del SEO local para todos los contratistas de techado locales gracias a sus estructuras de contenido optimizadas para SEO. Estos kits de plantillas incluyen dos versiones de la p\u00e1gina de inicio, adem\u00e1s de p\u00e1ginas de servicios, p\u00e1ginas de precios y una plantilla de blog.<\/p>\n\n\n\n<p>Con dise\u00f1os modernos y elegantes, la plantilla Chauni tambi\u00e9n puede ser utilizada por cualquier negocio local basado en la construcci\u00f3n, como construcci\u00f3n, exterior, mantenimiento, pintura, remodelaci\u00f3n, renovaci\u00f3n, servicio de reparaci\u00f3n y otros servicios similares.<\/p>\n\n\n\n<p><strong>Caracter\u00edsticas<\/strong>&nbsp;- Plantilla rica en contenido - Dise\u00f1o optimizado para SEO<\/p>\n\n\n\n<ul class=\"wp-block-list\"><li>Llamado a la acci\u00f3n eficaz<\/li><li>Compatibilidad del navegador: Chrome, Firefox, Safari, Opera<\/li><li>Plantillas de 9 p\u00e1ginas<\/li><li>Plantilla global de encabezado, pie de p\u00e1gina y publicaci\u00f3n de blog individual<\/li><\/ul>","protected":false},"excerpt":{"rendered":"<p>Chauni Roofing Modelo \u00e9 um kit Elementor Template completo projetado para telhados locais especialmente. Eu projetar este modelo considerando benef\u00edcios SEO Local para todos os empreiteiros de neg\u00f3cios de coberturas locais atrav\u00e9s de suas estruturas de conte\u00fado especiais SEO rico. Esses template kits cont\u00eam 2 vers\u00f5es da p\u00e1gina inicial, juntamente com p\u00e1ginas de servi\u00e7o, pre\u00e7os [&hellip;]<\/p>","protected":false},"featured_media":658,"comment_status":"closed","ping_status":"open","template":"","meta":{"_jf_limit_responses":"","iawp_total_views":44},"product_brand":[],"product_cat":[23,24],"product_tag":[19],"class_list":{"0":"post-657","1":"product","2":"type-product","3":"status-publish","4":"has-post-thumbnail","6":"product_cat-templates-elementor-e-envato","7":"product_cat-templates-envato","8":"product_tag-vitalicio","10":"first","11":"instock","12":"downloadable","13":"virtual","14":"purchasable","15":"product-type-simple"},"_links":{"self":[{"href":"https:\/\/packdesites.com\/es\/wp-json\/wp\/v2\/product\/657","targetHints":{"allow":["GET"]}}],"collection":[{"href":"https:\/\/packdesites.com\/es\/wp-json\/wp\/v2\/product"}],"about":[{"href":"https:\/\/packdesites.com\/es\/wp-json\/wp\/v2\/types\/product"}],"replies":[{"embeddable":true,"href":"https:\/\/packdesites.com\/es\/wp-json\/wp\/v2\/comments?post=657"}],"version-history":[{"count":0,"href":"https:\/\/packdesites.com\/es\/wp-json\/wp\/v2\/product\/657\/revisions"}],"wp:featuredmedia":[{"embeddable":true,"href":"https:\/\/packdesites.com\/es\/wp-json\/wp\/v2\/media\/658"}],"wp:attachment":[{"href":"https:\/\/packdesites.com\/es\/wp-json\/wp\/v2\/media?parent=657"}],"wp:term":[{"taxonomy":"product_brand","embeddable":true,"href":"https:\/\/packdesites.com\/es\/wp-json\/wp\/v2\/product_brand?post=657"},{"taxonomy":"product_cat","embeddable":true,"href":"https:\/\/packdesites.com\/es\/wp-json\/wp\/v2\/product_cat?post=657"},{"taxonomy":"product_tag","embeddable":true,"href":"https:\/\/packdesites.com\/es\/wp-json\/wp\/v2\/product_tag?post=657"}],"curies":[{"name":"wp","href":"https:\/\/api.w.org\/{rel}","templated":true}]}}