{"id":649,"date":"2022-11-10T03:00:00","date_gmt":"2022-11-10T03:00:00","guid":{"rendered":"https:\/\/packdesites.com\/produto\/dancy-escola-de-danca-studio\/"},"modified":"2025-04-03T00:30:49","modified_gmt":"2025-04-03T00:30:49","slug":"estudio-de-la-escuela-de-danza-dancy","status":"publish","type":"product","link":"https:\/\/packdesites.com\/es\/product\/estudio-de-la-escuela-de-danza-dancy\/","title":{"rendered":"Dancy \u2013 Escuela y estudio de danza"},"content":{"rendered":"<p>Dancy es un kit de plantillas Elementor para estudios y escuelas de danza moderna, perfecto para crear un sitio web para clases de danza, clubes de baile, Zumba Fitness, Ballet, estudios de yoga o cualquier teatro o arte esc\u00e9nica. Esta plantilla tiene un dise\u00f1o hermoso y original con un dise\u00f1o 100% responsivo, preparado para retina y f\u00e1cil de personalizar.<\/p>\n\n\n\n<p>Este kit de plantillas incluye m\u00e1s de 17 impresionantes plantillas cuidadosamente dise\u00f1adas; puede crear su sitio web comercial de aspecto profesional con solo un clic.<\/p>\n\n\n\n<p><strong>Caracter\u00edsticas:<\/strong><\/p>\n\n\n\n<ul class=\"wp-block-list\"><li>Uso de complementos gratuitos (no se requiere Elementor Pro)<\/li><li>Dise\u00f1o moderno y limpio<\/li><li>M\u00e1s de 17 plantillas listas para usar<\/li><li>Dise\u00f1o totalmente adaptable<\/li><li>Listo para retina<\/li><li>Totalmente personalizable<\/li><li>Compatibilidad entre navegadores: Chrome, Firefox, Safari, Opera<\/li><\/ul>\n\n\n\n<p><strong>Los modelos incluyen:<\/strong><\/p>\n\n\n\n<ul class=\"wp-block-list\"><li>Hogar<\/li><li>Sobre nosotros<\/li><li>Clase<\/li><li>Detalles de la clase<\/li><li>Paquetes<\/li><li>Orden del d\u00eda<\/li><li>Instructor<\/li><li>Preguntas frecuentes<\/li><li>Blog<\/li><li>Blog \u00fanico<\/li><li>Contacto<\/li><li>Registro en MetForm<\/li><li>Contacte con MetForm<\/li><li>P\u00e1gina 404<\/li><li>Encabezamiento<\/li><li>Z\u00f3calo<\/li><li>Estilo de tema global<\/li><\/ul>\n\n\n\n<p><strong>Complemento requerido:<\/strong><\/p>\n\n\n\n<ul class=\"wp-block-list\"><li>Elementor<\/li><li>Kit de elementos Elementor<\/li><li>Complementos esenciales para Elementor<\/li><li>Elementor: encabezado, pie de p\u00e1gina y bloques<\/li><li>MetForm<\/li><\/ul>","protected":false},"excerpt":{"rendered":"<p>Dancy es un kit de plantillas Elementor para escuelas y estudios de danza moderna, perfecto para crear sitios web para clases de danza, clubes de baile, Zumba Fitness, ballet, estudios de yoga o cualquier espacio de teatro y artes esc\u00e9nicas. Esta plantilla tiene un dise\u00f1o atractivo y original con un dise\u00f1o 100% responsivo, compatible con pantallas retina y f\u00e1cil de personalizar. [\u2026]<\/p>","protected":false},"featured_media":650,"comment_status":"closed","ping_status":"open","template":"","meta":{"_jf_limit_responses":"","iawp_total_views":25},"product_brand":[],"product_cat":[35,23,24],"product_tag":[19],"class_list":{"0":"post-649","1":"product","2":"type-product","3":"status-publish","4":"has-post-thumbnail","6":"product_cat-academia-e-fitness","7":"product_cat-templates-elementor-e-envato","8":"product_cat-templates-envato","9":"product_tag-vitalicio","11":"first","12":"instock","13":"downloadable","14":"virtual","15":"purchasable","16":"product-type-simple"},"_links":{"self":[{"href":"https:\/\/packdesites.com\/es\/wp-json\/wp\/v2\/product\/649","targetHints":{"allow":["GET"]}}],"collection":[{"href":"https:\/\/packdesites.com\/es\/wp-json\/wp\/v2\/product"}],"about":[{"href":"https:\/\/packdesites.com\/es\/wp-json\/wp\/v2\/types\/product"}],"replies":[{"embeddable":true,"href":"https:\/\/packdesites.com\/es\/wp-json\/wp\/v2\/comments?post=649"}],"version-history":[{"count":0,"href":"https:\/\/packdesites.com\/es\/wp-json\/wp\/v2\/product\/649\/revisions"}],"wp:featuredmedia":[{"embeddable":true,"href":"https:\/\/packdesites.com\/es\/wp-json\/wp\/v2\/media\/650"}],"wp:attachment":[{"href":"https:\/\/packdesites.com\/es\/wp-json\/wp\/v2\/media?parent=649"}],"wp:term":[{"taxonomy":"product_brand","embeddable":true,"href":"https:\/\/packdesites.com\/es\/wp-json\/wp\/v2\/product_brand?post=649"},{"taxonomy":"product_cat","embeddable":true,"href":"https:\/\/packdesites.com\/es\/wp-json\/wp\/v2\/product_cat?post=649"},{"taxonomy":"product_tag","embeddable":true,"href":"https:\/\/packdesites.com\/es\/wp-json\/wp\/v2\/product_tag?post=649"}],"curies":[{"name":"wp","href":"https:\/\/api.w.org\/{rel}","templated":true}]}}