{"id":647,"date":"2022-11-10T03:00:00","date_gmt":"2022-11-10T03:00:00","guid":{"rendered":"https:\/\/packdesites.com\/produto\/crossgym-ginasio-e-fitness\/"},"modified":"2025-04-03T00:30:46","modified_gmt":"2025-04-03T00:30:46","slug":"gimnasio-y-fitness-crossgym","status":"publish","type":"product","link":"https:\/\/packdesites.com\/es\/product\/gimnasio-y-fitness-crossgym\/","title":{"rendered":"CrossGym \u2013 Gimnasio y Fitness"},"content":{"rendered":"<p>Crea una presentaci\u00f3n en l\u00ednea imparable para tu gimnasio o centro de fitness de forma potente con CrossGym, un kit repleto de todos los elementos&nbsp;<strong>que un sitio web moderno de gimnasio, fitness o entrenador personal podr\u00eda necesitar.<\/strong><\/p>\n\n\n\n<p><strong>Caracter\u00edsticas principales<\/strong><\/p>\n\n\n\n<ul class=\"wp-block-list\"><li>10 plantillas de Elementor<\/li><li>Instalaci\u00f3n con 1 clic<\/li><li>Personalizaci\u00f3n real sin c\u00f3digo con un generador visual de arrastrar y soltar<\/li><li>Personalice fuentes y colores en un solo lugar o ajuste elementos individuales<\/li><li>Dise\u00f1o moderno y profesional.<\/li><li>Carga r\u00e1pida<\/li><li>Funciona con la mayor\u00eda de los temas de Elementor.<\/li><\/ul>\n\n\n\n<p><strong>El kit incluye:<\/strong><\/p>\n\n\n\n<ul class=\"wp-block-list\"><li>Inicio 1<\/li><li>Inicio 2<\/li><li>Inicio 3<\/li><li>Modelo de casa 4<\/li><li>P\u00e1gina del evento<\/li><li>P\u00e1gina de contacto<\/li><li>Servicios<\/li><li>Nuestro equipo<\/li><li>Precios<\/li><li>Quienes somos<\/li><\/ul>\n\n\n\n<p><strong>Se requiere la actualizaci\u00f3n de Elementor Pro para algunas plantillas y funciones (no incluidas)<\/strong><\/p>\n\n\n\n<p><strong>Fuentes:<\/strong><\/p>\n\n\n\n<ul class=\"wp-block-list\"><li>Open Sans<\/li><li>Monta\u00f1a Uno<\/li><\/ul>","protected":false},"excerpt":{"rendered":"<p>Construa uma apresenta\u00e7\u00e3o on-line impar\u00e1vel para sua academia ou academia da maneira poderosa com o CrossGym, um kit repleto de todos os elementos&nbsp;que um site moderno de academia, fitness ou personal trainer pode precisar. Principais caracter\u00edsticas 10 Modelos Elementor 1 instala\u00e7\u00e3o de cliques Verdadeira personaliza\u00e7\u00e3o sem c\u00f3digo com construtor visual de arrastar e soltar Personalize [&hellip;]<\/p>","protected":false},"featured_media":648,"comment_status":"closed","ping_status":"open","template":"","meta":{"_jf_limit_responses":"","iawp_total_views":85},"product_brand":[],"product_cat":[35,27,23,24],"product_tag":[19],"class_list":{"0":"post-647","1":"product","2":"type-product","3":"status-publish","4":"has-post-thumbnail","6":"product_cat-academia-e-fitness","7":"product_cat-prestadores-de-servicos","8":"product_cat-templates-elementor-e-envato","9":"product_cat-templates-envato","10":"product_tag-vitalicio","12":"first","13":"instock","14":"downloadable","15":"virtual","16":"purchasable","17":"product-type-simple"},"_links":{"self":[{"href":"https:\/\/packdesites.com\/es\/wp-json\/wp\/v2\/product\/647","targetHints":{"allow":["GET"]}}],"collection":[{"href":"https:\/\/packdesites.com\/es\/wp-json\/wp\/v2\/product"}],"about":[{"href":"https:\/\/packdesites.com\/es\/wp-json\/wp\/v2\/types\/product"}],"replies":[{"embeddable":true,"href":"https:\/\/packdesites.com\/es\/wp-json\/wp\/v2\/comments?post=647"}],"version-history":[{"count":0,"href":"https:\/\/packdesites.com\/es\/wp-json\/wp\/v2\/product\/647\/revisions"}],"wp:featuredmedia":[{"embeddable":true,"href":"https:\/\/packdesites.com\/es\/wp-json\/wp\/v2\/media\/648"}],"wp:attachment":[{"href":"https:\/\/packdesites.com\/es\/wp-json\/wp\/v2\/media?parent=647"}],"wp:term":[{"taxonomy":"product_brand","embeddable":true,"href":"https:\/\/packdesites.com\/es\/wp-json\/wp\/v2\/product_brand?post=647"},{"taxonomy":"product_cat","embeddable":true,"href":"https:\/\/packdesites.com\/es\/wp-json\/wp\/v2\/product_cat?post=647"},{"taxonomy":"product_tag","embeddable":true,"href":"https:\/\/packdesites.com\/es\/wp-json\/wp\/v2\/product_tag?post=647"}],"curies":[{"name":"wp","href":"https:\/\/api.w.org\/{rel}","templated":true}]}}