{"id":639,"date":"2022-11-10T03:00:00","date_gmt":"2022-11-10T03:00:00","guid":{"rendered":"https:\/\/packdesites.com\/produto\/astones-site-para-time-de-futebol-e-esportes\/"},"modified":"2025-04-03T00:30:38","modified_gmt":"2025-04-03T00:30:38","slug":"sitio-web-de-astones-para-equipos-de-futbol-y-deportes","status":"publish","type":"product","link":"https:\/\/packdesites.com\/es\/product\/sitio-web-de-astones-para-equipos-de-futbol-y-deportes\/","title":{"rendered":"Astones \u2013 Sitio web para equipos de f\u00fatbol y deportes"},"content":{"rendered":"<p>Astones es f\u00fatbol americano, deporte, deportista, liga, equipo, gimnasio o cualquier tipo de persona o empresa que quiera mostrar su trabajo, servicios y forma profesional.<\/p>\n\n\n\n<p><strong>Modelos:<\/strong><\/p>\n\n\n\n<ul class=\"wp-block-list\"><li>P\u00e1gina de inicio<\/li><li>Nuestra historia<\/li><li>Quienes somos<\/li><li>Programaci\u00f3n de juegos<\/li><li>Resultados del juego<\/li><li>Clases de gimnasia<\/li><li>Nuestro equipo<\/li><li>Equipo de detalle<\/li><li>Patrocinador<\/li><li>Nuestro blog<\/li><li>Blog \u00fanico<\/li><li>Contacto<\/li><\/ul>\n\n\n\n<p><strong>Caracter\u00edsticas<\/strong><\/p>\n\n\n\n<ul class=\"wp-block-list\"><li>Generador de encabezados y pies de p\u00e1gina<\/li><\/ul>\n\n\n\n<p><strong>Complementos necesarios:<\/strong><\/p>\n\n\n\n<ul class=\"wp-block-list\"><li>Elementor<\/li><li>Formulario de contacto 7<\/li><li>Elementor<\/li><li>ElementsKit Lite<\/li><li>PowerPack Lite para Elementor<\/li><\/ul>","protected":false},"excerpt":{"rendered":"<p>Astones \u00e9 futebol americano, esporte, atleta, liga, equipe, academia ou qualquer tipo de pessoa ou empresa que queira mostrar seu trabalho, servi\u00e7os e forma profissional. Modelos: P\u00e1gina inicial Nossa hist\u00f3ria Quem somos Programa\u00e7\u00e3o do jogo Resultados do jogo Aulas de Academia Nossa equipe Equipe de detalhes Patrocinador Nosso blog Blog \u00fanico Contato Caracter\u00edsticas Header &amp; [&hellip;]<\/p>","protected":false},"featured_media":640,"comment_status":"closed","ping_status":"open","template":"","meta":{"_jf_limit_responses":"","iawp_total_views":17},"product_brand":[],"product_cat":[35,27,23,24],"product_tag":[19],"class_list":{"0":"post-639","1":"product","2":"type-product","3":"status-publish","4":"has-post-thumbnail","6":"product_cat-academia-e-fitness","7":"product_cat-prestadores-de-servicos","8":"product_cat-templates-elementor-e-envato","9":"product_cat-templates-envato","10":"product_tag-vitalicio","12":"first","13":"instock","14":"downloadable","15":"virtual","16":"purchasable","17":"product-type-simple"},"_links":{"self":[{"href":"https:\/\/packdesites.com\/es\/wp-json\/wp\/v2\/product\/639","targetHints":{"allow":["GET"]}}],"collection":[{"href":"https:\/\/packdesites.com\/es\/wp-json\/wp\/v2\/product"}],"about":[{"href":"https:\/\/packdesites.com\/es\/wp-json\/wp\/v2\/types\/product"}],"replies":[{"embeddable":true,"href":"https:\/\/packdesites.com\/es\/wp-json\/wp\/v2\/comments?post=639"}],"version-history":[{"count":0,"href":"https:\/\/packdesites.com\/es\/wp-json\/wp\/v2\/product\/639\/revisions"}],"wp:featuredmedia":[{"embeddable":true,"href":"https:\/\/packdesites.com\/es\/wp-json\/wp\/v2\/media\/640"}],"wp:attachment":[{"href":"https:\/\/packdesites.com\/es\/wp-json\/wp\/v2\/media?parent=639"}],"wp:term":[{"taxonomy":"product_brand","embeddable":true,"href":"https:\/\/packdesites.com\/es\/wp-json\/wp\/v2\/product_brand?post=639"},{"taxonomy":"product_cat","embeddable":true,"href":"https:\/\/packdesites.com\/es\/wp-json\/wp\/v2\/product_cat?post=639"},{"taxonomy":"product_tag","embeddable":true,"href":"https:\/\/packdesites.com\/es\/wp-json\/wp\/v2\/product_tag?post=639"}],"curies":[{"name":"wp","href":"https:\/\/api.w.org\/{rel}","templated":true}]}}