{"id":633,"date":"2022-07-18T03:00:00","date_gmt":"2022-07-18T03:00:00","guid":{"rendered":"https:\/\/packdesites.com\/produto\/verbalizer-cursos-de-idiomas-e-centro-de-aprendizagem\/"},"modified":"2025-04-03T00:30:32","modified_gmt":"2025-04-03T00:30:32","slug":"cursos-de-idiomas-y-centro-de-aprendizaje-de-verbalizadores","status":"publish","type":"product","link":"https:\/\/packdesites.com\/es\/product\/cursos-de-idiomas-y-centro-de-aprendizaje-de-verbalizadores\/","title":{"rendered":"Verbalizador \u2013 Cursos de idiomas y centro de aprendizaje"},"content":{"rendered":"<p>Verbalizer es un kit de plantillas Elementor moderno y limpio, perfecto para centros de idiomas, cursos de formaci\u00f3n, escuelas de idiomas, cursos de idiomas, cursos online, sistemas de gesti\u00f3n del aprendizaje y cualquier otro sitio web de aprendizaje y educaci\u00f3n. Esta plantilla presenta un dise\u00f1o profesional con un dise\u00f1o 100% responsivo y compatible con pantallas retina, y es incre\u00edblemente f\u00e1cil de personalizar gracias a Elementor, \u00a1as\u00ed que no necesitas escribir ni una sola l\u00ednea de c\u00f3digo!<\/p>\n\n\n\n<p>Este kit de plantillas incluye m\u00e1s de 17 plantillas cuidadosamente dise\u00f1adas; puede crear su sitio web comercial de aspecto profesional con solo un clic.<\/p>\n\n\n\n<p><strong>Caracter\u00edsticas:<\/strong><\/p>\n\n\n\n<ul class=\"wp-block-list\"><li>Uso de complementos gratuitos (no se requiere Elementor Pro)<\/li><li>Dise\u00f1o moderno y limpio<\/li><li>M\u00e1s de 17 plantillas listas para usar<\/li><li>Dise\u00f1o totalmente adaptable<\/li><li>Listo para retina<\/li><li>Totalmente personalizable<\/li><li>Compatibilidad del navegador: Chrome, Firefox, Safari, Opera<\/li><\/ul>\n\n\n\n<p><strong>Los modelos incluyen:<\/strong><\/p>\n\n\n\n<ul class=\"wp-block-list\"><li>Hogar<\/li><li>Sobre nosotros<\/li><li>Cursos de tabulaci\u00f3n<\/li><li>Cursos<\/li><li>Detalles del curso<\/li><li>Precios<\/li><li>Maestro<\/li><li>Preguntas frecuentes<\/li><li>Blog<\/li><li>Blog \u00fanico<\/li><li>Contacto<\/li><li>Compromiso de MetForm<\/li><li>Contacte con MetForm<\/li><li>P\u00e1gina 404<\/li><li>Encabezamiento<\/li><li>Z\u00f3calo<\/li><li>Estilo de tema global<\/li><\/ul>\n\n\n\n<p><strong>Complemento requerido:<\/strong><\/p>\n\n\n\n<ul class=\"wp-block-list\"><li>Elementor<\/li><li>Kit de elementos Elementor<\/li><li>Elementor: encabezado, pie de p\u00e1gina y bloques<\/li><li>MetForm<\/li><\/ul>","protected":false},"excerpt":{"rendered":"<p>Verbalizer \u00e9 um Template Kit Elementor moderno e limpo que \u00e9 perfeito para o Centro de Idiomas e Cursos de Treinamento, Escolas de Idiomas, Cursos de Idiomas, Cursos Online, Sistema de Gerenciamento de Aprendizagem e qualquer tipo de sites de Aprendizagem e Educa\u00e7\u00e3o. Este modelo tem um design profissional com um layout 100% responsivo, pronto [&hellip;]<\/p>","protected":false},"featured_media":634,"comment_status":"closed","ping_status":"open","template":"","meta":{"_jf_limit_responses":"","iawp_total_views":56},"product_brand":[],"product_cat":[28,23,24],"product_tag":[19],"class_list":{"0":"post-633","1":"product","2":"type-product","3":"status-publish","4":"has-post-thumbnail","6":"product_cat-educacao-e-treinamento","7":"product_cat-templates-elementor-e-envato","8":"product_cat-templates-envato","9":"product_tag-vitalicio","11":"first","12":"instock","13":"downloadable","14":"virtual","15":"purchasable","16":"product-type-simple"},"_links":{"self":[{"href":"https:\/\/packdesites.com\/es\/wp-json\/wp\/v2\/product\/633","targetHints":{"allow":["GET"]}}],"collection":[{"href":"https:\/\/packdesites.com\/es\/wp-json\/wp\/v2\/product"}],"about":[{"href":"https:\/\/packdesites.com\/es\/wp-json\/wp\/v2\/types\/product"}],"replies":[{"embeddable":true,"href":"https:\/\/packdesites.com\/es\/wp-json\/wp\/v2\/comments?post=633"}],"version-history":[{"count":0,"href":"https:\/\/packdesites.com\/es\/wp-json\/wp\/v2\/product\/633\/revisions"}],"wp:featuredmedia":[{"embeddable":true,"href":"https:\/\/packdesites.com\/es\/wp-json\/wp\/v2\/media\/634"}],"wp:attachment":[{"href":"https:\/\/packdesites.com\/es\/wp-json\/wp\/v2\/media?parent=633"}],"wp:term":[{"taxonomy":"product_brand","embeddable":true,"href":"https:\/\/packdesites.com\/es\/wp-json\/wp\/v2\/product_brand?post=633"},{"taxonomy":"product_cat","embeddable":true,"href":"https:\/\/packdesites.com\/es\/wp-json\/wp\/v2\/product_cat?post=633"},{"taxonomy":"product_tag","embeddable":true,"href":"https:\/\/packdesites.com\/es\/wp-json\/wp\/v2\/product_tag?post=633"}],"curies":[{"name":"wp","href":"https:\/\/api.w.org\/{rel}","templated":true}]}}