{"id":627,"date":"2022-07-18T03:00:00","date_gmt":"2022-07-18T03:00:00","guid":{"rendered":"https:\/\/packdesites.com\/produto\/tomahawk-cursos-online\/"},"modified":"2025-07-28T13:01:15","modified_gmt":"2025-07-28T16:01:15","slug":"cursos-en-linea-de-tomahawk","status":"publish","type":"product","link":"https:\/\/packdesites.com\/es\/product\/cursos-en-linea-de-tomahawk\/","title":{"rendered":"Tomahawk \u2013 Cursos en l\u00ednea"},"content":{"rendered":"<p>Bienvenido a Tomahawk, un kit de plantillas para educaci\u00f3n y cursos en l\u00ednea. Si buscas una plantilla clara y bien dise\u00f1ada, esta es la ideal. Incluye...\u00a0<strong>16 dise\u00f1os predise\u00f1ados repletos de hermosas funciones gr\u00e1ficas<\/strong>\u00a0y atractivo.<\/p>\n\n\n\n<p>Este kit fue creado con el tema Hello, pero puedes usar cualquier otro tema con soporte para Elementor.<\/p>\n\n\n\n<p>Se requiere la actualizaci\u00f3n de Elementor Pro para algunas plantillas y funciones (no incluidas).<\/p>\n\n\n\n<p><strong>Caracter\u00edsticas<\/strong><\/p>\n\n\n\n<ul class=\"wp-block-list\">\n<li>Documentaci\u00f3n en l\u00ednea<\/li>\n<li>Personalizaci\u00f3n real sin c\u00f3digo con un generador visual de arrastrar y soltar<\/li>\n<li>Personalice fuentes y colores en un solo lugar o ajuste elementos individuales<\/li>\n<li>Dise\u00f1o moderno y profesional.<\/li>\n<li>Carga r\u00e1pida<\/li>\n<li>Generador de encabezados y pies de p\u00e1gina<\/li>\n<li>Totalmente personalizable<\/li>\n<li>Dise\u00f1o adaptable<\/li>\n<li>Excelente documentaci\u00f3n y soporte de Elementor y WooCommerce<\/li>\n<\/ul>\n\n\n\n<p><strong>Modelos<\/strong><\/p>\n\n\n\n<ul class=\"wp-block-list\">\n<li>Quienes somos<\/li>\n<li>Dentro de poco<\/li>\n<li>Contacto<\/li>\n<li>Cursos<\/li>\n<li>Detalles del curso<\/li>\n<li>Preguntas frecuentes<\/li>\n<li>Hogar<\/li>\n<li>Pareja<\/li>\n<li>Planes de precios<\/li>\n<li>Equipo<\/li>\n<li>404<\/li>\n<li>Encabezamiento<\/li>\n<li>Z\u00f3calo<\/li>\n<li>Archivo del blog<\/li>\n<li>Publicaci\u00f3n \u00fanica<\/li>\n<li>Ventana emergente<\/li>\n<\/ul>\n\n\n\n<p><strong>Complementos necesarios<\/strong><\/p>\n\n\n\n<ul class=\"wp-block-list\">\n<li>Elementor<\/li>\n<li>Elementor Pro<\/li>\n<\/ul>","protected":false},"excerpt":{"rendered":"<p>Bem-vindos ao Tomahawk um kit de modelos para educa\u00e7\u00e3o online e cursos. Se voc\u00ea est\u00e1 procurando um modelo limpo e bem projetado este modelo \u00e9 para voc\u00ea. Possui\u00a016 layouts pr\u00e9-constru\u00eddos cheios de recursos gr\u00e1ficos bonitos\u00a0e atraentes. Este kit foi constru\u00eddo com o tema Ol\u00e1, mas voc\u00ea pode usar qualquer outro tema com suporte elementor. A [&hellip;]<\/p>","protected":false},"featured_media":628,"comment_status":"closed","ping_status":"open","template":"","meta":{"_jf_limit_responses":"","iawp_total_views":67},"product_brand":[],"product_cat":[23,28,26,24],"product_tag":[19],"class_list":{"0":"post-627","1":"product","2":"type-product","3":"status-publish","4":"has-post-thumbnail","6":"product_cat-templates-elementor-e-envato","7":"product_cat-educacao-e-treinamento","8":"product_cat-lojas-virtuais","9":"product_cat-templates-envato","10":"product_tag-vitalicio","12":"first","13":"instock","14":"downloadable","15":"virtual","16":"purchasable","17":"product-type-simple"},"_links":{"self":[{"href":"https:\/\/packdesites.com\/es\/wp-json\/wp\/v2\/product\/627","targetHints":{"allow":["GET"]}}],"collection":[{"href":"https:\/\/packdesites.com\/es\/wp-json\/wp\/v2\/product"}],"about":[{"href":"https:\/\/packdesites.com\/es\/wp-json\/wp\/v2\/types\/product"}],"replies":[{"embeddable":true,"href":"https:\/\/packdesites.com\/es\/wp-json\/wp\/v2\/comments?post=627"}],"version-history":[{"count":1,"href":"https:\/\/packdesites.com\/es\/wp-json\/wp\/v2\/product\/627\/revisions"}],"predecessor-version":[{"id":23109,"href":"https:\/\/packdesites.com\/es\/wp-json\/wp\/v2\/product\/627\/revisions\/23109"}],"wp:featuredmedia":[{"embeddable":true,"href":"https:\/\/packdesites.com\/es\/wp-json\/wp\/v2\/media\/628"}],"wp:attachment":[{"href":"https:\/\/packdesites.com\/es\/wp-json\/wp\/v2\/media?parent=627"}],"wp:term":[{"taxonomy":"product_brand","embeddable":true,"href":"https:\/\/packdesites.com\/es\/wp-json\/wp\/v2\/product_brand?post=627"},{"taxonomy":"product_cat","embeddable":true,"href":"https:\/\/packdesites.com\/es\/wp-json\/wp\/v2\/product_cat?post=627"},{"taxonomy":"product_tag","embeddable":true,"href":"https:\/\/packdesites.com\/es\/wp-json\/wp\/v2\/product_tag?post=627"}],"curies":[{"name":"wp","href":"https:\/\/api.w.org\/{rel}","templated":true}]}}