{"id":611,"date":"2022-07-18T03:00:00","date_gmt":"2022-07-18T03:00:00","guid":{"rendered":"https:\/\/packdesites.com\/produto\/learnera-e-learning-escola-e-universidade-ele\/"},"modified":"2025-04-03T00:30:05","modified_gmt":"2025-04-03T00:30:05","slug":"aprendiz-y-aprendizaje-escuela-y-universidad-el","status":"publish","type":"product","link":"https:\/\/packdesites.com\/es\/product\/aprendiz-y-aprendizaje-escuela-y-universidad-el\/","title":{"rendered":"Learnera \u2013 Aprendizaje electr\u00f3nico, escuela y universidad"},"content":{"rendered":"<p>Abre las puertas de tu escuela de idiomas educativa, jard\u00edn de infantes, centro de idiomas y cursos de formaci\u00f3n, escuelas de idiomas, cursos de idiomas, cursos en l\u00ednea, sistemas de gesti\u00f3n de aprendizaje, escuela de arte, sala de juegos, gimnasio y cualquier tipo de sitios de aprendizaje y educaci\u00f3n.<\/p>\n\n\n\n<p>Con m\u00e1s de 10 p\u00e1ginas diferentes para su sitio web de aprendizaje electr\u00f3nico y un conjunto de p\u00e1ginas totalmente personalizables, Learnera es todo lo que podr\u00eda necesitar.<\/p>\n\n\n\n<p>Comparte detalles sobre tutores en l\u00ednea, clases y m\u00e9todos de ense\u00f1anza con un dise\u00f1o limpio, opciones modernas de aprendizaje electr\u00f3nico y cursos en l\u00ednea. Learnera te ayudar\u00e1 a presentar a cada profesor y a presentar cualquier tipo de escuela como un profesional. \u00a1Demuestra que las clases pueden ser divertidas!<\/p>\n\n\n\n<p><strong>Plantillas de p\u00e1gina incluidas<\/strong><\/p>\n\n\n\n<ul class=\"wp-block-list\"><li>P\u00e1gina de inicio<\/li><li>P\u00e1gina de servicios<\/li><li>P\u00e1gina de historias de \u00e9xito<\/li><li>P\u00e1gina de la l\u00ednea de tiempo<\/li><li>Precios<\/li><li>Mi p\u00e1gina de instructor<\/li><li>P\u00e1gina Acerca de Nosotros<\/li><li>P\u00e1gina Acerca de Nosotros v2<\/li><li>P\u00e1gina de contacto<\/li><li>P\u00e1gina de preguntas frecuentes<\/li><\/ul>\n\n\n\n<p><strong>Caracter\u00edsticas<\/strong><\/p>\n\n\n\n<ul class=\"wp-block-list\"><li>1 Plantilla de encabezado para Theme Builder<\/li><li>1 Plantilla de pie de p\u00e1gina para Theme Builder<\/li><\/ul>","protected":false},"excerpt":{"rendered":"<p>Abra as portas da sua escola de idiomas educacional, jardim de inf\u00e2ncia, centro de idiomas e cursos de treinamento, escolas de idiomas, cursos de idiomas, cursos on-line, sistemas de gerenciamento de aprendizagem, escola de arte, sala de jogos, academia e qualquer tipo de sites de aprendizagem e educa\u00e7\u00e3o Com mais de 10 p\u00e1ginas diferentes para [&hellip;]<\/p>","protected":false},"featured_media":612,"comment_status":"closed","ping_status":"open","template":"","meta":{"_jf_limit_responses":"","iawp_total_views":34},"product_brand":[],"product_cat":[28,23,24],"product_tag":[19],"class_list":{"0":"post-611","1":"product","2":"type-product","3":"status-publish","4":"has-post-thumbnail","6":"product_cat-educacao-e-treinamento","7":"product_cat-templates-elementor-e-envato","8":"product_cat-templates-envato","9":"product_tag-vitalicio","11":"first","12":"instock","13":"downloadable","14":"virtual","15":"purchasable","16":"product-type-simple"},"_links":{"self":[{"href":"https:\/\/packdesites.com\/es\/wp-json\/wp\/v2\/product\/611","targetHints":{"allow":["GET"]}}],"collection":[{"href":"https:\/\/packdesites.com\/es\/wp-json\/wp\/v2\/product"}],"about":[{"href":"https:\/\/packdesites.com\/es\/wp-json\/wp\/v2\/types\/product"}],"replies":[{"embeddable":true,"href":"https:\/\/packdesites.com\/es\/wp-json\/wp\/v2\/comments?post=611"}],"version-history":[{"count":0,"href":"https:\/\/packdesites.com\/es\/wp-json\/wp\/v2\/product\/611\/revisions"}],"wp:featuredmedia":[{"embeddable":true,"href":"https:\/\/packdesites.com\/es\/wp-json\/wp\/v2\/media\/612"}],"wp:attachment":[{"href":"https:\/\/packdesites.com\/es\/wp-json\/wp\/v2\/media?parent=611"}],"wp:term":[{"taxonomy":"product_brand","embeddable":true,"href":"https:\/\/packdesites.com\/es\/wp-json\/wp\/v2\/product_brand?post=611"},{"taxonomy":"product_cat","embeddable":true,"href":"https:\/\/packdesites.com\/es\/wp-json\/wp\/v2\/product_cat?post=611"},{"taxonomy":"product_tag","embeddable":true,"href":"https:\/\/packdesites.com\/es\/wp-json\/wp\/v2\/product_tag?post=611"}],"curies":[{"name":"wp","href":"https:\/\/api.w.org\/{rel}","templated":true}]}}