{"id":609,"date":"2022-07-18T03:00:00","date_gmt":"2022-07-18T03:00:00","guid":{"rendered":"https:\/\/packdesites.com\/produto\/kidzy-ensino-fundamental\/"},"modified":"2025-04-03T00:30:03","modified_gmt":"2025-04-03T00:30:03","slug":"escuela-primaria-kidzy","status":"publish","type":"product","link":"https:\/\/packdesites.com\/es\/product\/escuela-primaria-kidzy\/","title":{"rendered":"Kidzy \u2013 Escuela Primaria"},"content":{"rendered":"<p>Kidzy es un kit de plantillas Elementor moderno y limpio, creado espec\u00edficamente para jardines de infancia y preescolares, ideal para guarder\u00edas o cualquier sitio web infantil. Esta plantilla tiene un dise\u00f1o atractivo y \u00fanico, con un dise\u00f1o 100% responsivo y compatible con pantallas retina, \u00a1y no requiere programaci\u00f3n!<\/p>\n\n\n\n<p>Este kit de plantillas incluye 10 plantillas impresionantes y cuidadosamente dise\u00f1adas; puede crear su sitio web comercial de aspecto profesional con solo un clic.<\/p>\n\n\n\n<p><strong>Plantillas de p\u00e1gina incluidas<\/strong><\/p>\n\n\n\n<ul class=\"wp-block-list\"><li>P\u00e1gina de inicio<\/li><li>P\u00e1gina de la clase<\/li><li>P\u00e1gina de detalles de la clase<\/li><li>P\u00e1gina de contacto<\/li><li>P\u00e1gina Acerca de Nosotros<\/li><li>P\u00e1gina del profesor<\/li><li>P\u00e1gina de detalles del profesor<\/li><li>P\u00e1gina de eventos y competiciones<\/li><li>P\u00e1gina de la galer\u00eda<\/li><li>P\u00e1gina de precios<\/li><\/ul>\n\n\n\n<p><strong>Caracter\u00edsticas<\/strong><\/p>\n\n\n\n<ol class=\"wp-block-list\"><li>Plantilla de encabezado para Theme Builder<\/li><li>Plantilla de pie de p\u00e1gina para Theme Builder<\/li><\/ol>\n\n\n\n<ul class=\"wp-block-list\"><li>Se requiere la actualizaci\u00f3n de Elementor Pro para algunas plantillas y funciones (no incluidas)<\/li><\/ul>\n\n\n\n<p><strong>C\u00f3mo instalar:<\/strong><\/p>\n\n\n\n<ol class=\"wp-block-list\"><li>Instala y activa el plugin &quot;Envato Elements&quot; en Plugins &gt; A\u00f1adir nuevo en WordPress. 2. No lo descomprimas. 3. Ve a Elementos &gt; Kits instalados y haz clic en el bot\u00f3n &quot;Subir kit de plantilla&quot;. 4. Antes de importar una plantilla, aseg\u00farate de que el bot\u00f3n &quot;Requisitos de instalaci\u00f3n&quot; est\u00e9 activado para activar los plugins necesarios. 5. Para obtener mejores resultados, no importes m\u00e1s de una plantilla a la vez.<\/li><\/ol>","protected":false},"excerpt":{"rendered":"<p>Kidzy \u00e9 um Template Kit Elementor moderno e limpo criado especialmente para o jardim de inf\u00e2ncia e pr\u00e9-escola, bem como se encaixa perfeitamente para creches ou qualquer site relacionado a crian\u00e7as. Este modelo tem um design bonito e exclusivo com um layout 100% responsivo, pronto para retina e sem uma \u00fanica linha de codifica\u00e7\u00e3o! Este [&hellip;]<\/p>","protected":false},"featured_media":610,"comment_status":"closed","ping_status":"open","template":"","meta":{"_jf_limit_responses":"","iawp_total_views":18},"product_brand":[],"product_cat":[23,24],"product_tag":[19],"class_list":{"0":"post-609","1":"product","2":"type-product","3":"status-publish","4":"has-post-thumbnail","6":"product_cat-templates-elementor-e-envato","7":"product_cat-templates-envato","8":"product_tag-vitalicio","10":"first","11":"instock","12":"downloadable","13":"virtual","14":"purchasable","15":"product-type-simple"},"_links":{"self":[{"href":"https:\/\/packdesites.com\/es\/wp-json\/wp\/v2\/product\/609","targetHints":{"allow":["GET"]}}],"collection":[{"href":"https:\/\/packdesites.com\/es\/wp-json\/wp\/v2\/product"}],"about":[{"href":"https:\/\/packdesites.com\/es\/wp-json\/wp\/v2\/types\/product"}],"replies":[{"embeddable":true,"href":"https:\/\/packdesites.com\/es\/wp-json\/wp\/v2\/comments?post=609"}],"version-history":[{"count":0,"href":"https:\/\/packdesites.com\/es\/wp-json\/wp\/v2\/product\/609\/revisions"}],"wp:featuredmedia":[{"embeddable":true,"href":"https:\/\/packdesites.com\/es\/wp-json\/wp\/v2\/media\/610"}],"wp:attachment":[{"href":"https:\/\/packdesites.com\/es\/wp-json\/wp\/v2\/media?parent=609"}],"wp:term":[{"taxonomy":"product_brand","embeddable":true,"href":"https:\/\/packdesites.com\/es\/wp-json\/wp\/v2\/product_brand?post=609"},{"taxonomy":"product_cat","embeddable":true,"href":"https:\/\/packdesites.com\/es\/wp-json\/wp\/v2\/product_cat?post=609"},{"taxonomy":"product_tag","embeddable":true,"href":"https:\/\/packdesites.com\/es\/wp-json\/wp\/v2\/product_tag?post=609"}],"curies":[{"name":"wp","href":"https:\/\/api.w.org\/{rel}","templated":true}]}}