{"id":607,"date":"2022-07-18T03:00:00","date_gmt":"2022-07-18T03:00:00","guid":{"rendered":"https:\/\/packdesites.com\/produto\/kidzena-jardim-de-infancia-e-pre-escolar\/"},"modified":"2025-04-03T00:30:01","modified_gmt":"2025-04-03T00:30:01","slug":"jardin-de-infancia-y-preescolar-kidzena","status":"publish","type":"product","link":"https:\/\/packdesites.com\/es\/product\/jardin-de-infancia-y-preescolar-kidzena\/","title":{"rendered":"Kidzena \u2013 Jard\u00edn de infancia y preescolar"},"content":{"rendered":"<p>Kidzena es un kit de plantillas de Elementor limpio y moderno, dise\u00f1ado espec\u00edficamente para jardines de infancia y preescolares, y es perfecto para guarder\u00edas o cualquier sitio web infantil. Esta plantilla presenta un dise\u00f1o atractivo y \u00fanico con un dise\u00f1o 100% responsivo y compatible con pantallas retina, \u00a1sin necesidad de escribir una sola l\u00ednea de c\u00f3digo!<\/p>\n\n\n\n<p>Este kit de plantillas incluye m\u00e1s de 16 plantillas impresionantes, con las que podr\u00e1 crear su sitio web comercial de aspecto profesional con solo un clic.<\/p>\n\n\n\n<p><strong>Caracter\u00edsticas:<\/strong><\/p>\n\n\n\n<ul class=\"wp-block-list\"><li>Uso de complementos gratuitos (no se requiere Elementor Pro)<\/li><li>Dise\u00f1o moderno, cl\u00e1sico y limpio<\/li><li>M\u00e1s de 16 plantillas listas para usar<\/li><li>Dise\u00f1o totalmente adaptable<\/li><li>Listo para retina<\/li><li>Totalmente personalizable<\/li><li>Compatibilidad entre navegadores: Chrome, Firefox, Safari, Opera<\/li><\/ul>\n\n\n\n<p><strong>Los modelos incluyen:<\/strong><\/p>\n\n\n\n<ul class=\"wp-block-list\"><li>Hogar<\/li><li>Quienes somos<\/li><li>Clase<\/li><li>Detalles de la clase<\/li><li>P\u00e1gina 404<\/li><li>Plan de precios<\/li><li>Noticias<\/li><li>Solo noticias<\/li><li>Maestro<\/li><li>PREGUNTAS FRECUENTES<\/li><li>Cont\u00e1ctanos<\/li><li>Metform \u2013 Formulario de contacto<\/li><li>Metform \u2013 Registro<\/li><li>Encabezamiento<\/li><li>Z\u00f3calo<\/li><li>Estilo tem\u00e1tico global<\/li><\/ul>\n\n\n\n<p><strong>Complemento requerido:<\/strong><\/p>\n\n\n\n<ul class=\"wp-block-list\"><li>Elementor<\/li><li>Kit de Elementor<\/li><li>Metform<\/li><\/ul>","protected":false},"excerpt":{"rendered":"<p>Kidzena \u00e9 um kit de modelo elementor moderno e limpo criado especialmente para o Jardim de Inf\u00e2ncia e Pr\u00e9-Escola, bem como se encaixa perfeitamente para creches ou qualquer site relacionado \u00e0 crian\u00e7a. Este modelo tem um design bonito e \u00fanico com um layout 100% responsivo, pronto para retina, e sem uma \u00fanica linha de codifica\u00e7\u00e3o! [&hellip;]<\/p>","protected":false},"featured_media":608,"comment_status":"closed","ping_status":"open","template":"","meta":{"_jf_limit_responses":"","iawp_total_views":24},"product_brand":[],"product_cat":[23,24],"product_tag":[19],"class_list":{"0":"post-607","1":"product","2":"type-product","3":"status-publish","4":"has-post-thumbnail","6":"product_cat-templates-elementor-e-envato","7":"product_cat-templates-envato","8":"product_tag-vitalicio","10":"first","11":"instock","12":"downloadable","13":"virtual","14":"purchasable","15":"product-type-simple"},"_links":{"self":[{"href":"https:\/\/packdesites.com\/es\/wp-json\/wp\/v2\/product\/607","targetHints":{"allow":["GET"]}}],"collection":[{"href":"https:\/\/packdesites.com\/es\/wp-json\/wp\/v2\/product"}],"about":[{"href":"https:\/\/packdesites.com\/es\/wp-json\/wp\/v2\/types\/product"}],"replies":[{"embeddable":true,"href":"https:\/\/packdesites.com\/es\/wp-json\/wp\/v2\/comments?post=607"}],"version-history":[{"count":0,"href":"https:\/\/packdesites.com\/es\/wp-json\/wp\/v2\/product\/607\/revisions"}],"wp:featuredmedia":[{"embeddable":true,"href":"https:\/\/packdesites.com\/es\/wp-json\/wp\/v2\/media\/608"}],"wp:attachment":[{"href":"https:\/\/packdesites.com\/es\/wp-json\/wp\/v2\/media?parent=607"}],"wp:term":[{"taxonomy":"product_brand","embeddable":true,"href":"https:\/\/packdesites.com\/es\/wp-json\/wp\/v2\/product_brand?post=607"},{"taxonomy":"product_cat","embeddable":true,"href":"https:\/\/packdesites.com\/es\/wp-json\/wp\/v2\/product_cat?post=607"},{"taxonomy":"product_tag","embeddable":true,"href":"https:\/\/packdesites.com\/es\/wp-json\/wp\/v2\/product_tag?post=607"}],"curies":[{"name":"wp","href":"https:\/\/api.w.org\/{rel}","templated":true}]}}