{"id":605,"date":"2022-07-18T03:00:00","date_gmt":"2022-07-18T03:00:00","guid":{"rendered":"https:\/\/packdesites.com\/produto\/kids-jardim-de-infancia\/"},"modified":"2025-04-03T00:29:58","modified_gmt":"2025-04-03T00:29:58","slug":"ninos-de-jardin-de-infantes","status":"publish","type":"product","link":"https:\/\/packdesites.com\/es\/product\/ninos-de-jardin-de-infantes\/","title":{"rendered":"Ni\u00f1os \u2013 Jard\u00edn de infancia"},"content":{"rendered":"<p>KIDS est\u00e1 dise\u00f1ado para jardines de infantes, guarder\u00edas, escuelas, aprendizaje, negocios de juegos o cualquier tipo de persona o empresa que quiera mostrar su trabajo, servicios y forma profesional.<\/p>\n\n\n\n<p><strong>Modelos:<\/strong><\/p>\n\n\n\n<ul class=\"wp-block-list\"><li>P\u00e1gina de inicio<\/li><li>Quienes somos<\/li><li>Clases<\/li><li>Profesores<\/li><li>Galer\u00eda<\/li><li>Cont\u00e1ctenos<\/li><li>Preguntas frecuentes<\/li><li>Evento \u00fanico<\/li><li>Clase \u00fanica<\/li><li>Maestro soltero<\/li><li>Testimonios<\/li><\/ul>\n\n\n\n<p><strong>Complementos necesarios:<\/strong><\/p>\n\n\n\n<ul class=\"wp-block-list\"><li>Elementor<\/li><li>Formulario de contacto 7<\/li><li>Complementos esenciales para Elementor<\/li><\/ul>","protected":false},"excerpt":{"rendered":"<p>\u200eO KIDS \u00e9 projetado para o jardim de inf\u00e2ncia, creche, escola, aprendizagem, neg\u00f3cios de playground ou qualquer tipo de pessoa ou empresa que queira mostrar seu trabalho, servi\u00e7os e forma profissional.\u200e \u200eModelos:\u200e \u200eP\u00e1gina inicial\u200e \u200eQuem somos\u200e Classes \u200eProfessores\u200e \u200eGaleria\u200e \u200eEntre em contato conosco\u200e \u200ePERGUNTAS FREQ\u00dcENTES\u200e \u200eEvento \u00danico\u200e \u200eClasse \u00danica\u200e \u200eProfessor Solteiro\u200e \u200eDepoimentos\u200e \u200ePlugins necess\u00e1rios:\u200e Elementor [&hellip;]<\/p>","protected":false},"featured_media":606,"comment_status":"closed","ping_status":"open","template":"","meta":{"_jf_limit_responses":"","iawp_total_views":44},"product_brand":[],"product_cat":[28,23,24],"product_tag":[19],"class_list":{"0":"post-605","1":"product","2":"type-product","3":"status-publish","4":"has-post-thumbnail","6":"product_cat-educacao-e-treinamento","7":"product_cat-templates-elementor-e-envato","8":"product_cat-templates-envato","9":"product_tag-vitalicio","11":"first","12":"instock","13":"downloadable","14":"virtual","15":"purchasable","16":"product-type-simple"},"_links":{"self":[{"href":"https:\/\/packdesites.com\/es\/wp-json\/wp\/v2\/product\/605","targetHints":{"allow":["GET"]}}],"collection":[{"href":"https:\/\/packdesites.com\/es\/wp-json\/wp\/v2\/product"}],"about":[{"href":"https:\/\/packdesites.com\/es\/wp-json\/wp\/v2\/types\/product"}],"replies":[{"embeddable":true,"href":"https:\/\/packdesites.com\/es\/wp-json\/wp\/v2\/comments?post=605"}],"version-history":[{"count":0,"href":"https:\/\/packdesites.com\/es\/wp-json\/wp\/v2\/product\/605\/revisions"}],"wp:featuredmedia":[{"embeddable":true,"href":"https:\/\/packdesites.com\/es\/wp-json\/wp\/v2\/media\/606"}],"wp:attachment":[{"href":"https:\/\/packdesites.com\/es\/wp-json\/wp\/v2\/media?parent=605"}],"wp:term":[{"taxonomy":"product_brand","embeddable":true,"href":"https:\/\/packdesites.com\/es\/wp-json\/wp\/v2\/product_brand?post=605"},{"taxonomy":"product_cat","embeddable":true,"href":"https:\/\/packdesites.com\/es\/wp-json\/wp\/v2\/product_cat?post=605"},{"taxonomy":"product_tag","embeddable":true,"href":"https:\/\/packdesites.com\/es\/wp-json\/wp\/v2\/product_tag?post=605"}],"curies":[{"name":"wp","href":"https:\/\/api.w.org\/{rel}","templated":true}]}}