{"id":601,"date":"2022-07-18T03:00:00","date_gmt":"2022-07-18T03:00:00","guid":{"rendered":"https:\/\/packdesites.com\/produto\/eureka-aprendizagem-online\/"},"modified":"2025-04-03T00:29:50","modified_gmt":"2025-04-03T00:29:50","slug":"aprendizaje-en-linea-eureka","status":"publish","type":"product","link":"https:\/\/packdesites.com\/es\/product\/aprendizaje-en-linea-eureka\/","title":{"rendered":"Eureka \u2013 Aprendizaje en l\u00ednea"},"content":{"rendered":"<p>Eureka is Modern es un kit de plantillas de Elementor para crear sitios web para tu negocio de forma r\u00e1pida y sencilla con el plugin Elementor Page Builder para WordPress. Este kit est\u00e1 optimizado para el tema gratuito Hello Elementor, pero es compatible con la mayor\u00eda de los temas compatibles con Elementor.<\/p>\n\n\n\n<p><strong>Plantillas de p\u00e1gina:<\/strong><\/p>\n\n\n\n<ul class=\"wp-block-list\">\n<li>P\u00e1gina de inicio<\/li>\n<li>En<\/li>\n<li>Curso<\/li>\n<li>Curso \u00fanico<\/li>\n<li>P\u00e1gina de perfil del profesor<\/li>\n<li>Noticias<\/li>\n<li>Noticias individuales<\/li>\n<li>Contacto<\/li>\n<li>Resultado de la b\u00fasqueda<\/li>\n<li>Soltero 404<\/li>\n<\/ul>\n\n\n\n<p><strong>Secciones y bloques:<\/strong><\/p>\n\n\n\n<ul class=\"wp-block-list\">\n<li>Encabezado principal<\/li>\n<li>Z\u00f3calo<\/li>\n<li>Diapositiva del h\u00e9roe<\/li>\n<li>Testimonio principal<\/li>\n<li>Carrusel de testimonios<\/li>\n<li>Curso de carrusel de 2 columnas<\/li>\n<li>Curso de carrusel de 3 columnas<\/li>\n<li>Gu\u00edas de cursos<\/li>\n<li>Gu\u00edas de preguntas y respuestas<\/li>\n<\/ul>\n\n\n\n<p><strong>Complementos necesarios (se instalar\u00e1n autom\u00e1ticamente):<\/strong><\/p>\n\n\n\n<ul class=\"wp-block-list\">\n<li>Elementor<\/li>\n<li>Complemento premium para Elementor<\/li>\n<li>Kit Elements Lite para Elementor<\/li>\n<li>Gu\u00eda XL<\/li>\n<\/ul>","protected":false},"excerpt":{"rendered":"<p>Eureka is Modern \u00e9 um Template Kit Elementor para criar sites de forma r\u00e1pida e f\u00e1cil para sua empresa usando o plugin Elementor Page Builder para WordPress. Este kit foi otimizado para uso com o tema Hello Elementor gratuito, mas pode ser usado com a maioria dos temas que suportam o Elementor. Modelos de p\u00e1gina: [&hellip;]<\/p>","protected":false},"featured_media":602,"comment_status":"closed","ping_status":"open","template":"","meta":{"_jf_limit_responses":"","iawp_total_views":40},"product_brand":[],"product_cat":[28,23,24],"product_tag":[19],"class_list":{"0":"post-601","1":"product","2":"type-product","3":"status-publish","4":"has-post-thumbnail","6":"product_cat-educacao-e-treinamento","7":"product_cat-templates-elementor-e-envato","8":"product_cat-templates-envato","9":"product_tag-vitalicio","11":"first","12":"instock","13":"downloadable","14":"virtual","15":"purchasable","16":"product-type-simple"},"_links":{"self":[{"href":"https:\/\/packdesites.com\/es\/wp-json\/wp\/v2\/product\/601","targetHints":{"allow":["GET"]}}],"collection":[{"href":"https:\/\/packdesites.com\/es\/wp-json\/wp\/v2\/product"}],"about":[{"href":"https:\/\/packdesites.com\/es\/wp-json\/wp\/v2\/types\/product"}],"replies":[{"embeddable":true,"href":"https:\/\/packdesites.com\/es\/wp-json\/wp\/v2\/comments?post=601"}],"version-history":[{"count":0,"href":"https:\/\/packdesites.com\/es\/wp-json\/wp\/v2\/product\/601\/revisions"}],"wp:featuredmedia":[{"embeddable":true,"href":"https:\/\/packdesites.com\/es\/wp-json\/wp\/v2\/media\/602"}],"wp:attachment":[{"href":"https:\/\/packdesites.com\/es\/wp-json\/wp\/v2\/media?parent=601"}],"wp:term":[{"taxonomy":"product_brand","embeddable":true,"href":"https:\/\/packdesites.com\/es\/wp-json\/wp\/v2\/product_brand?post=601"},{"taxonomy":"product_cat","embeddable":true,"href":"https:\/\/packdesites.com\/es\/wp-json\/wp\/v2\/product_cat?post=601"},{"taxonomy":"product_tag","embeddable":true,"href":"https:\/\/packdesites.com\/es\/wp-json\/wp\/v2\/product_tag?post=601"}],"curies":[{"name":"wp","href":"https:\/\/api.w.org\/{rel}","templated":true}]}}