{"id":589,"date":"2022-07-18T03:00:00","date_gmt":"2022-07-18T03:00:00","guid":{"rendered":"https:\/\/packdesites.com\/produto\/educatico-escola-de-educacao-e-cursos-on-line\/"},"modified":"2025-04-03T00:29:37","modified_gmt":"2025-04-03T00:29:37","slug":"escuela-de-educacion-y-cursos-en-linea","status":"publish","type":"product","link":"https:\/\/packdesites.com\/es\/product\/escuela-de-educacion-y-cursos-en-linea\/","title":{"rendered":"Educatico \u2013 Escuela de Educaci\u00f3n y Cursos en L\u00ednea"},"content":{"rendered":"<p>Educatico es un kit de plantillas moderno y creativo para el aprendizaje y\/o educaci\u00f3n en l\u00ednea. Tiene 12 plantillas predise\u00f1adas con un dise\u00f1o atractivo y un estilo moderno. Tambi\u00e9n puede utilizar este kit de plantillas creativas para cualquier tipo de negocio o servicio relacionado con la educaci\u00f3n.<\/p>\n\n\n\n<p><strong>Caracter\u00edsticas del dise\u00f1o:<\/strong><\/p>\n\n\n\n<ul class=\"wp-block-list\"><li>Dise\u00f1o moderno y profesional.<\/li><li>Creado con Elementor Pro<\/li><li>100% Responsivo y compatible con dispositivos m\u00f3viles<\/li><li>12 modelos predise\u00f1ados<\/li><li>F\u00e1cil de personalizar<\/li><li>Kit de plantillas creado con el tema Elementor Hello<\/li><\/ul>\n\n\n\n<p>Este kit requiere la actualizaci\u00f3n de Elementor Pro para algunas plantillas y funciones.<\/p>\n\n\n\n<p><strong>Qu\u00e9 incluye el Zip:<\/strong><\/p>\n\n\n\n<ul class=\"wp-block-list\"><li>P\u00e1gina principal<\/li><li>Sobre nosotros<\/li><li>Cursos<\/li><li>Curso \u00fanico<\/li><li>Contacto<\/li><li>Maestro<\/li><li>Archivo<\/li><li>Blog<\/li><li>Error 404<\/li><li>Evento<\/li><li>Galer\u00eda<\/li><li>Publicaci\u00f3n \u00fanica<\/li><\/ul>","protected":false},"excerpt":{"rendered":"<p>Educatico \u00e9 um template kits modernos e criativos para aprendizagem e ou educa\u00e7\u00e3o on-line. Tem 12 modelos pr\u00e9-constru\u00eddos com design legal e estilo moderno. Voc\u00ea tamb\u00e9m pode usar este template kit criativo para qualquer tipo de empresas ou servi\u00e7os relacionados \u00e0 educa\u00e7\u00e3o. Caracter\u00edsticas de layout: Design moderno e profissional Constru\u00eddo com Elementor Pro 100% Responsive [&hellip;]<\/p>","protected":false},"featured_media":590,"comment_status":"closed","ping_status":"open","template":"","meta":{"_jf_limit_responses":"","iawp_total_views":51},"product_brand":[],"product_cat":[28,23,24],"product_tag":[19],"class_list":{"0":"post-589","1":"product","2":"type-product","3":"status-publish","4":"has-post-thumbnail","6":"product_cat-educacao-e-treinamento","7":"product_cat-templates-elementor-e-envato","8":"product_cat-templates-envato","9":"product_tag-vitalicio","11":"first","12":"instock","13":"downloadable","14":"virtual","15":"purchasable","16":"product-type-simple"},"_links":{"self":[{"href":"https:\/\/packdesites.com\/es\/wp-json\/wp\/v2\/product\/589","targetHints":{"allow":["GET"]}}],"collection":[{"href":"https:\/\/packdesites.com\/es\/wp-json\/wp\/v2\/product"}],"about":[{"href":"https:\/\/packdesites.com\/es\/wp-json\/wp\/v2\/types\/product"}],"replies":[{"embeddable":true,"href":"https:\/\/packdesites.com\/es\/wp-json\/wp\/v2\/comments?post=589"}],"version-history":[{"count":0,"href":"https:\/\/packdesites.com\/es\/wp-json\/wp\/v2\/product\/589\/revisions"}],"wp:featuredmedia":[{"embeddable":true,"href":"https:\/\/packdesites.com\/es\/wp-json\/wp\/v2\/media\/590"}],"wp:attachment":[{"href":"https:\/\/packdesites.com\/es\/wp-json\/wp\/v2\/media?parent=589"}],"wp:term":[{"taxonomy":"product_brand","embeddable":true,"href":"https:\/\/packdesites.com\/es\/wp-json\/wp\/v2\/product_brand?post=589"},{"taxonomy":"product_cat","embeddable":true,"href":"https:\/\/packdesites.com\/es\/wp-json\/wp\/v2\/product_cat?post=589"},{"taxonomy":"product_tag","embeddable":true,"href":"https:\/\/packdesites.com\/es\/wp-json\/wp\/v2\/product_tag?post=589"}],"curies":[{"name":"wp","href":"https:\/\/api.w.org\/{rel}","templated":true}]}}