{"id":583,"date":"2022-07-18T03:00:00","date_gmt":"2022-07-18T03:00:00","guid":{"rendered":"https:\/\/packdesites.com\/produto\/edison-educacao-online\/"},"modified":"2025-04-03T00:29:29","modified_gmt":"2025-04-03T00:29:29","slug":"educacion-en-linea-de-edison","status":"publish","type":"product","link":"https:\/\/packdesites.com\/es\/product\/educacion-en-linea-de-edison\/","title":{"rendered":"Edison \u2013 Educaci\u00f3n en l\u00ednea"},"content":{"rendered":"<p>Edison es un kit de plantillas de educaci\u00f3n en l\u00ednea para el complemento Elementr Page Builder en WordPress. El mundo est\u00e1 cambiando y el aprendizaje en l\u00ednea es la forma m\u00e1s popular de adquirir nuevas habilidades. Por eso creamos una plantilla moderna y vibrante para plataformas educativas, cursos, seminarios web, capacitaciones, estudios, clases magistrales, etc. Estas son todas las p\u00e1ginas necesarias, como la descripci\u00f3n del curso, que puede ser una p\u00e1gina de inicio del curso, todos los cursos de la biblioteca, mediateca, profesores, preguntas frecuentes, precios y registro. Elementor est\u00e1 repleto de funciones potentes e intuitivas que ofrecen infinitas posibilidades. La plantilla viene con un conjunto completo de componentes de dise\u00f1o, blogs, listas y p\u00e1ginas de clases que le permiten crear un sitio web educativo real perfecto.<\/p>\n\n\n\n<p>Edison fue cuidadosamente elaborado por un dise\u00f1ador experimentado con gran atenci\u00f3n al detalle, la flexibilidad y el rendimiento, desarrollando espec\u00edficamente sitios web \u00fanicos basados en WordPress. Esta plantilla se cre\u00f3 con Elementor y Elementor Pro y se puede editar f\u00e1cilmente en Elementor y es compatible con la mayor\u00eda de los temas. La importaci\u00f3n de plantillas de algunos elementos y caracter\u00edsticas requiere la actualizaci\u00f3n de Elementor Pro.<\/p>\n\n\n\n<p><strong>P\u00e1ginas y dise\u00f1os<\/strong><\/p>\n\n\n\n<ul class=\"wp-block-list\"><li>Inicio<\/li><li>Acerca de<\/li><li>Todos los cursos<\/li><li>Contacto<\/li><li>Eventos<\/li><li>Preguntas frecuentes<\/li><li>Descripci\u00f3n del curso<\/li><li>Diario<\/li><li>Acceso<\/li><li>Mediateca<\/li><li>T\u00edtulo de la p\u00e1gina<\/li><li>P\u00e1gina de b\u00fasqueda<\/li><li>Publicaci\u00f3n \u00fanica<\/li><li>Profesores<\/li><li>Precios<\/li><\/ul>\n\n\n\n<p><strong>Secciones<\/strong><\/p>\n\n\n\n<ul class=\"wp-block-list\"><li>Men\u00fa de encabezado de Edison<\/li><li>Pie de p\u00e1gina de Edison<\/li><li>Bloque de direcci\u00f3n<\/li><li>Bloque de h\u00e9roe<\/li><li>Acerca del bloque de informaci\u00f3n<\/li><li>Estilo de bloque de banner 1<\/li><li>Estilo de bloque de pancarta 2<\/li><li>Estilo de bloque de banner 3<\/li><li>Estilo de bloque de pancarta 4<\/li><li>Estilo de bloque de banner 5<\/li><li>Bloque de cuadro de informaci\u00f3n de columna<\/li><li>Estilo de bloque de formulario de contacto 2<\/li><li>Bloque de formulario de contacto<\/li><li>Bloque de contador<\/li><li>Cajas de curso, estilo bloque 1<\/li><li>Cajas de curso, estilo bloque 2<\/li><li>Bloque de formulario de inscripci\u00f3n al curso<\/li><li>Bloque de descripci\u00f3n de la columna del cuadro del curso<\/li><li>Evento con bloque de contador<\/li><li>Bloque de cuadro de evento<\/li><li>Preguntas frecuentes sobre el bloque de acorde\u00f3n<\/li><li>Bloque de cuadros de informaci\u00f3n de caracter\u00edsticas<\/li><li>Bloque de cuadro de informaci\u00f3n de cuadr\u00edcula<\/li><li>Bloque de encabezado de imagen de h\u00e9roe<\/li><li>Bloque de animaci\u00f3n de encabezado de Hero Lottie<\/li><li>Cuadros de informaci\u00f3n con botones de bloqueo<\/li><li>Secci\u00f3n de informaci\u00f3n, estilo bloque 2<\/li><li>Bloque de secci\u00f3n de informaci\u00f3n<\/li><li>Bloque de tabla de precios<\/li><li>Bloque de descripci\u00f3n del curso del programa<\/li><li>Suscr\u00edbete al bloque CTA del formulario<\/li><li>Bloque del equipo docente<\/li><li>Testimonios y banner de bloque de informaci\u00f3n<\/li><li>Bloque de testimonios en color bg<\/li><li>Declaraciones de bloqueo en blanco y negro<\/li><li>Bloque de cuadr\u00edcula de v\u00eddeo<\/li><li>V\u00eddeo con bloque de descripci\u00f3n<\/li><\/ul>\n\n\n\n<p><strong>Caracter\u00edsticas del modelo Edison<\/strong><\/p>\n\n\n\n<ul class=\"wp-block-list\"><li>Estilos de temas globales incluidos<\/li><li>53 plantillas de Elementor<\/li><li>Dise\u00f1o de p\u00edxeles perfectos<\/li><li>Fluido Responsive 100%<\/li><li>Estilo limpio y sencillo<\/li><li>F\u00e1cil de usar y personalizar<\/li><li>Compatible con todos los navegadores principales: Chrome, Firefox, Safari, Edge, Opera<\/li><li>Fuentes de Google gratuitas usadas<\/li><li>\u00cdconos proporcionados por Font Awesome 5 Pro<\/li><li>Probado en un simulador de daltonismo<\/li><li>100% SEO amigable<\/li><li>Optimizado para Elementor Pro<\/li><li>El dise\u00f1o cumple con los requisitos WCAG 2<\/li><\/ul>","protected":false},"excerpt":{"rendered":"<p>\u200eEdison \u00e9 um kit de modelo de educa\u00e7\u00e3o online para o plugin Elementr Page Builder no WordPress. O mundo est\u00e1 mudando, e o estudo online \u00e9 a maneira mais popular de obter novas habilidades. \u00c9 por isso que criamos um modelo moderno e vibrante para plataformas de educa\u00e7\u00e3o, cursos, webinars, treinamento, estudo, masterclasses, etc. S\u00e3o [&hellip;]<\/p>","protected":false},"featured_media":584,"comment_status":"closed","ping_status":"open","template":"","meta":{"_jf_limit_responses":"","iawp_total_views":66},"product_brand":[],"product_cat":[28,23,24],"product_tag":[19],"class_list":{"0":"post-583","1":"product","2":"type-product","3":"status-publish","4":"has-post-thumbnail","6":"product_cat-educacao-e-treinamento","7":"product_cat-templates-elementor-e-envato","8":"product_cat-templates-envato","9":"product_tag-vitalicio","11":"first","12":"instock","13":"downloadable","14":"virtual","15":"purchasable","16":"product-type-simple"},"_links":{"self":[{"href":"https:\/\/packdesites.com\/es\/wp-json\/wp\/v2\/product\/583","targetHints":{"allow":["GET"]}}],"collection":[{"href":"https:\/\/packdesites.com\/es\/wp-json\/wp\/v2\/product"}],"about":[{"href":"https:\/\/packdesites.com\/es\/wp-json\/wp\/v2\/types\/product"}],"replies":[{"embeddable":true,"href":"https:\/\/packdesites.com\/es\/wp-json\/wp\/v2\/comments?post=583"}],"version-history":[{"count":0,"href":"https:\/\/packdesites.com\/es\/wp-json\/wp\/v2\/product\/583\/revisions"}],"wp:featuredmedia":[{"embeddable":true,"href":"https:\/\/packdesites.com\/es\/wp-json\/wp\/v2\/media\/584"}],"wp:attachment":[{"href":"https:\/\/packdesites.com\/es\/wp-json\/wp\/v2\/media?parent=583"}],"wp:term":[{"taxonomy":"product_brand","embeddable":true,"href":"https:\/\/packdesites.com\/es\/wp-json\/wp\/v2\/product_brand?post=583"},{"taxonomy":"product_cat","embeddable":true,"href":"https:\/\/packdesites.com\/es\/wp-json\/wp\/v2\/product_cat?post=583"},{"taxonomy":"product_tag","embeddable":true,"href":"https:\/\/packdesites.com\/es\/wp-json\/wp\/v2\/product_tag?post=583"}],"curies":[{"name":"wp","href":"https:\/\/api.w.org\/{rel}","templated":true}]}}