{"id":581,"date":"2022-07-18T03:00:00","date_gmt":"2022-07-18T03:00:00","guid":{"rendered":"https:\/\/packdesites.com\/produto\/educacao-a-distancia-centro-de-idiomas-e-cursos-de-treinamento\/"},"modified":"2025-04-03T00:29:27","modified_gmt":"2025-04-03T00:29:27","slug":"centro-de-idiomas-a-distancia-y-cursos-de-formacion","status":"publish","type":"product","link":"https:\/\/packdesites.com\/es\/product\/centro-de-idiomas-a-distancia-y-cursos-de-formacion\/","title":{"rendered":"Educaci\u00f3n a Distancia \u2013 Centro de Idiomas y Cursos de Formaci\u00f3n"},"content":{"rendered":"<p>El Kit de Plantillas Elementor permite crear sitios web de forma r\u00e1pida y sencilla para centros de idiomas y servicios de tutor\u00eda, as\u00ed como para instituciones educativas como universidades, escuelas, programas de formaci\u00f3n y cursos, utilizando el plugin Elementor Page Builder para WordPress. Este kit est\u00e1 optimizado para su uso con el tema gratuito Hello Elementor, pero es compatible con la mayor\u00eda de los temas compatibles con Elementor. Presenta un dise\u00f1o contempor\u00e1neo, limpio y fresco.<\/p>\n\n\n\n<p><strong>Caracter\u00edsticas<\/strong><\/p>\n\n\n\n<ul class=\"wp-block-list\"><li>M\u00e1s de 15 demostraciones predise\u00f1adas;<\/li><li>Optimizado para motores de b\u00fasqueda;<\/li><li>Dise\u00f1o ultra responsivo;<\/li><li>Retina lista;<\/li><li>Totalmente personalizable;<\/li><li>Potente y ligero;<\/li><li>Compatibilidad entre navegadores: Firefox, Chrome, Safari, Opera<\/li><li>Personalizaci\u00f3n real sin c\u00f3digo con un generador visual de arrastrar y soltar<\/li><li>Personalice fuentes y colores en un solo lugar o ajuste elementos individuales<\/li><\/ul>\n\n\n\n<p><strong>Complementos necesarios (incluidos)<\/strong><\/p>\n\n\n\n<ul class=\"wp-block-list\"><li>ElementsKit Lite<\/li><li>Extensiones para Elementor<\/li><li>Elementor<\/li><li>Se requiere la actualizaci\u00f3n de Elementor Pro para algunas plantillas y funciones (no incluidas)<\/li><\/ul>","protected":false},"excerpt":{"rendered":"<p>O Kit de Modelo elementor \u00e9 um Kit de Modelo Elementor para criar sites r\u00e1pidos e facilmente para centros de anguage e servi\u00e7os de tutoria, bem como estabelecimentos de ensino como faculdades e escolas, treinamentos e cursos usando o plugin Elementor Page Builder para WordPress. Este kit foi otimizado para uso com o tema gratuito [&hellip;]<\/p>","protected":false},"featured_media":582,"comment_status":"closed","ping_status":"open","template":"","meta":{"_jf_limit_responses":"","iawp_total_views":15},"product_brand":[],"product_cat":[23,24],"product_tag":[19],"class_list":{"0":"post-581","1":"product","2":"type-product","3":"status-publish","4":"has-post-thumbnail","6":"product_cat-templates-elementor-e-envato","7":"product_cat-templates-envato","8":"product_tag-vitalicio","10":"first","11":"instock","12":"downloadable","13":"virtual","14":"purchasable","15":"product-type-simple"},"_links":{"self":[{"href":"https:\/\/packdesites.com\/es\/wp-json\/wp\/v2\/product\/581","targetHints":{"allow":["GET"]}}],"collection":[{"href":"https:\/\/packdesites.com\/es\/wp-json\/wp\/v2\/product"}],"about":[{"href":"https:\/\/packdesites.com\/es\/wp-json\/wp\/v2\/types\/product"}],"replies":[{"embeddable":true,"href":"https:\/\/packdesites.com\/es\/wp-json\/wp\/v2\/comments?post=581"}],"version-history":[{"count":0,"href":"https:\/\/packdesites.com\/es\/wp-json\/wp\/v2\/product\/581\/revisions"}],"wp:featuredmedia":[{"embeddable":true,"href":"https:\/\/packdesites.com\/es\/wp-json\/wp\/v2\/media\/582"}],"wp:attachment":[{"href":"https:\/\/packdesites.com\/es\/wp-json\/wp\/v2\/media?parent=581"}],"wp:term":[{"taxonomy":"product_brand","embeddable":true,"href":"https:\/\/packdesites.com\/es\/wp-json\/wp\/v2\/product_brand?post=581"},{"taxonomy":"product_cat","embeddable":true,"href":"https:\/\/packdesites.com\/es\/wp-json\/wp\/v2\/product_cat?post=581"},{"taxonomy":"product_tag","embeddable":true,"href":"https:\/\/packdesites.com\/es\/wp-json\/wp\/v2\/product_tag?post=581"}],"curies":[{"name":"wp","href":"https:\/\/api.w.org\/{rel}","templated":true}]}}