{"id":575,"date":"2022-07-18T03:00:00","date_gmt":"2022-07-18T03:00:00","guid":{"rendered":"https:\/\/packdesites.com\/produto\/boston-escolar-e-universitario\/"},"modified":"2025-04-03T00:29:16","modified_gmt":"2025-04-03T00:29:16","slug":"escuela-y-universidad-de-boston","status":"publish","type":"product","link":"https:\/\/packdesites.com\/es\/product\/escuela-y-universidad-de-boston\/","title":{"rendered":"Boston \u2013 Escuela y universidad"},"content":{"rendered":"<p>Presentamos el kit de plantillas de la Escuela y Universidad de Boston. Puede utilizar este kit de plantillas para su proyecto escolar, universitario o institucional. Es un dise\u00f1o con funciones completas de informaci\u00f3n acad\u00e9mica, investigaci\u00f3n, servicio p\u00fablico, eventos, etc. Este funciona con Elementor, por lo que es f\u00e1cil de modificar y desarrollar. Obtenga esta plantilla para impulsar su proyecto de sitio web acad\u00e9mico.<\/p>\n\n\n\n<p><strong>Plantillas de p\u00e1gina:<\/strong><\/p>\n\n\n\n<ul class=\"wp-block-list\"><li>P\u00e1gina de inicio<\/li><li>P\u00e1gina Acerca de Nosotros<\/li><li>P\u00e1gina acad\u00e9mica<\/li><li>P\u00e1gina del evento<\/li><li>P\u00e1gina de noticias<\/li><li>P\u00e1gina de noticias \u00fanica<\/li><li>P\u00e1gina de resultados de b\u00fasqueda<\/li><li>P\u00e1gina 404<\/li><li>P\u00e1ginas de contacto<\/li><\/ul>\n\n\n\n<p><strong>Secci\u00f3n y bloques:<\/strong><\/p>\n\n\n\n<ul class=\"wp-block-list\"><li>Encabezamiento<\/li><li>Z\u00f3calo<\/li><li>Gu\u00edas de eventos<\/li><li>Gu\u00edas de noticias<\/li><li>Gu\u00edas gr\u00e1ficas<\/li><\/ul>\n\n\n\n<p><strong>Complementos necesarios (se instalar\u00e1n autom\u00e1ticamente):<\/strong><\/p>\n\n\n\n<ul class=\"wp-block-list\"><li>Elementor<\/li><li>Complementos esenciales para Elementor<\/li><li>Complemento premium para Elementor<\/li><li>Graphina<\/li><\/ul>","protected":false},"excerpt":{"rendered":"<p>Apresentando o Template Kit da Boston School and University. Voc\u00ea pode usar este template kit para o projeto da sua escola, universidade ou institui\u00e7\u00e3o. \u00c9 design com recursos completos de informa\u00e7\u00f5es acad\u00eamicas, pesquisa, servi\u00e7o p\u00fablico, evento e assim por diante. Isso \u00e9 alimentado com Elementor, portanto, \u00e9 f\u00e1cil de modificar e desenvolver. Obtenha este modelo [&hellip;]<\/p>","protected":false},"featured_media":576,"comment_status":"closed","ping_status":"open","template":"","meta":{"_jf_limit_responses":"","iawp_total_views":24},"product_brand":[],"product_cat":[33,23,24],"product_tag":[19],"class_list":{"0":"post-575","1":"product","2":"type-product","3":"status-publish","4":"has-post-thumbnail","6":"product_cat-entretenimento-e-midia","7":"product_cat-templates-elementor-e-envato","8":"product_cat-templates-envato","9":"product_tag-vitalicio","11":"first","12":"instock","13":"downloadable","14":"virtual","15":"purchasable","16":"product-type-simple"},"_links":{"self":[{"href":"https:\/\/packdesites.com\/es\/wp-json\/wp\/v2\/product\/575","targetHints":{"allow":["GET"]}}],"collection":[{"href":"https:\/\/packdesites.com\/es\/wp-json\/wp\/v2\/product"}],"about":[{"href":"https:\/\/packdesites.com\/es\/wp-json\/wp\/v2\/types\/product"}],"replies":[{"embeddable":true,"href":"https:\/\/packdesites.com\/es\/wp-json\/wp\/v2\/comments?post=575"}],"version-history":[{"count":0,"href":"https:\/\/packdesites.com\/es\/wp-json\/wp\/v2\/product\/575\/revisions"}],"wp:featuredmedia":[{"embeddable":true,"href":"https:\/\/packdesites.com\/es\/wp-json\/wp\/v2\/media\/576"}],"wp:attachment":[{"href":"https:\/\/packdesites.com\/es\/wp-json\/wp\/v2\/media?parent=575"}],"wp:term":[{"taxonomy":"product_brand","embeddable":true,"href":"https:\/\/packdesites.com\/es\/wp-json\/wp\/v2\/product_brand?post=575"},{"taxonomy":"product_cat","embeddable":true,"href":"https:\/\/packdesites.com\/es\/wp-json\/wp\/v2\/product_cat?post=575"},{"taxonomy":"product_tag","embeddable":true,"href":"https:\/\/packdesites.com\/es\/wp-json\/wp\/v2\/product_tag?post=575"}],"curies":[{"name":"wp","href":"https:\/\/api.w.org\/{rel}","templated":true}]}}